{"id":85,"date":"2023-04-03T19:28:49","date_gmt":"2023-04-03T17:28:49","guid":{"rendered":"https:\/\/consolatozurigo.esteri.it\/?page_id=85"},"modified":"2024-11-27T10:45:30","modified_gmt":"2024-11-27T09:45:30","slug":"anagrafe-degli-italiani-residenti-allestero-aire","status":"publish","type":"page","link":"https:\/\/conscasablanca.esteri.it\/it\/servizi-consolari-e-visti\/servizi-per-il-cittadino-italiano\/anagrafe-degli-italiani-residenti-allestero-aire\/","title":{"rendered":"Anagrafe degli Italiani residenti all\u2019estero (AIRE)"},"content":{"rendered":"<p><a href=\"https:\/\/conscasablanca.esteri.it\/consolato_casablanca\/it\/i_servizi\/per_i_cittadini\/anagrafe#info\"><strong>1. Informazione generale<\/strong><\/a><br \/>\n<a href=\"https:\/\/conscasablanca.esteri.it\/consolato_casablanca\/it\/i_servizi\/per_i_cittadini\/anagrafe#chi\"><strong>2. Chi si deve iscrivere all&#8217;AIRE<\/strong><\/a><br \/>\n<a href=\"https:\/\/conscasablanca.esteri.it\/consolato_casablanca\/it\/i_servizi\/per_i_cittadini\/anagrafe#mod\"><strong>3. Modalit\u00e0 per chiedere l&#8217;iscrizione\/variazione AIRE<\/strong><\/a><br \/>\n<a href=\"https:\/\/conscasablanca.esteri.it\/consolato_casablanca\/it\/i_servizi\/per_i_cittadini\/anagrafe#iscrizione\"><strong>4. Iscrizione AIRE di minorenni conviventi con un solo genitore<\/strong><\/a><br \/>\n<a href=\"https:\/\/conscasablanca.esteri.it\/consolato_casablanca\/it\/i_servizi\/per_i_cittadini\/anagrafe#mod5\"><strong>5. Modifiche della residenza all&#8217;estero (cambio indirizzo, trasferimento ad altri paesi)<\/strong><\/a><br \/>\n<a href=\"https:\/\/conscasablanca.esteri.it\/consolato_casablanca\/it\/i_servizi\/per_i_cittadini\/anagrafe#canc\"><strong>6. Cancellazione dall&#8217;AIRE (rimpatrio in Italia, irreperibilit\u00e0, perdita della cittadinanza, decesso)<\/strong><\/a><br \/>\n<a href=\"https:\/\/conscasablanca.esteri.it\/consolato_casablanca\/it\/i_servizi\/per_i_cittadini\/anagrafe#trasf\"><strong>7. Trasferimento AIRE\/AIRE (cambio del Comune AIRE)<\/strong><\/a><\/p>\n<p><strong>1. <a name=\"info\"><\/a>Informazione generale<\/strong><br \/>\nL\u2019Anagrafe degli Italiani Residenti all\u2019Estero (A.I.R.E.) \u00e8 stata istituita con legge 27 ottobre 1988, n. 470.<\/p>\n<p>Essa \u00e8 gestita dai Comuni italiani e dal Ministero dell\u2019Interno sulla base delle informazioni provenienti dagli Uffici consolari. Dato che l&#8217;unico ente titolare delle funzioni anagrafiche \u00e8 il Comune italiano, la richiesta d&#8217;iscrizione all\u2019AIRE viene inoltrata al Comune competente, il quale provvede all&#8217;aggiornamento della posizione di residenza e delle liste elettorali.<\/p>\n<p>L&#8217;iscrizione AIRE comporta la cancellazione dalla residenza dal territorio della Repubblica (cancellazione dall&#8217;A.P.R. &#8211; Anagrafe della Popolazione Residente). Una volta effettuata viene notificata direttamente dal Comune al cittadino. La mancata notifica da parte del Comune non comporta necessariamente una mancata iscrizione all&#8217;AIRE. <strong>Per eventuali verifiche i cittadini dovranno interpellare direttamente il proprio Comune, e NON l&#8217;ufficio consolare.<\/strong><br \/>\nL\u2019iscrizione all\u2019AIRE, una volta perfezionata, produrr\u00e0 i suoi effetti a decorrere dalla data in cui il cittadino aveva presentato l\u2019istanza all\u2019Ufficio Consolare (D.L 25 marzo 2019 n.22 art.16 comma 3).<br \/>\nLa legge consente anche di anticipare la dichiarazione di trasferimento all&#8217;estero quando si lascia l&#8217;Italia (c.d. &#8220;pre-iscrizione&#8221;); in questi casi va comunque effettuata entro 90 giorni dall&#8217;espatrio la richiesta di iscrizione presso l&#8217;Ufficio Consolare competente.<br \/>\nL&#8217;iscrizione all&#8217;A.I.R.E. \u00e8 a titolo <strong>GRATUITO<\/strong>, oltre ad identificarsi come un diritto-dovere che comporta per i cittadini italiani la possibilit\u00e0 di usufruire dei servizi consolari (rilascio documenti e dichiarazioni, passaporti, assistenza, atti notarili, stato civile, ecc.), di ottenere certificati dal Comune di iscrizione A.I.R.E. e dal Consolato nella cui circoscrizione sono residenti nonch\u00e9 di esercitare con regolarit\u00e0 il diritto di voto.<br \/>\nS&#8217;informa che i tempi di evasione delle richieste AIRE\/AIRE, non ritenute pratiche urgenti, sono indicativamente di 90 giorni. I casi di particolare emergenza dovranno essere specificamente segnalati e motivati al Consolato, e dovranno essere valutati dall&#8217;ufficio.<\/p>\n<p><strong>2. <a name=\"chi\"><\/a>Chi si deve iscrivere all\u2019AIRE<\/strong><br \/>\nI cittadini italiani che per legge <strong>si devono<\/strong> obbligatoriamente iscrivere all\u2019AIRE sono:<br \/>\n\u2022 i cittadini che trasferiscono la propria residenza all\u2019estero per periodi superiori a 12 mesi; la dichiarazione deve essere presentata entro 90 giorni dall\u2019espatrio definitivo<br \/>\n\u2022 quelli che gi\u00e0 risiedono all&#8217;estero, sia perch\u00e9 nati all\u2019estero che per successivo acquisto della cittadinanza italiana a qualsiasi titolo<\/p>\n<p><strong>Non devono<\/strong> iscriversi all\u2019AIRE invece:<br \/>\n\u2022 le persone che si recano all\u2019estero per un periodo di tempo inferiore ad un anno (per es.: lavoratori stagionali, studenti) e che devono quindi mantenere la residenza in Italia<br \/>\n\u2022 i dipendenti di ruolo dello Stato in servizio all\u2019estero, che siano notificati ai sensi delle Convenzioni di Vienna sulle relazioni diplomatiche e sulle relazioni consolari rispettivamente del 1961 e del 1963<br \/>\n\u2022 i dirigenti scolastici, docenti e personale amministrativo della scuola collocati fuori ruolo ed inviati all&#8217;estero nell&#8217;ambito di attivit\u00e0 scolastiche fuori dal territorio nazionale<br \/>\n\u2022 i militari italiani in servizio presso gli uffici e le strutture della NATO dislocate all\u2019estero<\/p>\n<p><strong>3. <a name=\"mod\"><\/a>Modalit\u00e0 per chiedere l\u2019iscrizione\/variazione AIRE<\/strong><\/p>\n<p>A) tramite il <a href=\"https:\/\/serviziconsolarionline.esteri.it\/ScoFE\/index.sco\">portale FAST IT<\/a> (Farnesina Servizi Telematici per Italiani all&#8217;estero &#8211; ex &#8220;SECOLI&#8221;) previa registrazione dell&#8217;utente nel sistema; il portale permette al cittadino di chiedere l&#8217;iscrizione AIRE compilando on-line il modulo di iscrizione ed allegando il documento d&#8217;identit\u00e0 e la prova di residenza di tutti i membri della famiglia. Dopo la registrazione e dopo aver attivato il proprio account, \u00e8 necessario accedere nuovamente al portale e aprire una pratica AIRE selezionando \u201cAnagrafe Consolare e AIRE\u201d tra i servizi disponibili.<br \/>\nIn caso di qualsiasi problema di natura informatica non verr\u00e0 dato supporto tecnico e pertanto si consiglia di fare la richiesta via mail o per posta (punto B). I messaggi del portale FAST IT sono unidirezionali e servono unicamente a notificare eventuali rifiuti o problemi delle pratiche presentate. Non si dar\u00e0 risposta ad eventuali conversazioni avviate tramite il portale.<\/p>\n<p>&nbsp;<\/p>\n<p>B) <strong>se non si dispone di PC, stampante o scanner<\/strong> oppure in caso di problemi tecnici &#8211; poich\u00e9 non \u00e8 possibile fornire assistenza personalizzata &#8211; la richiesta si pu\u00f2 presentare:<br \/>\n&#8211; per posta cartacea in busta chiusa indirizzata al Consolato Generale (21, Avenue Hassan Souktani &#8211; Casablanca)<br \/>\n&#8211; per e-mail all\u2019indirizzo: casablanca.consolare@esteri.it<\/p>\n<p>inviando:<br \/>\n\u00b7 apposito modulo firmato dal dichiarante (<a href=\"https:\/\/conscasablanca.esteri.it\/wp-content\/uploads\/2024\/11\/MODULO-NUOVO-ISCRIZIONE-AIRE-3-FIGLI.doc\">clicca qui<\/a>)<br \/>\n\u00b7 fotocopia dei documenti d\u2019identit\u00e0 italiani di tutti i componenti del nucleo familiare che sono residenti all&#8217;estero e che vivono nella stessa abitazione (passaporto, carta d&#8217;identit\u00e0); in caso di coniuge straniero copia del passaporto nazionale (facoltativo)<br \/>\n\u00b7 prova di residenza: permesso di soggiorno o certificato di residenza rilasciato dalle Autorit\u00e0 Marocchine, copia del contratto di lavoro, copia del contratto d\u2019affitto; oppure fatture relative ad utenze di pubblici servizi: telefono fisso, acqua, luce o gas.<\/p>\n<p>C) presentandosi di persona, solo su appuntamento: <a href=\"https:\/\/prenotami.esteri.it\/\">clicca qui<\/a><\/p>\n<p><strong>NON \u00c8 PERMESSO L&#8217;INVIO DI RICHIESTE DI SERVIZI CONSOLARI CONTESTUALMENTE ALLA RICHIESTA DI ISCRIZIONE ALL&#8217;AIRE<\/strong> (PER ES.: RICHIESTA PASSAPORTO, CARTA D&#8217;IDENTIT\u00c0, CERTIFICATI, ECC.). Tali servizi potranno essere richiesti ed erogati solo dopo la ricezione dell&#8217;avviso formale di avvio della procedura di iscrizione\/variazione AIRE al Comune competente, che verr\u00e0 inviata al cittadino presso la sua casella email personale.<\/p>\n<p><em>Ciascun componente del nucleo familiare maggiorenne dovr\u00e0 compilare il proprio modulo mentre per i figli minorenni il modulo verr\u00e0 compilato e firmato da uno dei genitori. Sar\u00e0 cura del Comune italiano notificare, direttamente agli interessati, l&#8217;avvenuta iscrizione nei registri AIRE.<\/em><\/p>\n<p><strong>4. <a name=\"iscrizione\"><\/a>Iscrizione all\u2019AIRE di minori conviventi con un solo genitore<\/strong><br \/>\nSi precisa che l&#8217;iscrizione AIRE di un minorenne ha come unico scopo quello di attestare l&#8217;effettiva residenza (ovvero l&#8217;abituale dimora) del cittadino all&#8217;estero e pertanto prescinde da eventuali contestazioni derivanti da provvedimenti dell&#8217;autorit\u00e0 giudiziaria italiana o locale.<br \/>\nEntrambi i genitori di un minorenne hanno la responsabilit\u00e0 genitoriale che si esercita di comune accordo tenendo conto delle capacit\u00e0, delle inclinazioni naturali e delle aspirazioni del figlio. I genitori di comune accordo stabiliscono quindi la residenza abituale del minore. La richiesta di iscrizione\/variazione AIRE di un minore non convivente con entrambi i genitori deve essere sottoscritta da entrambi gli esercenti la responsabilit\u00e0 genitoriale e corredata dalle copie dei documenti d&#8217;identit\u00e0 di entrambi i firmatari.<br \/>\nIn difetto dell&#8217;espressione di volont\u00e0 di entrambi i genitori, la domanda dovr\u00e0 essere integrata con il consenso mancante. Il consenso deve essere attuale, cio\u00e8 espresso in tempi ravvicinati o comunque richiamarsi espressamente alla domanda di variazione della residenza. Qualora l&#8217;istante dichiari l&#8217;inesistenza dell&#8217;altro consenso, ad esempio per morte dell&#8217;altro genitore o per provvedimento giurisdizionale interdittivo della sua genitorialit\u00e0, o perch\u00e9 il minore \u00e8 stato riconosciuto da un solo genitore, dovr\u00e0 fornire evidenza documentale. Qualora l&#8217;istante dichiari invece la semplice impossibilit\u00e0 di ottenere il consenso dell&#8217;altro genitore (non solo, ad esempio, nel caso di irreperibilit\u00e0 dello stesso, ma soprattutto in caso di mero disinteresse) dovr\u00e0 fornire le ultime coordinate conosciute dove egli risulta potenzialmente rintracciabile, intendendo come tali non solo l&#8217;indirizzo, ma anche eventuali contatti telefonici o di posta elettronica. Per le modalit\u00e0 di iscrizione vedere il punto 3.<\/p>\n<p><strong>5. <a name=\"mod5\"><\/a>Modifiche della residenza all\u2019estero (cambio di indirizzo, trasferimento ad altri paesi)<\/strong><br \/>\nDopo aver ottenuto l&#8217;iscrizione nell&#8217;AIRE dal Comune competente, i cittadini devono mantenere aggiornata la propria posizione anagrafica, comunicando tempestivamente all&#8217;Ufficio Consolare competente qualsiasi modifica della residenza all&#8217;estero:<\/p>\n<p>\u2022 cambio dell&#8217;indirizzo di residenza all&#8217;interno della stessa circoscrizione consolare;<br \/>\n\u2022 trasferimento ad un altro Paese all&#8217;estero oppure alla circoscrizione consolare di competenza dell\u2019Ambasciata d\u2019Italia a Rabat (in ogni caso sar\u00e0 necessario presentare nuova richiesta d\u2019iscrizione all&#8217;Ufficio consolare competente per la nuova residenza);<\/p>\n<p>La variazione di indirizzo all\u2019interno della stessa circoscrizione consolare pu\u00f2 essere comunicato:<br \/>\nA) tramite il <a href=\"https:\/\/serviziconsolarionline.esteri.it\/ScoFE\/index.sco\">portale FAST IT<\/a><br \/>\nB) tramite mail all\u2019indirizzo <a href=\"mailto:casablanca.consolare@esteri.it\">casablanca.consolare@esteri.it<\/a>\u00a0 allegando la scansione dell\u2019apposito modulo compilato e firmato (<a href=\"http:\/\/conscasablanca.esteri.it\/consolato_casablanca\/resource\/doc\/2021\/03\/modulo_cambio_indirizzo.doc\" target=\"_blank\" rel=\"noopener\">cliccare qui<\/a>), il certificato di residenza rilasciato dalle Autorit\u00e0 Marocchine e copia del documento di identit\u00e0 del dichiarante.<br \/>\nC) per posta ordinaria inviando il modulo firmato (cliccare qui) accompagnato da un certificato di residenza rilasciato dalle Autorit\u00e0 Marocchine e copia del documento di identit\u00e0 del dichiarante, in busta chiusa indirizzata alla Consolato Generale d\u2019Italia, 21, Avenue Hassan Souktani \u2013 Casablanca.<\/p>\n<p>\u00c8 necessario comunicare l\u2019aggiornamento anche per modifiche dello stato civile o per l\u2019eventuale trascrizione in Italia degli atti stranieri (matrimonio, nascita, divorzio, morte, etc.)<\/p>\n<p><strong>6. <a name=\"canc\"><\/a>Cancellazione dall\u2019AIRE (rimpatrio, irreperibilit\u00e0, perdita cittadinanza, decesso)<\/strong><\/p>\n<p><strong>Rimpatrio<\/strong><\/p>\n<p>&#8211; I cittadini <strong>iscritti AIRE<\/strong> che rientrano definitivamente in Italia <strong>dovranno presentarsi presso il Comune<\/strong> dove hanno deciso di stabilirsi per <strong>dichiarare il nuovo indirizzo di residenza<\/strong>.<\/p>\n<p>&#8211; Nella stessa data il <strong>Comune<\/strong> provveder\u00e0 alla <strong>cancellazione dall\u2019AIRE<\/strong> con <strong>contestuale iscrizione in APR<\/strong> (Anagrafe Popolazione Residente).<\/p>\n<p>&#8211; \u00c8 <strong>cura del Comune comunicare ufficialmente la data di decorrenza del rimpatrio al Consolato di provenienza<\/strong> che\u00a0\u00a0 registrer\u00e0 nei propri schedari consolari il rimpatrio.<\/p>\n<p>Secondo la <strong>normativa vigente<\/strong>, l&#8217;<strong>Ufficio consolare<\/strong> \u00e8 <strong>competente a trasmettere al Comune italiano<\/strong> le dichiarazioni fornite dai <strong>cittadini residenti nella circoscrizione consolare<\/strong> solo relativamente all&#8217;<strong>espatrio<\/strong> e alla <strong>residenza all\u2019estero, ma non relativamente al rimpatrio<\/strong> (DL 71\/2011, art. 9, Anagrafe degli italiani residenti all&#8217;estero &#8211; AIRE). Sulla base dei dati contenuti nello schedario consolare (art. 8 del DL 71\/2011) l&#8217;ufficio consolare della circoscrizione di immigrazione o di residenza provvede a trasmettere al comune italiano competente i dati richiesti dalla legislazione in materia di anagrafe degli italiani residenti all&#8217;estero (AIRE). I dati sono relativi alle dichiarazioni fornite dai cittadini italiani che trasferiscono la propria residenza da un comune italiano all&#8217;estero, ovvero a quelle relative alla residenza all&#8217;estero, nonch\u00e9 a quelle concernenti il cambiamento di residenza o di abitazione all&#8217;estero. La Legge 470\/88 (art. 4.1, lett. a), e 5.1) e il DPR 223\/1989 (art.13) indicano la competenza degli Ufficiali di anagrafe dei Comuni a raccogliere le dichiarazioni anagrafiche per il trasferimento dall\u2019estero, a provvedere alla cancellazione dalle anagrafi degli italiani all\u2019estero e alla comunicazione agli Uffici consolari interessati.<\/p>\n<p>La <strong>cancellazione dall&#8217;Aire per rimpatrio<\/strong> con il conseguente aggiornamento dello schedario consolare <strong>pu\u00f2 avvenire solo in seguito alla conferma dell&#8217;iscrizione del cittadino presso l&#8217;APR da parte del Comune italiano<\/strong>, che ripristina la residenza anagrafica e l&#8217;iscrizione nell&#8217;elenco degli elettori nel territorio della Repubblica e ne d\u00e0 comunicazione all&#8217;Ufficio consolare.<\/p>\n<p>Altri motivi di cancellazione dell&#8217;AIRE sono:<\/p>\n<ul>\n<li>per irreperibilit\u00e0, in particolare quando non risulti pi\u00f9 valido l\u2019indirizzo all\u2019estero (per questo motivo \u00e8 fondamentale comunicare tempestivamente le variazioni di indirizzo). Qualora l&#8217;<strong>Ufficio consolare abbia notizia<\/strong> che il <strong>cittadino<\/strong> italiano iscritto nella propria circoscrizione consolare <strong>abbia lasciato il territorio<\/strong>, in mancanza di conferma di rimpatrio dello stesso da parte del Comune italiano e di iscrizione in APR, <strong>dovr\u00e0 procedere<\/strong> alla <strong>richiesta di cancellazione per irreperibilit\u00e0<\/strong>, previa verifica del fatto che l&#8217;indirizzo di recapito non \u00e8 pi\u00f9 attuale.<\/li>\n<li>per perdita della cittadinanza italiana<\/li>\n<li>per decesso (compresa la morte presunta giudizialmente dichiarata)<\/li>\n<\/ul>\n<p><strong>7. <a name=\"trasf\"><\/a>Trasferimento AIRE\/AIRE (cambio del Comune AIRE)<\/strong><\/p>\n<p>I cittadini gi\u00e0 iscritti nell&#8217;AIRE di un Comune possono richiedere di spostare tale iscrizione presso un altro Comune, presentando apposita domanda nei casi previsti dalla legge, che sono solo quelli indicati di seguito:<br \/>\n1. trasferimento nell&#8217;AIRE di un Comune nella cui APR (Anagrafe della popolazione residente in Italia) sono iscritti membri del nucleo familiare<br \/>\n2. trasferimento nell&#8217;AIRE di un Comune nella cui AIRE sono gi\u00e0 iscritti membri del nucleo familiare<\/p>\n<p>In casi diversi da questi due sopra elencati, il trasferimento \u00e8 soggetto alla valutazione dei due Comuni interessati. In caso di accettazione della domanda di trasferimento AIRE, viene spostata anche l&#8217;iscrizione nelle liste elettorali del nuovo Comune.<\/p>\n<p>Per spostare assieme a s\u00e9 i figli minorenni \u00e8 necessario allegare una dichiarazione di assenso firmata da entrambi i genitori. I figli maggiorenni invece devono presentare una richiesta di trasferimento individuale.<\/p>\n","protected":false},"excerpt":{"rendered":"1. Informazione generale 2. Chi si deve iscrivere all&#8217;AIRE 3. Modalit\u00e0 per chiedere l&#8217;iscrizione\/variazione AIRE 4. Iscrizione AIRE di minorenni conviventi con un solo genitore 5. Modifiche della residenza all&#8217;estero (cambio indirizzo, trasferimento ad altri paesi) 6. Cancellazione dall&#8217;AIRE (rimpatrio in Italia, irreperibilit\u00e0, perdita della cittadinanza, decesso) 7. Trasferimento AIRE\/AIRE (cambio del Comune AIRE) 1. [&hellip;]","protected":false},"author":1,"featured_media":0,"parent":59,"menu_order":4,"comment_status":"closed","ping_status":"closed","template":"","meta":{"footnotes":""},"class_list":["post-85","page","type-page","status-publish","hentry"],"_links":{"self":[{"href":"https:\/\/conscasablanca.esteri.it\/it\/wp-json\/wp\/v2\/pages\/85","targetHints":{"allow":["GET"]}}],"collection":[{"href":"https:\/\/conscasablanca.esteri.it\/it\/wp-json\/wp\/v2\/pages"}],"about":[{"href":"https:\/\/conscasablanca.esteri.it\/it\/wp-json\/wp\/v2\/types\/page"}],"author":[{"embeddable":true,"href":"https:\/\/conscasablanca.esteri.it\/it\/wp-json\/wp\/v2\/users\/1"}],"replies":[{"embeddable":true,"href":"https:\/\/conscasablanca.esteri.it\/it\/wp-json\/wp\/v2\/comments?post=85"}],"version-history":[{"count":6,"href":"https:\/\/conscasablanca.esteri.it\/it\/wp-json\/wp\/v2\/pages\/85\/revisions"}],"predecessor-version":[{"id":2140,"href":"https:\/\/conscasablanca.esteri.it\/it\/wp-json\/wp\/v2\/pages\/85\/revisions\/2140"}],"up":[{"embeddable":true,"href":"https:\/\/conscasablanca.esteri.it\/it\/wp-json\/wp\/v2\/pages\/59"}],"wp:attachment":[{"href":"https:\/\/conscasablanca.esteri.it\/it\/wp-json\/wp\/v2\/media?parent=85"}],"curies":[{"name":"wp","href":"https:\/\/api.w.org\/{rel}","templated":true}]}}