{"id":84,"date":"2023-04-03T19:28:33","date_gmt":"2023-04-03T17:28:33","guid":{"rendered":"https:\/\/consolatozurigo.esteri.it\/?page_id=84"},"modified":"2024-09-16T18:51:40","modified_gmt":"2024-09-16T17:51:40","slug":"emergency-travel-documents-etd","status":"publish","type":"page","link":"https:\/\/conscasablanca.esteri.it\/it\/servizi-consolari-e-visti\/servizi-per-il-cittadino-italiano\/emergency-travel-documents-etd\/","title":{"rendered":"Emergency Travel Documents (E.T.D.)"},"content":{"rendered":"<p style=\"text-align: center;\"><strong>AVVISO IMPORTANTE<\/strong><\/p>\n<p>Si informa l&#8217;utenza che <strong>l&#8217;Emergency Travel Document (ETD)<\/strong> verr\u00e0 rilasciato <strong><u>esclusivamente<\/u><\/strong> nelle seguenti circostanze:<\/p>\n<ol>\n<li><strong>Smarrimento del passaporto;<\/strong><\/li>\n<li><strong>Furto del passaporto;<\/strong><\/li>\n<li><strong>Danneggiamento o deterioramento del passaporto.<\/strong><\/li>\n<\/ol>\n<p style=\"text-align: justify;\">In caso di furto o smarrimento \u00e8 <strong><u>obbligatoria<\/u><\/strong> l&#8217;esibizione di regolare denuncia presentata alle autorit\u00e0 locali competenti.<\/p>\n<p style=\"text-align: justify;\">In caso di passaporto danneggiato, bisogner\u00e0 invece presentarsi al Consolato con il documento danneggiato, per le opportune verifiche.<\/p>\n<p><strong>SI AVVERTE CHE:<\/strong><\/p>\n<ul>\n<li style=\"text-align: justify;\">L&#8217;E.T.D. <strong><u>NON<\/u><\/strong> verr\u00e0 rilasciato <strong><u>in caso di passaporto scaduto<\/u><\/strong>.<\/li>\n<li style=\"text-align: justify;\">\u00c8 responsabilit\u00e0 esclusiva del viaggiatore verificare la validit\u00e0 del proprio documento di viaggio <strong><u>prima<\/u><\/strong> di intraprendere qualsiasi spostamento.<\/li>\n<li style=\"text-align: justify;\">Non saranno fatte eccezioni per chi si presenter\u00e0 con un passaporto scaduto, indipendentemente dalle circostanze.<\/li>\n<\/ul>\n<p style=\"text-align: justify;\">Si ricorda che viaggiare con un documento valido \u00e8 un obbligo di Legge.<\/p>\n<p style=\"text-align: justify;\">La mancata verifica della scadenza del proprio passaporto non costituisce motivo valido per il rilascio di un ETD.<\/p>\n<p style=\"text-align: center;\"><strong>ATTENZIONE:<\/strong><\/p>\n<p style=\"text-align: justify;\"><span style=\"text-decoration: underline;\">Presentarsi all&#8217;estero con un passaporto scaduto pu\u00f2 comportare gravi conseguenze, inclusa l&#8217;impossibilit\u00e0 di proseguire il viaggio o di fare ritorno nel Paese di residenza<\/span>.<\/p>\n<p style=\"text-align: justify;\"><span style=\"text-decoration: underline;\">Si invita pertanto l&#8217;utenza a controllare con largo anticipo la validit\u00e0 dei propri documenti di viaggio e a provvedere al rinnovo in tempo utile, qualora necessario<\/span>.<\/p>\n<p>&nbsp;<\/p>\n<p style=\"font-weight: 400; text-align: justify;\">Nei casi sopra descritti il Consolato Generale pu\u00f2 rilasciare ai turisti italiani che si trovino in questa circoscrizione consolare un documento provvisorio chiamato E.T.D. (Emergency Travel Document), con <span style=\"text-decoration: underline;\">validit\u00e0 massima di 5 giorni<\/span> a partire dalla data del rilascio, e <span style=\"text-decoration: underline;\">valido\u00a0per il solo rientro immediato e diretto<\/span> in Italia o nel Paese di residenza abituale previa iscrizione all&#8217;AIRE di quel Paese.<\/p>\n<p style=\"text-align: justify;\"><strong>A CHI RIVOLGERSI:<\/strong> Per ottenere un documento di viaggio occorre presentarsi in Consolato <strong><span style=\"text-decoration: underline;\">senza appuntamento,<\/span><\/strong> almeno 2 giorni prima della partenza,\u00a0 dal luned\u00ec al giovedi dalle 9 alle 13.<br \/>\nAl di fuori di tali orari, NON sar\u00e0 possibile rilasciare gli ETD, se non in casi di particolare, comprovata emergenza.<a href=\"https:\/\/conscasablanca.esteri.it\/consolato_casablanca\/solato_Casablanca\/Menu\/I_Servizi\/Per_i_cittadini\/Assistenza\/Emergenze_Consolari\"><br \/>\n<\/a><br \/>\n<strong>ETD PER MAGGIORENNI<\/strong>. <span style=\"text-decoration: underline;\">Documentazione da presentare<\/span>:<\/p>\n<ul>\n<li style=\"font-weight: 400; text-align: justify;\">denuncia di furto o smarrimento del passaporto effettuata presso la locale Autorit\u00e0 di Polizia;<\/li>\n<li style=\"font-weight: 400; text-align: justify;\">n. 2 fotografie frontali a colori, formato tessera, su sfondo bianco;<\/li>\n<li style=\"font-weight: 400; text-align: justify;\">se disponibile, un altro documento identificativo italiano (per esempio: patente di guida)<em> ovvero<\/em> la fotocopia del passaporto rubato\/smarrito, <em>in alternativa<\/em> presenza di un testimone, munito di documento d&#8217;identit\u00e0, che sia in grado di identificare il richiedente (in questo caso \u00e8 richiesta una terza foto). In mancanza del testimone e senza la copia del passaporto smarrito\/rubato e se ritenuto necessario, il Consolato Generale si riserva di effettuare ulteriori accertamenti e l\u2019ETD verr\u00e0 rilasciato soltanto dopo l\u2019esito degli stessi;<\/li>\n<li style=\"font-weight: 400; text-align: justify;\">copia del titolo di viaggio di rientro immediato e diretto con destinazione finale nel Paese di residenza (biglietto aereo, o stampa della prenotazione del viaggio, o carta d&#8217;imbarco);<\/li>\n<\/ul>\n<p style=\"text-align: justify;\"><span style=\"text-decoration: underline;\">Il costo<\/span> di un E.T.D. \u00e8 di circa euro 1,55.<\/p>\n<p style=\"text-align: justify;\"><strong>ETD PER MINORENNI<\/strong>.<br \/>\nIn caso di smarrimento\/furto del passaporto di minori, i due genitori (o chi ne fa le veci) dovranno fare richiesta del documento di viaggio provvisorio con la stessa procedura, presentantosi personalmente presso il Consolato Generale con il minore.<\/p>\n<p style=\"font-weight: 400;\">Per maggiori informazioni, e-mail d\u2019ufficio : <a href=\"mailto:casablanca.passaporti@esteri.it\">casablanca.passaporti@esteri.it<\/a><\/p>\n","protected":false},"excerpt":{"rendered":"AVVISO IMPORTANTE Si informa l&#8217;utenza che l&#8217;Emergency Travel Document (ETD) verr\u00e0 rilasciato esclusivamente nelle seguenti circostanze: Smarrimento del passaporto; Furto del passaporto; Danneggiamento o deterioramento del passaporto. In caso di furto o smarrimento \u00e8 obbligatoria l&#8217;esibizione di regolare denuncia presentata alle autorit\u00e0 locali competenti. In caso di passaporto danneggiato, bisogner\u00e0 invece presentarsi al Consolato con [&hellip;]","protected":false},"author":1,"featured_media":0,"parent":59,"menu_order":2,"comment_status":"closed","ping_status":"closed","template":"","meta":{"footnotes":""},"class_list":["post-84","page","type-page","status-publish","hentry"],"_links":{"self":[{"href":"https:\/\/conscasablanca.esteri.it\/it\/wp-json\/wp\/v2\/pages\/84","targetHints":{"allow":["GET"]}}],"collection":[{"href":"https:\/\/conscasablanca.esteri.it\/it\/wp-json\/wp\/v2\/pages"}],"about":[{"href":"https:\/\/conscasablanca.esteri.it\/it\/wp-json\/wp\/v2\/types\/page"}],"author":[{"embeddable":true,"href":"https:\/\/conscasablanca.esteri.it\/it\/wp-json\/wp\/v2\/users\/1"}],"replies":[{"embeddable":true,"href":"https:\/\/conscasablanca.esteri.it\/it\/wp-json\/wp\/v2\/comments?post=84"}],"version-history":[{"count":6,"href":"https:\/\/conscasablanca.esteri.it\/it\/wp-json\/wp\/v2\/pages\/84\/revisions"}],"predecessor-version":[{"id":1612,"href":"https:\/\/conscasablanca.esteri.it\/it\/wp-json\/wp\/v2\/pages\/84\/revisions\/1612"}],"up":[{"embeddable":true,"href":"https:\/\/conscasablanca.esteri.it\/it\/wp-json\/wp\/v2\/pages\/59"}],"wp:attachment":[{"href":"https:\/\/conscasablanca.esteri.it\/it\/wp-json\/wp\/v2\/media?parent=84"}],"curies":[{"name":"wp","href":"https:\/\/api.w.org\/{rel}","templated":true}]}}