{"id":67,"date":"2023-04-03T19:27:59","date_gmt":"2023-04-03T17:27:59","guid":{"rendered":"https:\/\/consolatozurigo.esteri.it\/?page_id=67"},"modified":"2025-10-10T13:33:49","modified_gmt":"2025-10-10T12:33:49","slug":"passaporti-e-carte-didentita","status":"publish","type":"page","link":"https:\/\/conscasablanca.esteri.it\/it\/servizi-consolari-e-visti\/servizi-per-il-cittadino-italiano\/passaporti-e-carte-didentita\/","title":{"rendered":"Passaporti e Carte d\u2019identit\u00e0"},"content":{"rendered":"<div>\n<p><strong>PASSAPORTI<\/strong><\/p>\n<\/div>\n<p>&nbsp;<\/p>\n<p><img loading=\"lazy\" decoding=\"async\" class=\"alignnone size-medium wp-image-261 img-fluid\" src=\"https:\/\/conscasablanca.esteri.it\/wp-content\/uploads\/2023\/10\/passaporto_1-300x199.jpg\" alt=\"\" width=\"300\" height=\"199\" srcset=\"https:\/\/conscasablanca.esteri.it\/wp-content\/uploads\/2023\/10\/passaporto_1-300x199.jpg 300w, https:\/\/conscasablanca.esteri.it\/wp-content\/uploads\/2023\/10\/passaporto_1-768x510.jpg 768w, https:\/\/conscasablanca.esteri.it\/wp-content\/uploads\/2023\/10\/passaporto_1.jpg 960w\" sizes=\"auto, (max-width: 300px) 100vw, 300px\" \/><\/p>\n<p>&nbsp;<\/p>\n<div>\n<p><strong>Sono un cittadino italiano maggiorenne, residente nella Circoscrizione consolare di Casablanca e iscritto all\u2019AIRE, cosa devo fare per ottenere il rilascio di un nuovo passaporto?<\/strong><\/p>\n<p>Per il rilascio di un nuovo passaporto i cittadini italiani residenti nella circoscrizione di competenza di questo Consolato Generale dovranno prendere un appuntamento tramite il portale <strong>Prenot@mi<\/strong> (<a href=\"https:\/\/prenotami.esteri.it\/\" target=\"_blank\" rel=\"noopener\">clicca qui per accedere al portale<\/a>).<\/p>\n<p>Nel caso di genitori di figli minori, a partire dal 14 giugno 2023 non \u00e8 pi\u00f9 necessario presentare l\u2019atto di assenso dell\u2019altro genitore ai fini del rilascio del proprio documento d\u2019identit\u00e0 (passaporto e CIE), ai sensi del D.L. 69\/2023.<\/p>\n<p>Il novellato articolo 3-bis della L. 1185\/1967 indica che, quando vi \u00e8 concreto e attuale pericolo che a causa del trasferimento all&#8217;estero questo possa sottrarsi all&#8217;adempimento dei suoi obblighi verso i figli, sar\u00e0 possibile per l\u2019altro genitore richiedere una inibitoria al rilascio del documento.<\/p>\n<p>L\u2019istanza potr\u00e0 essere presentata presso il giudice competente presso il Tribunale ordinario in cui il minore ha la residenza abituale ovvero, se il minore \u00e8 residente all\u2019estero, il Tribunale nel cui circondario si trova il suo Comune di iscrizione AIRE.<\/p>\n<p>E&#8217; necessario quindi, ai fini del rilascio del passaporto, presentare un&#8217;autocertificazione che attesti l&#8217;assenza di provvedimenti inibitori (<a href=\"https:\/\/conscasablanca.esteri.it\/consolato_casablanca\/resource\/doc\/2023\/06\/dichiarazione_assenza_ostative_passaporto.docx\">clicca qui per scaricare il modulo<\/a>).<\/p>\n<p>&nbsp;<\/p>\n<p>&nbsp;<\/p>\n<p><strong>Quale documenti si devono presentare il giorno dell\u2019appuntamento?<\/strong><\/p>\n<p>1. Passaporto precedente o, se trattasi del primo passaporto, carta d\u2019identit\u00e0 o altro documento di riconoscimento;<\/p>\n<p>2. <a href=\"https:\/\/conscasablanca.esteri.it\/wp-content\/uploads\/2024\/02\/DOMANDA-DI-RILASCIO-PASSAPORTO.doc\">Modulo di Domanda di Rilascio Passaporto<\/a>, compilato in ogni parte;<\/p>\n<p>3. Due fotografie recenti (frontali 35 x 40 mm, a colori, su sfondo bianco).<\/p>\n<p>4. La somma di 1.255,00 Dirhams, in contanti. <strong>(l&#8217;importo pu\u00f2 variare a seconda della fluttuazione dei tassi di cambio tra euro e dirham)<\/strong><\/p>\n<p>5. Eventuale dichiarazione di assenza di inibitorie (vedi sopra)<\/p>\n<p>&nbsp;<\/p>\n<p><strong>Coloro che NON risiedono in questa circoscrizione consolare possono richiedere il rilascio del passaporto?<\/strong><\/p>\n<p>Il passaporto \u00e8 rilasciato dall\u2019Ufficio consolare o dalla Questura del luogo di residenza. In caso di furto o smarrimento del passaporto, il Consolato Generale d\u2019Italia a Casablanca pu\u00f2 rilasciare un nuovo passaporto dopo avere ricevuto il Nulla Osta (autorizzazione) e la delega dalla Questura o dall\u2019Ufficio consolare competente per residenza del richiedente. I tempi di consegna in questi casi potrebbero prolungarsi.<\/p>\n<p>&nbsp;<\/p>\n<p><strong>Cosa si deve fare per richiedere il rilascio di un passaporto per un figlio minore?<\/strong><\/p>\n<p>Per il rilascio di un passaporto per un figlio minore, bisogna compilare il\u00a0<a href=\"https:\/\/conscasablanca.esteri.it\/wp-content\/uploads\/2024\/02\/DOMANDA-DI-RILASCIO-PASSAPORTO-MINORE.doc\" target=\"_blank\" rel=\"noopener\">Modulo di Domanda di Rilascio Passaporto a Minore<\/a> inoltre \u00e9 necessario l\u2019assenso scritto di entrambi i genitori, indipendentemente dalla cittadinanza degli stessi ed anche se separati o divorziati.<\/p>\n<p>Se uno dei genitori NON \u00e8 cittadino italiano, questi si dovr\u00e0 presentare obbligatoriamente in Consolato il giorno dell\u2019appuntamento per il rilascio del passaporto, munito di un documento di riconoscimento valido.<\/p>\n<p>Nel caso in cui il genitore straniero non si trovi in Marocco, questi potr\u00e0 recarsi alla Questura o al Comune in Italia o presso la Rappresentanza italiana a lui pi\u00f9 vicina per rilasciare il proprio assenso che verr\u00e0 trasmesso a questo Consolato via PEC direttamente dall\u2019Autorit\u00e0 che lo ha ricevuto.<\/p>\n<p>&nbsp;<\/p>\n<p><strong>Cosa si deve fare in caso di mancato assenso dell\u2019altro genitore?<\/strong><\/p>\n<p>Nel caso in cui non sia possibile ottenere l\u2019assenso da parte dell\u2019altro genitore, sar\u00e0 necessario richiedere l\u2019apposito decreto rilasciato dal competente Giudice Tutelare. Il Console Generale a Casablanca esercita le funzioni di Giudice Tutelare per i minori residenti e presenti nella Circoscrizione Consolare. Se invece il minore \u00e8 residente in Italia, il decreto dovr\u00e0 essere richiesto al Tribunale dei Minori territorialmente competente.<\/p>\n<p>&nbsp;<\/p>\n<p><strong>Cosa fare in caso di smarrimento o furto di passaporto?<\/strong><\/p>\n<p>L\u2019interessato deve immediatamente fare denuncia di furto\/smarrimento alle Autorit\u00e0 locali di Polizia. I residenti nella circoscrizione consolare e iscritti all\u2019AIRE potranno richiedere il rilascio di un nuovo passaporto. Ai non residenti, il Consolato potr\u00e0 rilasciare un ETD.<\/p>\n<p>&nbsp;<\/p>\n<p><strong>I minori di et\u00e0 inferiore ai quattordici anni possono viaggiare senza essere accompagnati da uno dei due genitori?<\/strong><\/p>\n<p>I minori italiani di et\u00e0 inferiore ai quattordici anni che viaggiano all\u2019estero non accompagnati da uno dei due genitori (o da chi ne fa le veci) devono disporre di una specifica autorizzazione dell\u2019Ufficio consolare competente. Detta autorizzazione viene rilasciata sulla base di una dichiarazione di accompagnamento (<a href=\"https:\/\/conscasablanca.esteri.it\/wp-content\/uploads\/2024\/02\/DICHIARAZIONE-DI-ACCOMPAGNAMENTO.doc\">per il modulo cliccare qui<\/a>) sottoscritta dagli esercenti la responsabilit\u00e0 genitoriale o tutoria, presso il Consolato Generale, dove sia riportato il nome della persona o dell\u2019ente cui il minore \u00e8 affidato. La dichiarazione di accompagnamento dovr\u00e0 essere rinnovata ogni qualvolta il minore infra-quattordicenne oltrepassi i confini nazionali (ovvero, in caso di residenza all\u2019estero, i confini del Paese di residenza). Il termine massimo di validit\u00e0 della dichiarazione \u00e8 di 6 mesi.<\/p>\n<\/div>\n<h4><\/h4>\n<h4 class=\"entry-title h3\">CARTA D&#8217;IDENTITA&#8217;\u00a0 ELETTRONICA<\/h4>\n<p><img decoding=\"async\" class=\"sFlh5c FyHeAf\" src=\"https:\/\/encrypted-tbn0.gstatic.com\/images?q=tbn:ANd9GcSc4kUzUifjrc17rsdsNkCV1J1kCkLx_Xxpow&amp;s\" alt=\"Nuove scadenze delle Carta di identit\u00e0 elettronica (C.I.E.) adeguate alle disposizioni dell'UE\" data-ilt=\"1760098408345\" \/><\/p>\n<h4 class=\"entry-title h3\">La CIE pu\u00f2 essere richiesta:<\/h4>\n<ul>\n<li>in sostituzione di una carta di identit\u00e0 cartacea valida;<\/li>\n<li>da chi non sia in possesso di un\u2019altra carta d\u2019identit\u00e0 valida;<\/li>\n<li>in caso di furto o smarrimento di una carta di identit\u00e0 cartacea valida, presentando la relativa denuncia (tradotta e con apostille).<\/li>\n<\/ul>\n<p><strong>Come si richiede la carta d\u2019identit\u00e0 elettronica (CIE)?<\/strong><\/p>\n<p>La richiesta della carta d\u2019identit\u00e0 elettronica deve essere presentata utilizzando esclusivamente la piattaforma <strong>Prenot@MI<\/strong> \u2013 selezionando <strong>DOCUMENTI DI IDENTITA\u2019\/VIAGGIO<\/strong>-Carta d&#8217;identit\u00e0. <strong>Si ricorda che la prenotazione \u00e8 singola\u00a0<\/strong><\/p>\n<p>&nbsp;<\/p>\n<p><strong>\u00c8 possibile chiedere l\u2019appuntamento per i miei figli minori?<\/strong><\/p>\n<p>S\u00ec. In fase di prenotazione dell\u2019appuntamento occorre indicare i dati del minore in \u201cNote\u201d e specificare l\u2019oggetto della richiesta.<\/p>\n<p><strong>Qual \u00e8 la documentazione necessaria da portare con s\u00e9 al momento dell\u2019appuntamento per richiedere la carta d\u2019identit\u00e0 elettronica (CIE)?<\/strong><\/p>\n<p>Il richiedente deve presentarsi munito di:<\/p>\n<ul>\n<li>Modulo di richiesta della CIE per maggiorenni;<\/li>\n<li>Una fototessera a norma biometrica (recente, frontale, a sfondo bianco, a colori formato 35 x 45 mm);<\/li>\n<li>Carta di identit\u00e0 \/ passaporto in corso di validit\u00e0 o dichiarazione di smarrimento\/furto di carta identit\u00e0 se del caso;<\/li>\n<li>Modulo di richiesta della CIE e atto di assenso di entrambi i genitori nel caso in cui il richiedente sia un minore di 18 anni;<\/li>\n<li>La ricevuta di conferma dell\u2019appuntamento.<\/li>\n<\/ul>\n<p><strong>Quali operazioni sono effettuate il giorno dell\u2019appuntamento?<\/strong><\/p>\n<p>Il giorno dell\u2019appuntamento, l\u2019operatore consolare acquisisce la documentazione indicata al punto precedente, effettua il riconoscimento e la verifica della foto ed acquisisce le impronte digitali e la firma (salvo per i minori di anni 12).<\/p>\n<p><strong>Come si riceve la carta d\u2019identit\u00e0 elettronica (CIE)?<\/strong><\/p>\n<p>La CIE \u00e8 emessa dal Ministero dell\u2019Interno e prodotta dall\u2019Istituto Poligrafico e Zecca dello Stato.<\/p>\n<p>La Carta d\u2019Identit\u00e0 Elettronica <strong>NON<\/strong> viene rilasciata a vista, bens\u00ec viene spedita a mezzo posta raccomandata presso l\u2019indirizzo del richiedente. In caso di mancata consegna, la CIE viene ripostalizzata verso l\u2019ufficio consolare che informer\u00e0 il richiedente per il rilascio presso la cancelleria consolare.<\/p>\n<p>Al momento dell\u2019appuntamento, i connazionali dovranno fornire un contatto telefonico al quale siano raggiungibili e una mail valida.<\/p>\n<p><strong>Quanto tempo vale la carta d\u2019identit\u00e0 elettronica (CIE)?<\/strong><\/p>\n<p>La validit\u00e0 della carta d\u2019identit\u00e0 varia a seconda dell\u2019et\u00e0 del titolare ed \u00e8 di:<\/p>\n<ul>\n<li>3 anni per i minori di et\u00e0 compresa tra 0 e 3 anni;<\/li>\n<li>5 anni per i minori di et\u00e0 compresa tra 4 e 17 anni;<\/li>\n<li>10 anni per i maggiorenni.<\/li>\n<\/ul>\n<p><strong>Cos\u2019\u00e8 l\u2019atto di assenso?<\/strong><\/p>\n<p>L\u2019assenso per il rilascio della carta di identit\u00e0 per minorenni \u00e8 necessario anche in caso di genitori non sposati, separati o divorziati.<\/p>\n<p>Se l\u2019altro genitore \u00e8 un cittadino comunitario, non \u00e8 necessaria la presenza in Consolato. Sar\u00e0 sufficiente il modulo CIE compilato e firmato, insieme a una fotocopia del passaporto o carta d\u2019identit\u00e0 del genitore che concede l\u2019assenso, per il confronto delle firme.<\/p>\n<p>Se il genitore che concede l\u2019assenso \u00e8 un cittadino extracomunitario, la firma della dichiarazione d\u2019assenso potr\u00e0 avvenire:<\/p>\n<ul>\n<li>presso gli spotelli del Consolato Generale d&#8217;Italia a Casablanca il giorno dell\u2019appuntamento, munito di documento di identit\u00e0;<\/li>\n<li>presso un funzionario della Pubblica Amministrazione in Italia;<\/li>\n<li>presso gli Uffici delle Cancellerie Consolari di una qualsiasi Ambasciata o Consolato italiano nel mondo.<\/li>\n<\/ul>\n<p>In caso di decesso di uno dei genitori, occorre presentare una copia del certificato di morte.<br \/>\nNel caso in cui non fosse possibile ottenere l\u2019assenso dell\u2019altro genitore, sar\u00e0 necessario chiedere l\u2019intervento del Giudice Tutelare.<\/p>\n<p><strong>Devo chiedere una nuova carta d\u2019identit\u00e0 elettronica (CIE) se cambio indirizzo?<br \/>\n<\/strong>No. La carta d\u2019identit\u00e0 \u00e8 un documento di identit\u00e0 e non di residenza.<\/p>\n<p><strong>\u00a0<\/strong><strong>\u00c8 possibile per le donne sposate inserire nella carta d\u2019identit\u00e0 elettronica (CIE) il cognome del marito?<br \/>\n<\/strong>No. La carta d\u2019identit\u00e0 \u00e8 un documento di identit\u00e0 e non di stato civile.<\/p>\n<p><strong>Posso richiedere la carta d\u2019identit\u00e0 elettronica (CIE) presso il mio Comune in Italia, anche se residente all\u2019estero?<br \/>\n<\/strong>Il connazionale dovr\u00e0 verificare con il Comune in Italia.<\/p>\n<p><strong>Quali sono i costi per il rilascio della carta d\u2019identit\u00e0 elettronica (CIE)?<br \/>\n<\/strong>Il pagamento si effettuer\u00e0 in contanti e in MAD (valuta locale). Il costo della CIE \u00e8 pari:<\/p>\n<ul>\n<li>al corrispettivo in dirham marocchini dell\u2019importo di 21,95 \u20ac in caso di rilascio;<\/li>\n<li>al corrispettivo in dirham marocchini dell\u2019importo di 27,11 \u20ac in caso di duplicato per furto, smarrimento o deterioramento.<\/li>\n<\/ul>\n<p>Si informa che gli importi sopra indicati sono soggetti a oscillazione in base al tasso di cambio trimestrale stabilito dalle autorit\u00e0 competenti.<\/p>\n<p><strong>Nuove norme in materia di rilascio passaporti e carte d\u2019identit\u00e0 a genitori di figli minori<\/strong><\/p>\n<p>Si informano i connazionali, genitori di figli minori, che a partire dal 14 giugno 2023 non sar\u00e0 pi\u00f9 necessario presentare l\u2019atto di assenso dell\u2019altro genitore ai fini del rilascio del proprio documento d\u2019identit\u00e0 (passaporto e CIE), ai sensi del D.L. 69\/2023.<\/p>\n<p>Nello specifico il novellato articolo 3-bis della L. 1185\/1967 indica che, quando vi \u00e8 concreto e attuale pericolo che a causa del trasferimento all\u2019estero\u00a0 questo\u00a0 possa sottrarsi all\u2019adempimento dei suoi obblighi verso i figli, sar\u00e0 possibile per l\u2019altro genitore richiedere una inibitoria al rilascio del documento. L\u2019istanza potr\u00e0 essere presentata presso il giudice competente presso il Tribunale ordinario in cui il minore ha la residenza abituale ovvero, se il minore \u00e8 residente all\u2019estero, il Tribunale nel cui circondario si trova il suo Comune di iscrizione AIRE.<\/p>\n<p>Ai fini del rilascio dei documenti per i minori, invece, resta l\u2019obbligo dell\u2019assenso firmato da entrambi i genitori o da chi esercita la responsabilit\u00e0 genitoriale.<\/p>\n","protected":false},"excerpt":{"rendered":"PASSAPORTI &nbsp; &nbsp; Sono un cittadino italiano maggiorenne, residente nella Circoscrizione consolare di Casablanca e iscritto all\u2019AIRE, cosa devo fare per ottenere il rilascio di un nuovo passaporto? Per il rilascio di un nuovo passaporto i cittadini italiani residenti nella circoscrizione di competenza di questo Consolato Generale dovranno prendere un appuntamento tramite il portale Prenot@mi [&hellip;]","protected":false},"author":1,"featured_media":0,"parent":59,"menu_order":0,"comment_status":"closed","ping_status":"closed","template":"","meta":{"footnotes":""},"class_list":["post-67","page","type-page","status-publish","hentry"],"_links":{"self":[{"href":"https:\/\/conscasablanca.esteri.it\/it\/wp-json\/wp\/v2\/pages\/67","targetHints":{"allow":["GET"]}}],"collection":[{"href":"https:\/\/conscasablanca.esteri.it\/it\/wp-json\/wp\/v2\/pages"}],"about":[{"href":"https:\/\/conscasablanca.esteri.it\/it\/wp-json\/wp\/v2\/types\/page"}],"author":[{"embeddable":true,"href":"https:\/\/conscasablanca.esteri.it\/it\/wp-json\/wp\/v2\/users\/1"}],"replies":[{"embeddable":true,"href":"https:\/\/conscasablanca.esteri.it\/it\/wp-json\/wp\/v2\/comments?post=67"}],"version-history":[{"count":7,"href":"https:\/\/conscasablanca.esteri.it\/it\/wp-json\/wp\/v2\/pages\/67\/revisions"}],"predecessor-version":[{"id":2691,"href":"https:\/\/conscasablanca.esteri.it\/it\/wp-json\/wp\/v2\/pages\/67\/revisions\/2691"}],"up":[{"embeddable":true,"href":"https:\/\/conscasablanca.esteri.it\/it\/wp-json\/wp\/v2\/pages\/59"}],"wp:attachment":[{"href":"https:\/\/conscasablanca.esteri.it\/it\/wp-json\/wp\/v2\/media?parent=67"}],"curies":[{"name":"wp","href":"https:\/\/api.w.org\/{rel}","templated":true}]}}