{"id":66,"date":"2023-04-03T19:26:56","date_gmt":"2023-04-03T17:26:56","guid":{"rendered":"https:\/\/consolatozurigo.esteri.it\/?page_id=66"},"modified":"2023-10-17T09:46:44","modified_gmt":"2023-10-17T08:46:44","slug":"lingua-e-cultura-italiana","status":"publish","type":"page","link":"https:\/\/conscasablanca.esteri.it\/it\/italia-e-marocco\/diplomazia-culturale\/lingua-e-cultura-italiana\/","title":{"rendered":"Lingua e Cultura italiana"},"content":{"rendered":"<p>La promozione della lingua italiana all\u2019estero \u00e8 uno dei principali strumenti di cui dispone il nostro Paese per la propria proiezione all&#8217;estero; pertanto, riveste un ruolo di interesse prioritario per la politica estera.<\/p>\n<p>La conoscenza della lingua italiana \u00e8, infatti, imprescindibile per entrare in contatto con la nostra cultura in senso ampio e per meglio comprendere le dinamiche del \u201cVivere all\u2019italiana\u201d. Negli ultimi anni si \u00e8 affermata con forza anche l&#8217;importanza del legame tra l\u2019italiano ed il <i>Made in Italy<\/i>: la nostra lingua \u00e8\u00a0 la seconda pi\u00f9 utilizzata nel panorama delle insegne commerciali in tutto il mondo.<\/p>\n<p>Importante strumento di promozione della lingua italiana \u00e8 la Settimana della Lingua italiana nel mondo, svolta ogni anno nella terza settimana di ottobre: la pi\u00f9 importante rassegna su scala globale dedicata alla nostra lingua, che ogni anno si dedica a un tema diverso di attualit\u00e0.<\/p>\n<p>Dall\u2019analisi dei dati sulla diffusione dell\u2019italiano nel mondo emerge che oltre due milioni di stranieri scelgono di studiare la nostra lingua per avvicinarsi al nostro ricchissimo patrimonio artistico e creativo. Per quanto riguarda il Marocco, la lingua italiana ha raggiunto una diffusione significativa, essendo conosciuta da una percentuale rilevante della popolazione grazie principalmente al fenomeno dell&#8217;immigrazione di ritorno. La diffusione della lingua italiana in Marocco \u00e8 legata anche all&#8217;insegnamento dell&#8217;italiano nelle scuole superiori e nelle universit\u00e0 e ai corsi lingua organizzati dall&#8217;Istituto Italiano di Cultura di Rabat.<\/p>\n","protected":false},"excerpt":{"rendered":"La promozione della lingua italiana all\u2019estero \u00e8 uno dei principali strumenti di cui dispone il nostro Paese per la propria proiezione all&#8217;estero; pertanto, riveste un ruolo di interesse prioritario per la politica estera. La conoscenza della lingua italiana \u00e8, infatti, imprescindibile per entrare in contatto con la nostra cultura in senso ampio e per meglio [&hellip;]","protected":false},"author":1,"featured_media":0,"parent":41,"menu_order":2,"comment_status":"closed","ping_status":"closed","template":"","meta":{"footnotes":""},"class_list":["post-66","page","type-page","status-publish","hentry"],"_links":{"self":[{"href":"https:\/\/conscasablanca.esteri.it\/it\/wp-json\/wp\/v2\/pages\/66","targetHints":{"allow":["GET"]}}],"collection":[{"href":"https:\/\/conscasablanca.esteri.it\/it\/wp-json\/wp\/v2\/pages"}],"about":[{"href":"https:\/\/conscasablanca.esteri.it\/it\/wp-json\/wp\/v2\/types\/page"}],"author":[{"embeddable":true,"href":"https:\/\/conscasablanca.esteri.it\/it\/wp-json\/wp\/v2\/users\/1"}],"replies":[{"embeddable":true,"href":"https:\/\/conscasablanca.esteri.it\/it\/wp-json\/wp\/v2\/comments?post=66"}],"version-history":[{"count":2,"href":"https:\/\/conscasablanca.esteri.it\/it\/wp-json\/wp\/v2\/pages\/66\/revisions"}],"predecessor-version":[{"id":386,"href":"https:\/\/conscasablanca.esteri.it\/it\/wp-json\/wp\/v2\/pages\/66\/revisions\/386"}],"up":[{"embeddable":true,"href":"https:\/\/conscasablanca.esteri.it\/it\/wp-json\/wp\/v2\/pages\/41"}],"wp:attachment":[{"href":"https:\/\/conscasablanca.esteri.it\/it\/wp-json\/wp\/v2\/media?parent=66"}],"curies":[{"name":"wp","href":"https:\/\/api.w.org\/{rel}","templated":true}]}}