{"id":63,"date":"2023-04-03T19:26:04","date_gmt":"2023-04-03T17:26:04","guid":{"rendered":"https:\/\/consolatozurigo.esteri.it\/?page_id=63"},"modified":"2023-10-06T11:11:32","modified_gmt":"2023-10-06T10:11:32","slug":"fare-affari-in-marocco","status":"publish","type":"page","link":"https:\/\/conscasablanca.esteri.it\/it\/italia-e-marocco\/diplomazia-economica\/fare-affari-in-marocco\/","title":{"rendered":"Fare affari in Marocco"},"content":{"rendered":"<h4><strong>ICE &#8211; Istituto nazionale per il Commercio Estero<\/strong><\/h4>\n<p>Ente pubblico che ha il compito di sviluppare, agevolare e promuovere i rapporti economici e commerciali italiani con l&#8217;estero, con particolare attenzione alle esigenze delle piccole e medie imprese, dei loro consorzi e raggruppamenti; in stretta collaborazione con il Ministero delle Attivit\u00e0 Produttive elabora il Programma delle Attivit\u00e0 promozionali;<br \/>\norganizza partecipazioni a fiere internazionali e iniziative per sviluppare contatti e business;<br \/>\norganizza e gestisce seminari e incontri tra operatori, conduce ricerche di mercato, sviluppa azioni di comunicazione;<br \/>\nsvolge attivit\u00e0 di attrazione degli investimenti esteri in Italia, promuovendo all\u2019estero &#8211; per conto di agenzie di sviluppo locali &#8211; le opportunit\u00e0 in specifiche aree e realizzando azioni di comunicazione, in collaborazione con Sviluppo Italia.<\/p>\n<p>&nbsp;<\/p>\n<p><strong>E-mail<\/strong>: <u><a href=\"mailto:casablanca@ice.it\"><strong>casablanca@ice.it<\/strong><\/a><\/u><\/p>\n<p><strong>Tel:<\/strong> (00212) 522224992 \/ 522224994 \/ 52224995\/4996 &#8211; <strong>Fax<\/strong>: (00212) 522274945<\/p>\n<p><strong>Sito Web<\/strong>: <strong><u><a href=\"https:\/\/www.ice.it\/it\/mercati\/marocco\">ICE Marocco<\/a><\/u><\/strong><\/p>\n<p><span class=\"u-text-r-xs ice-office-info-address\">21, AVENUE HASSAN SOUKTANI<\/span> <span class=\"u-text-r-xs ice-office-info-address\"><br \/>\n20060 , CASABLANCA <\/span><\/p>\n<p>Orario di apertura al pubblico: Luned\u00ec &#8211; Gioved\u00ec : 8,30 &#8211; 16,30 ; Venerd\u00ec : 8,30 &#8211; 14,00<\/p>\n<p>L&#8217;Ufficio di ICE Casablanca fornisce servizi di assistenza e informazione anche per Costa d&#8217;Avorio, Mauritania e Senegal.<\/p>\n<p>&nbsp;<\/p>\n<h3><\/h3>\n<h4><strong>Camera di Commercio Italiana in Marocco<\/strong><\/h4>\n<p>59, Rue Moussa Ibnou Noussair 1\u00b0 piano<br \/>\nCasablanca &#8211; Marocco<\/p>\n<p><strong>Tel:<\/strong> (212) 522 27 82 17 \/ 26 56 53 \/ 26 46 51<\/p>\n<p><strong>Fax:<\/strong> (212) 522 27 86 27<\/p>\n<p><strong>Email:<\/strong> <strong><u><a href=\"mailto:info@ccimaroc.com\">info@ccimaroc.com<\/a><\/u><\/strong><\/p>\n<p><strong>Sito Web<\/strong>: <strong><u><a href=\"http:\/\/www.ccimaroc.com\/\">CCI Marocco<\/a><\/u><\/strong><\/p>\n<p>&nbsp;<\/p>\n<p>&nbsp;<\/p>\n<h4>ASSOCAMERESTERO &#8211; Associazione delle Camere di Commercio Italiane all\u2019Estero<\/h4>\n<p>Associazione che rappresenta le esigenze e le potenzialit\u00e0 di servizio delle Camere di Commercio Italiane all\u2019estero (CCIE) e ricerca collaborazioni ed alleanze strategiche con soggetti ed enti pubblici e privati &#8211; italiani ed internazionali &#8211; per favorire la conoscenza e l\u2019utilizzo della rete delle CCIE;<br \/>\nprovvede alla redazione del Rapporto sulle Opportunit\u00e0 di Business, che prospetta le potenzialit\u00e0 delle CCIE quali fornitori di informazioni sulle opportunit\u00e0 d\u2019affari, settore per settore, esistenti nei paesi di operativit\u00e0 della rete;<br \/>\nsvolge attivit\u00e0 di assistenza progettuale e coordinamento degli sportelli per l\u2019internazionalizzazione delle Camere di Commercio Italiane all\u2019estero, di raccordo con il progetto di Unioncamere.<\/p>\n<p><a href=\"http:\/\/www.assocamerestero.it\/\" target=\"_blank\" rel=\"noopener\"><strong>www.assocamerestero.it<\/strong> <\/a><\/p>\n<h4><\/h4>\n<h4><\/h4>\n<h4>UNIONCAMERE &#8211; Unione italiana delle Camere di Commercio Industria e Artigianato<\/h4>\n<p>Unione che cura e rappresenta gli interessi generali delle Camere di Commercio, punto di riferimento per i settori produttivi, sia a livello locale sia nazionale ed internazionale;<br \/>\npromuove, realizza e gestisce, direttamente o per il tramite di proprie aziende speciali, servizi e attivit\u00e0 d&#8217;interesse delle Camere di commercio e delle categorie economiche;<br \/>\npunta a consolidare e sviluppare la collaborazione con la rete delle CCIE;<br \/>\nfacilita l&#8217;accesso, con tecnologie all&#8217;avanguardia, a iniziative e programmi comunitari, favorendo accordi internazionali per promuovere l&#8217;Italia nel mondo.<\/p>\n<p><a href=\"http:\/\/www.unioncamere.it\" target=\"_blank\" rel=\"noopener\"><strong>www.unioncamere.it<\/strong><\/a><\/p>\n<h4><\/h4>\n<h4><\/h4>\n<h4>ENIT &#8211; Ente Nazionale Italiano per il Turismo<\/h4>\n<p>Struttura istituzionale che provvede alla promozione turistica dell&#8217;Italia all&#8217;estero adottando iniziative per far conoscere all&#8217;estero le risorse turistiche nazionali e regionali e in particolare i valori naturali, ambientali, storici culturali ed artistici del nostro paese;<br \/>\nprovvede ad assistere e offrire servizi tecnici alle imprese turistiche italiane per la loro penetrazione commerciale sui mercati esteri;<br \/>\nelabora studi sui mercati internazionali ed in particolare sulle tendenze della domanda turistica individuale ed organizzata;<br \/>\nanalizza l\u2019evoluzione della domanda turistica estera e pianifica strategie operative disegnate d&#8217;intesa con i protagonisti pubblici e privati del turismo italiano (Ministero delle Attivit\u00e0 Produttive, Ministero degli Affari Esteri, Regioni, Amministrazioni pubbliche, Enti e Associazioni di categoria e produttori di servizi turistici.<\/p>\n<p><a href=\"http:\/\/www.enit.it\/\" target=\"_blank\" rel=\"noopener\"><strong>www.enit.it <\/strong><\/a><\/p>\n<h4><\/h4>\n<h4><\/h4>\n<h4>Mondimpresa &#8211; Agenzia per la Mondializzazione dell\u2019impresa<\/h4>\n<p>Agenzia che promuove e sostiene i processi di mondializzazione, in particolare delle PMI &#8211; prevalentemente nel Mezzogiorno &#8211; attraverso un\u2019ampia e capillare rete in Italia, composta dalle diverse realt\u00e0 del Sistema italiano delle Camere di Commercio, della Confcommercio e della Confagricoltura;<br \/>\nredige offerte e progetti per la partecipazione a gare e per attingere a finanziamenti della Pubblica Amministrazione e delle principali organizzazioni internazionali;<br \/>\norganizza iniziative volte alla promozione del partenariato imprenditoriale transnazionale, sia a carattere settoriale sia multisettoriale;<br \/>\npromuove gli investimenti esteri in Italia attraverso le opportune azioni informative sulla struttura del sistema imprenditoriale italiano e sulla legislazione a sostegno degli investimenti.<\/p>\n<p>&nbsp;<\/p>\n","protected":false},"excerpt":{"rendered":"ICE &#8211; Istituto nazionale per il Commercio Estero Ente pubblico che ha il compito di sviluppare, agevolare e promuovere i rapporti economici e commerciali italiani con l&#8217;estero, con particolare attenzione alle esigenze delle piccole e medie imprese, dei loro consorzi e raggruppamenti; in stretta collaborazione con il Ministero delle Attivit\u00e0 Produttive elabora il Programma delle [&hellip;]","protected":false},"author":1,"featured_media":0,"parent":40,"menu_order":0,"comment_status":"closed","ping_status":"closed","template":"","meta":{"footnotes":""},"class_list":["post-63","page","type-page","status-publish","hentry"],"_links":{"self":[{"href":"https:\/\/conscasablanca.esteri.it\/it\/wp-json\/wp\/v2\/pages\/63","targetHints":{"allow":["GET"]}}],"collection":[{"href":"https:\/\/conscasablanca.esteri.it\/it\/wp-json\/wp\/v2\/pages"}],"about":[{"href":"https:\/\/conscasablanca.esteri.it\/it\/wp-json\/wp\/v2\/types\/page"}],"author":[{"embeddable":true,"href":"https:\/\/conscasablanca.esteri.it\/it\/wp-json\/wp\/v2\/users\/1"}],"replies":[{"embeddable":true,"href":"https:\/\/conscasablanca.esteri.it\/it\/wp-json\/wp\/v2\/comments?post=63"}],"version-history":[{"count":6,"href":"https:\/\/conscasablanca.esteri.it\/it\/wp-json\/wp\/v2\/pages\/63\/revisions"}],"predecessor-version":[{"id":366,"href":"https:\/\/conscasablanca.esteri.it\/it\/wp-json\/wp\/v2\/pages\/63\/revisions\/366"}],"up":[{"embeddable":true,"href":"https:\/\/conscasablanca.esteri.it\/it\/wp-json\/wp\/v2\/pages\/40"}],"wp:attachment":[{"href":"https:\/\/conscasablanca.esteri.it\/it\/wp-json\/wp\/v2\/media?parent=63"}],"curies":[{"name":"wp","href":"https:\/\/api.w.org\/{rel}","templated":true}]}}