{"id":41,"date":"2023-04-03T19:17:04","date_gmt":"2023-04-03T17:17:04","guid":{"rendered":"https:\/\/consolatozurigo.esteri.it\/?page_id=41"},"modified":"2023-10-17T09:25:10","modified_gmt":"2023-10-17T08:25:10","slug":"diplomazia-culturale","status":"publish","type":"page","link":"https:\/\/conscasablanca.esteri.it\/it\/italia-e-marocco\/diplomazia-culturale\/","title":{"rendered":"Diplomazia culturale"},"content":{"rendered":"<p>La cultura \u00e8 un elemento essenziale dell\u2019identit\u00e0 italiana e rappresenta, al contempo, uno strumento essenziale a cui attingere per affrontare le sfide della contemporaneit\u00e0. Ne fanno parte la lingua italiana, l&#8217;arte, le tradizioni, e la ricerca scientifica, settore in cui il nostro Paese vanta punte di eccellenza a livello mondiale.<\/p>\n<p>La promozione culturale \u00e8, pertanto, un&#8217;attivit\u00e0 fondamentale nella politica estera dell&#8217;Italia e nel lavoro delle sedi diplomatiche, in quanto \u00e8 uno dei principali strumenti di proiezione esterna.<\/p>\n<p style=\"font-weight: 400;\">Considerati tali presupposti, il settore della diplomazia culturale ha una forte rilevanza nel quadro delle attivit\u00e0 del Consolato Generale d\u2019Italia a Casablanca, il quale lavora anche per promuovere il patrimonio artistico-culturale italiano e per diffonderne la conoscenza in Marocco. Arte, lingua, musica, cinema, lirica, balletto, cucina sono solo alcuni dei campi in cui l\u2019Italia gode di una elevatissima reputazione presso il pubblico marocchino.<\/p>\n<p>In questo contesto lavorativo teso alla promozione dell&#8217;italianit\u00e0 in Marocco, giocano un ruolo fondamentale anche l&#8217;Ambasciata d&#8217;Italia a rabat, l&#8217;Istituto Italiano di Cultura a Rabat e la Societ\u00e0 Dante Alighieri di Casablanca.<\/p>\n","protected":false},"excerpt":{"rendered":"La cultura \u00e8 un elemento essenziale dell\u2019identit\u00e0 italiana e rappresenta, al contempo, uno strumento essenziale a cui attingere per affrontare le sfide della contemporaneit\u00e0. Ne fanno parte la lingua italiana, l&#8217;arte, le tradizioni, e la ricerca scientifica, settore in cui il nostro Paese vanta punte di eccellenza a livello mondiale. La promozione culturale \u00e8, pertanto, [&hellip;]","protected":false},"author":1,"featured_media":0,"parent":15,"menu_order":2,"comment_status":"closed","ping_status":"closed","template":"","meta":{"footnotes":""},"class_list":["post-41","page","type-page","status-publish","hentry"],"_links":{"self":[{"href":"https:\/\/conscasablanca.esteri.it\/it\/wp-json\/wp\/v2\/pages\/41","targetHints":{"allow":["GET"]}}],"collection":[{"href":"https:\/\/conscasablanca.esteri.it\/it\/wp-json\/wp\/v2\/pages"}],"about":[{"href":"https:\/\/conscasablanca.esteri.it\/it\/wp-json\/wp\/v2\/types\/page"}],"author":[{"embeddable":true,"href":"https:\/\/conscasablanca.esteri.it\/it\/wp-json\/wp\/v2\/users\/1"}],"replies":[{"embeddable":true,"href":"https:\/\/conscasablanca.esteri.it\/it\/wp-json\/wp\/v2\/comments?post=41"}],"version-history":[{"count":2,"href":"https:\/\/conscasablanca.esteri.it\/it\/wp-json\/wp\/v2\/pages\/41\/revisions"}],"predecessor-version":[{"id":381,"href":"https:\/\/conscasablanca.esteri.it\/it\/wp-json\/wp\/v2\/pages\/41\/revisions\/381"}],"up":[{"embeddable":true,"href":"https:\/\/conscasablanca.esteri.it\/it\/wp-json\/wp\/v2\/pages\/15"}],"wp:attachment":[{"href":"https:\/\/conscasablanca.esteri.it\/it\/wp-json\/wp\/v2\/media?parent=41"}],"curies":[{"name":"wp","href":"https:\/\/api.w.org\/{rel}","templated":true}]}}