{"id":38,"date":"2023-04-03T19:16:15","date_gmt":"2023-04-03T17:16:15","guid":{"rendered":"https:\/\/consolatozurigo.esteri.it\/?page_id=38"},"modified":"2023-10-04T12:11:06","modified_gmt":"2023-10-04T11:11:06","slug":"numeri-di-emergenza","status":"publish","type":"page","link":"https:\/\/conscasablanca.esteri.it\/it\/chi-siamo\/numeri-di-emergenza\/","title":{"rendered":"Numeri di emergenza"},"content":{"rendered":"<div>\n<p>Ricordiamo che fuori dall&#8217;orario di ufficio \u00e8 sempre attivo il numero sottoindicato per i connazionali in stato di grave difficolt\u00e0 o pericolo:<\/p>\n<p>(dall&#8217;estero) + 212 06 61 21 7332<br \/>\n(dal Marocco) 06 61 21 7332<\/p>\n<p>Si ricorda che il numero \u00e8 risevato alle emergenze <strong>dei soli cittadini italiani<\/strong>.<br \/>\nE&#8217; un numero per le sole emergenze, al quale non vengono date informazioni di tipo generale (disponibili su questo sitoweb) o sulle pratiche in corso.<br \/>\n<strong>Non viene data informazione di nessun tipo riguardo ai visti.<\/strong><\/p>\n<p>Non costituiscono situazioni di grave difficolt\u00e0: il furto o lo smarrimento di un documento di viaggio (per le quali si rimanda all&#8217;apposita sezione di questo sitoweb) o le difficolt\u00e0 nel prendere appuntamento.<\/p>\n<\/div>\n","protected":false},"excerpt":{"rendered":"Ricordiamo che fuori dall&#8217;orario di ufficio \u00e8 sempre attivo il numero sottoindicato per i connazionali in stato di grave difficolt\u00e0 o pericolo: (dall&#8217;estero) + 212 06 61 21 7332 (dal Marocco) 06 61 21 7332 Si ricorda che il numero \u00e8 risevato alle emergenze dei soli cittadini italiani. E&#8217; un numero per le sole emergenze, [&hellip;]","protected":false},"author":1,"featured_media":0,"parent":13,"menu_order":10,"comment_status":"closed","ping_status":"closed","template":"","meta":{"footnotes":""},"class_list":["post-38","page","type-page","status-publish","hentry"],"_links":{"self":[{"href":"https:\/\/conscasablanca.esteri.it\/it\/wp-json\/wp\/v2\/pages\/38","targetHints":{"allow":["GET"]}}],"collection":[{"href":"https:\/\/conscasablanca.esteri.it\/it\/wp-json\/wp\/v2\/pages"}],"about":[{"href":"https:\/\/conscasablanca.esteri.it\/it\/wp-json\/wp\/v2\/types\/page"}],"author":[{"embeddable":true,"href":"https:\/\/conscasablanca.esteri.it\/it\/wp-json\/wp\/v2\/users\/1"}],"replies":[{"embeddable":true,"href":"https:\/\/conscasablanca.esteri.it\/it\/wp-json\/wp\/v2\/comments?post=38"}],"version-history":[{"count":1,"href":"https:\/\/conscasablanca.esteri.it\/it\/wp-json\/wp\/v2\/pages\/38\/revisions"}],"predecessor-version":[{"id":258,"href":"https:\/\/conscasablanca.esteri.it\/it\/wp-json\/wp\/v2\/pages\/38\/revisions\/258"}],"up":[{"embeddable":true,"href":"https:\/\/conscasablanca.esteri.it\/it\/wp-json\/wp\/v2\/pages\/13"}],"wp:attachment":[{"href":"https:\/\/conscasablanca.esteri.it\/it\/wp-json\/wp\/v2\/media?parent=38"}],"curies":[{"name":"wp","href":"https:\/\/api.w.org\/{rel}","templated":true}]}}