{"id":373,"date":"2023-10-06T11:20:11","date_gmt":"2023-10-06T10:20:11","guid":{"rendered":"https:\/\/conscasablanca.esteri.it\/?page_id=373"},"modified":"2023-10-06T11:20:11","modified_gmt":"2023-10-06T10:20:11","slug":"finanziamenti-e-investimenti","status":"publish","type":"page","link":"https:\/\/conscasablanca.esteri.it\/it\/italia-e-marocco\/diplomazia-economica\/fare-affari-in-marocco\/servizi-per-le-imprese\/finanziamenti-e-investimenti\/","title":{"rendered":"Finanziamenti e investimenti"},"content":{"rendered":"<h4>SIMEST S.p.A. &#8211; Finanziaria di sviluppo e promozione delle imprese italiane all&#8217;estero<\/h4>\n<p>Societ\u00e0 controllata dal Governo Italiano che detiene il 76% del pacchetto azionario, \u00e8 partecipata da banche, imprese, associazioni imprenditoriali e di categoria;<br \/>\npromuove e sostiene le attivit\u00e0 all\u2019estero di tutte le aziende italiane, in particolare le piccole e medie, comprese quelle commerciali, artigiane e turistiche, nonch\u00e9 cooperative, consorzi ed altri organismi economici, attraverso due principali canali di attivit\u00e0: il sostegno agli scambi commerciali ed il sostegno agli investimenti all\u2019estero;<br \/>\nfornisce servizi di assistenza e consulenza per tutte le fasi dell\u2019avvio e della realizzazione di investimenti all\u2019estero;<br \/>\nfornisce supporto finanziario agli investimenti di imprese italiane all\u2019estero attraverso la gestione di incentivi e agevolazioni dirette;<br \/>\nla partecipazione di SIMEST al capitale delle imprese estere consente di condividere il rischio potenziale della nuova iniziativa con un partner istituzionale che immette capitali propri, e mette a disposizione la propria esperienza pluriennale sui mercati esteri basata sulla partecipazione a centinaia di progetti in tutto il mondo;<br \/>\ngestisce i fondi venture capital del Ministero delle Attivit\u00e0 Produttive;<br \/>\neroga contributi agli interessi su finanziamenti concessi ad esportatori italiani;<br \/>\nfinanzia le spese destinate alla realizzazione di strutture commerciali permanenti;<br \/>\neroga finanziamenti per studi di fattibilit\u00e0 e assistenza tecnica;<br \/>\nfinanzia i costi di gare internazionali;<br \/>\neffettua operazioni di business scouting.<\/p>\n<p>&nbsp;<\/p>\n<p><b><a href=\"http:\/\/www.simest.it\/\" target=\"_blank\" rel=\"noopener\">Il sito web SIMEST<\/a><\/b><\/p>\n","protected":false},"excerpt":{"rendered":"SIMEST S.p.A. &#8211; Finanziaria di sviluppo e promozione delle imprese italiane all&#8217;estero Societ\u00e0 controllata dal Governo Italiano che detiene il 76% del pacchetto azionario, \u00e8 partecipata da banche, imprese, associazioni imprenditoriali e di categoria; promuove e sostiene le attivit\u00e0 all\u2019estero di tutte le aziende italiane, in particolare le piccole e medie, comprese quelle commerciali, artigiane [&hellip;]","protected":false},"author":3,"featured_media":0,"parent":367,"menu_order":0,"comment_status":"closed","ping_status":"closed","template":"","meta":{"footnotes":""},"class_list":["post-373","page","type-page","status-publish","hentry"],"_links":{"self":[{"href":"https:\/\/conscasablanca.esteri.it\/it\/wp-json\/wp\/v2\/pages\/373","targetHints":{"allow":["GET"]}}],"collection":[{"href":"https:\/\/conscasablanca.esteri.it\/it\/wp-json\/wp\/v2\/pages"}],"about":[{"href":"https:\/\/conscasablanca.esteri.it\/it\/wp-json\/wp\/v2\/types\/page"}],"author":[{"embeddable":true,"href":"https:\/\/conscasablanca.esteri.it\/it\/wp-json\/wp\/v2\/users\/3"}],"replies":[{"embeddable":true,"href":"https:\/\/conscasablanca.esteri.it\/it\/wp-json\/wp\/v2\/comments?post=373"}],"version-history":[{"count":1,"href":"https:\/\/conscasablanca.esteri.it\/it\/wp-json\/wp\/v2\/pages\/373\/revisions"}],"predecessor-version":[{"id":374,"href":"https:\/\/conscasablanca.esteri.it\/it\/wp-json\/wp\/v2\/pages\/373\/revisions\/374"}],"up":[{"embeddable":true,"href":"https:\/\/conscasablanca.esteri.it\/it\/wp-json\/wp\/v2\/pages\/367"}],"wp:attachment":[{"href":"https:\/\/conscasablanca.esteri.it\/it\/wp-json\/wp\/v2\/media?parent=373"}],"curies":[{"name":"wp","href":"https:\/\/api.w.org\/{rel}","templated":true}]}}