{"id":37,"date":"2023-04-03T19:15:59","date_gmt":"2023-04-03T17:15:59","guid":{"rendered":"https:\/\/consolatozurigo.esteri.it\/?page_id=37"},"modified":"2024-06-11T16:25:58","modified_gmt":"2024-06-11T15:25:58","slug":"contatti","status":"publish","type":"page","link":"https:\/\/conscasablanca.esteri.it\/it\/chi-siamo\/contatti\/","title":{"rendered":"Contatti"},"content":{"rendered":"<p>Consolato Generale d\u2019Italia a Casablanca<br \/>\n21, Avenue Hassan Souktani<br \/>\n20000 Casablanca<\/p>\n<p>MAROC<\/p>\n<p>Per raggiungerci: <a href=\"https:\/\/goo.gl\/maps\/hqmcjZxsiR5n4zso6\"><em>clicca qui<\/em><\/a><\/p>\n<p>La competenza del Consolato Generale per i servizi consolari (visti inclusi) si estende alla quasi totalit\u00e0 del Marocco, con le citt\u00e0 di Tangeri, F\u00e9s, Marrakech, Agadir, Essaouira, Nador, etc.<\/p>\n<p>La competenza dell&#8217;Ambasciata d&#8217;Italia si limita all&#8217;area di Rabat Sal\u00e9, con le province limitrofe di Skhirat T\u00e9mara, Kh\u00e9misset, Tiflet e Rommani.<\/p>\n<p>&nbsp;<\/p>\n<p><strong>AVVERTENZA<\/strong><\/p>\n<p>Si raccomanda di contattare il Consolato preferibilmente via email. Si ricorda che per motivi di tutela dei dati personali, ad ogni comunicazione email va allegato il proprio documento di identit\u00e0. Si invitano gli utenti, prima di scrivere, a voler verificare se nella relativa sezione di questo sito web non siano gi\u00e0 pubblicate le informazioni di loro interesse.<\/p>\n<p>Si prega comunque di scrivere solo all\u2019ufficio di competenza e NON inoltrare la stessa comunicazione a pi\u00f9 uffici.<\/p>\n<p>Si avvisa che per quanto concerne le comunicazioni telefoniche, per motivi di tutela dei dati personali e di impossibilit\u00e0 di identificare l&#8217;utente, non potranno essere divulgate informazioni personali relative a pratiche in corso.<\/p>\n<p>&nbsp;<\/p>\n<p><strong>&#8211; CENTRALINO<\/strong><\/p>\n<p>Tel.: 0522 43 70 70<\/p>\n<p><strong>Avvertenza: per ottenere informazioni sui visti o sui servizi consolari occorre contattare i numeri diretti di ciascun servizio esclusivamente negli orari sotto indicati.<\/strong><\/p>\n<p><strong>&#8211; UFFICIO VISTI<\/strong><\/p>\n<p>Tel. : 0522 43 70 84;<\/p>\n<p><strong>il numero \u00e8 attivo solo dal lunedi al giovedi dalle ore 13.30 alle 15.30<\/strong><\/p>\n<p>E-mail : <span style=\"text-decoration: underline;\">visti.casablanca@esteri.it<\/span><br \/>\nPEC : <span style=\"text-decoration: underline;\">con.casablanca.visti@cert.esteri.it<\/span><\/p>\n<p><strong>&#8211; UFFICIO CONSOLARE<\/strong><\/p>\n<p>Tutti i servizi eccetto i visti: Anagrafe degli Italiani Residenti all\u2019Estero \u2013 AIRE \u2013 ed Elezioni, Stato Civile\/ Matrimoni, Cittadinanza, Notarile e Navigazione (Assistenza Giuridica\/Notifiche\/Procure\/Questioni attinenti la Navigazione), Affari Sociali (Detenuti\/Assistenza sociale, sanitaria, pensionistica, emergenze consolari, minori contesi, pratiche automobilistiche), Dichiarazione di Valore dei Titoli di Studio, Passaporti<\/p>\n<p>Tel. 0522 43 70 87;<\/p>\n<p><strong>il numero \u00e8 attivo solo dal luned\u00ec al gioved\u00ec dalle ore 13:30 alle ore 15:30<\/strong><\/p>\n<p>E-mail : <span style=\"text-decoration: underline;\">casablanca.consolare@esteri.it<\/span><br \/>\nPEC : <span style=\"text-decoration: underline;\">con.casablanca.anagrafe@cert.esteri.it<\/span><br \/>\nPEC PASSAPORTI : <span style=\"text-decoration: underline;\">con.casablanca.pass@cert.esteri.it<\/span> (solo per domande per titoli di viaggio)<\/p>\n<p>Solo per il servizio di cittadinanza:<br \/>\nE-mail : <span style=\"text-decoration: underline;\">casablanca.cittadinanza@esteri.it<\/span><\/p>\n<p><strong>&#8211; SEGRETERIA DEL CONSOLE GENERALE<\/strong><\/p>\n<p>Tel. : 0522 43 70 70<br \/>\nE-mail : <span style=\"text-decoration: underline;\">segreteria.casablanca@esteri.it<\/span><\/p>\n","protected":false},"excerpt":{"rendered":"Consolato Generale d\u2019Italia a Casablanca 21, Avenue Hassan Souktani 20000 Casablanca MAROC Per raggiungerci: clicca qui La competenza del Consolato Generale per i servizi consolari (visti inclusi) si estende alla quasi totalit\u00e0 del Marocco, con le citt\u00e0 di Tangeri, F\u00e9s, Marrakech, Agadir, Essaouira, Nador, etc. La competenza dell&#8217;Ambasciata d&#8217;Italia si limita all&#8217;area di Rabat Sal\u00e9, [&hellip;]","protected":false},"author":1,"featured_media":0,"parent":13,"menu_order":8,"comment_status":"closed","ping_status":"closed","template":"","meta":{"footnotes":""},"class_list":["post-37","page","type-page","status-publish","hentry"],"_links":{"self":[{"href":"https:\/\/conscasablanca.esteri.it\/it\/wp-json\/wp\/v2\/pages\/37","targetHints":{"allow":["GET"]}}],"collection":[{"href":"https:\/\/conscasablanca.esteri.it\/it\/wp-json\/wp\/v2\/pages"}],"about":[{"href":"https:\/\/conscasablanca.esteri.it\/it\/wp-json\/wp\/v2\/types\/page"}],"author":[{"embeddable":true,"href":"https:\/\/conscasablanca.esteri.it\/it\/wp-json\/wp\/v2\/users\/1"}],"replies":[{"embeddable":true,"href":"https:\/\/conscasablanca.esteri.it\/it\/wp-json\/wp\/v2\/comments?post=37"}],"version-history":[{"count":7,"href":"https:\/\/conscasablanca.esteri.it\/it\/wp-json\/wp\/v2\/pages\/37\/revisions"}],"predecessor-version":[{"id":1561,"href":"https:\/\/conscasablanca.esteri.it\/it\/wp-json\/wp\/v2\/pages\/37\/revisions\/1561"}],"up":[{"embeddable":true,"href":"https:\/\/conscasablanca.esteri.it\/it\/wp-json\/wp\/v2\/pages\/13"}],"wp:attachment":[{"href":"https:\/\/conscasablanca.esteri.it\/it\/wp-json\/wp\/v2\/media?parent=37"}],"curies":[{"name":"wp","href":"https:\/\/api.w.org\/{rel}","templated":true}]}}