{"id":36,"date":"2023-04-03T19:15:47","date_gmt":"2023-04-03T17:15:47","guid":{"rendered":"https:\/\/consolatozurigo.esteri.it\/?page_id=36"},"modified":"2023-10-04T15:02:38","modified_gmt":"2023-10-04T14:02:38","slug":"gli-uffici","status":"publish","type":"page","link":"https:\/\/conscasablanca.esteri.it\/it\/chi-siamo\/gli-uffici\/","title":{"rendered":"Gli Uffici"},"content":{"rendered":"<p align=\"center\"><strong>AVVERTENZA<\/strong><\/p>\n<p align=\"center\">Si raccomanda di contattare il Consolato preferibilmente via email. Si ricorda che per motivi di tutela dei dati personali, ad ogni comunicazione email va allegato il proprio documento di identit\u00e0. Si invitano gli utenti, prima di scrivere, a voler verificare se nella relativa sezione di questo sito web non siano gi\u00e0 pubblicate le informazioni di loro interesse.<\/p>\n<p align=\"center\">Si prega comunque di scrivere\u00a0<strong>solo<\/strong>\u00a0all\u2019ufficio di competenza e\u00a0<strong>NON<\/strong>\u00a0inoltrare la stessa comunicazione a pi\u00f9 uffici.<\/p>\n<p align=\"center\"><strong>Si avvisa che per quanto concerne le comunicazioni telefoniche, per motivi di tutela dei dati personali e di impossibilit\u00e0 di identificare l&#8217;utente, non potranno essere divulgate informazioni personali relative a pratiche in corso.<\/strong><\/p>\n<p align=\"center\">\n<p style=\"text-align: left;\" align=\"center\"><strong>&#8211; CENTRALINO<\/strong><\/p>\n<p style=\"text-align: left;\" align=\"center\">Tel.: 0522 43 70 70<\/p>\n<p align=\"center\"><strong>Avvertenza: per ottenere informazioni sui visti o sui servizi consolari occorre contattare i numeri diretti di ciascun servizio esclusivamente negli orari sotto indicati.\u00a0<\/strong><\/p>\n<p>&nbsp;<\/p>\n<p><strong>&#8211; UFFICIO VISTI<br \/>\n<\/strong><\/p>\n<p>Tel. : 0522 43 70 84;\u00a0<strong>il numero \u00e8 attivo solo dal lunedi al giovedi dalle 13:30 alle 15:30<\/strong><\/p>\n<p>E-mail :\u00a0<a href=\"mailto:visti.casablanca@esteri.it\">visti.casablanca@esteri.it<\/a><br \/>\nPEC\u00a0:\u00a0<strong><a href=\"mailto:con.casablanca.visti@cert.esteri.it\">con.casablanca.visti@cert.esteri.it<\/a>\u00a0<\/strong><\/p>\n<p>&nbsp;<\/p>\n<p><strong>&#8211; UFFICIO CONSOLARE<br \/>\n<\/strong><\/p>\n<p>Tutti i servizi eccetto i visti: Anagrafe degli Italiani Residenti all\u2019Estero \u2013 AIRE \u2013 ed Elezioni, Stato Civile\/ Matrimoni,\u00a0<span lang=\"EN-US\">Cittadinanza,\u00a0<\/span>Notarile e Navigazione (Assistenza Giuridica\/Notifiche\/Procure\/Questioni attinenti la Navigazione), Affari Sociali (Detenuti\/Assistenza sociale, sanitaria, pensionistica, emergenze consolari, minori contesi, pratiche automobilistiche), Dichiarazione di Valore dei Titoli di Studio, Passaporti<\/p>\n<p>Tel. 0522 43 70 87;\u00a0<strong>il numero \u00e8 attivo solo dal luned\u00ec al gioved\u00ec dalle ore 13:30 alle ore 15:30<\/strong><\/p>\n<p>E-mail :\u00a0<a href=\"mailto:casablanca.consolare@esteri.it\">casablanca.consolare@esteri.it<\/a><br \/>\nPEC\u00a0:\u00a0<strong><a href=\"mailto:con.casablanca.anagrafe@cert.esteri.it\">con.casablanca.anagrafe@cert.esteri.it<\/a><\/strong><br \/>\nPEC\u00a0:\u00a0<strong><a href=\"mailto:con.casablanca.pass@cert.esteri.it\">con.casablanca.pass@cert.esteri.it<\/a><\/strong>\u00a0(solo per domande per titoli di viaggio)<\/p>\n<p><span lang=\"EN-US\">Solo per il servizio di cittadinanza:<br \/>\n<\/span>E-mail\u00a0:\u00a0<a href=\"mailto:casablanca.cittadinanza@esteri.it\">casablanca.cittadinanza@esteri.it<\/a><\/p>\n<p>&nbsp;<\/p>\n<p><span lang=\"EN-US\"><strong>&#8211; SEGRETERIA DEL CONSOLE GENERALE<\/strong><\/span><\/p>\n<p><span lang=\"EN-US\"><br \/>\n<\/span><span lang=\"EN-US\">Tel.\u00a0: 0522 43 70 70<br \/>\n<\/span>E-mail\u00a0:\u00a0<strong><a href=\"mailto:segreteria.casablanca@esteri.it\">segreteria.casablanca@esteri.it<\/a><\/strong><\/p>\n","protected":false},"excerpt":{"rendered":"AVVERTENZA Si raccomanda di contattare il Consolato preferibilmente via email. Si ricorda che per motivi di tutela dei dati personali, ad ogni comunicazione email va allegato il proprio documento di identit\u00e0. Si invitano gli utenti, prima di scrivere, a voler verificare se nella relativa sezione di questo sito web non siano gi\u00e0 pubblicate le informazioni [&hellip;]","protected":false},"author":1,"featured_media":0,"parent":13,"menu_order":6,"comment_status":"closed","ping_status":"closed","template":"","meta":{"footnotes":""},"class_list":["post-36","page","type-page","status-publish","hentry"],"_links":{"self":[{"href":"https:\/\/conscasablanca.esteri.it\/it\/wp-json\/wp\/v2\/pages\/36","targetHints":{"allow":["GET"]}}],"collection":[{"href":"https:\/\/conscasablanca.esteri.it\/it\/wp-json\/wp\/v2\/pages"}],"about":[{"href":"https:\/\/conscasablanca.esteri.it\/it\/wp-json\/wp\/v2\/types\/page"}],"author":[{"embeddable":true,"href":"https:\/\/conscasablanca.esteri.it\/it\/wp-json\/wp\/v2\/users\/1"}],"replies":[{"embeddable":true,"href":"https:\/\/conscasablanca.esteri.it\/it\/wp-json\/wp\/v2\/comments?post=36"}],"version-history":[{"count":2,"href":"https:\/\/conscasablanca.esteri.it\/it\/wp-json\/wp\/v2\/pages\/36\/revisions"}],"predecessor-version":[{"id":338,"href":"https:\/\/conscasablanca.esteri.it\/it\/wp-json\/wp\/v2\/pages\/36\/revisions\/338"}],"up":[{"embeddable":true,"href":"https:\/\/conscasablanca.esteri.it\/it\/wp-json\/wp\/v2\/pages\/13"}],"wp:attachment":[{"href":"https:\/\/conscasablanca.esteri.it\/it\/wp-json\/wp\/v2\/media?parent=36"}],"curies":[{"name":"wp","href":"https:\/\/api.w.org\/{rel}","templated":true}]}}