{"id":313,"date":"2023-10-04T13:17:02","date_gmt":"2023-10-04T12:17:02","guid":{"rendered":"https:\/\/conscasablanca.esteri.it\/?page_id=313"},"modified":"2023-10-04T13:17:28","modified_gmt":"2023-10-04T12:17:28","slug":"altre-associazioni-di-categoria","status":"publish","type":"page","link":"https:\/\/conscasablanca.esteri.it\/it\/italia-e-marocco\/diplomazia-economica\/fare-affari-in-italia\/link-utili\/altre-associazioni-di-categoria\/","title":{"rendered":"Altre Associazioni di Categoria"},"content":{"rendered":"<h2>Alcune organizzazioni rappresentative<\/h2>\n<p>&nbsp;<\/p>\n<h4>CONFAPI<br \/>\nConfederazione Italiana della Piccola e Media Industria<\/h4>\n<p>La Confapi \u00e8 cresciuta accanto alla piccola impresa italiana ed \u00e8 oggi una realt\u00e0 consolidata che rappresenta oltre 50mila aziende con circa un milione di addetti.<\/p>\n<p>Finalit\u00e0 istituzionali della Confapi sono la difesa degli interessi e la valorizzazione dell&#8217;industria italiana di piccola e media dimensione. Le iniziative e i programmi sono svolti con l&#8217;obiettivo di favorire lo sviluppo economico e civile del Paese, in collegamento con le organizzazioni ed istituzioni nazionali ed europee.<\/p>\n<p>La Confederazione svolge il proprio ruolo di rappresentanza e di proposta a favore della piccola e media industria, sostenendo una politica economica nazionale, che faciliti la crescita imprenditoriale.<\/p>\n<p><a href=\"http:\/\/www.confapi.it\/\" target=\"_blank\" rel=\"noopener\"><u><strong>www.confapi.it<\/strong><\/u><\/a><\/p>\n<p>&nbsp;<\/p>\n<h4>FORMEZ<br \/>\nCentro di Formazione e Studi<\/h4>\n<p><a href=\"http:\/\/www.formez.it\"><strong><u>www.formez.it<\/u><\/strong><\/a><\/p>\n<h4>INFORMEST<br \/>\nCentro di Servizi e Documentazione per la Cooperazione Economica Internazionale<\/h4>\n<p><a href=\"http:\/\/www.informest.it\" target=\"_blank\" rel=\"noopener\"><u><strong>www.informest.it<\/strong><\/u><\/a><\/p>\n<h4>SACE<br \/>\nServizi Assicurativi del Commercio Estero<\/h4>\n<p><a href=\"http:\/\/www.sace.it\" target=\"_blank\" rel=\"noopener\"><strong><u>www.sace.it<\/u><\/strong><\/a><\/p>\n<h4>SIMEST<br \/>\nFinanziaria di sviluppo e promozione delle imprese italiane all&#8217;estero<\/h4>\n<p><a href=\"http:\/\/www.simest.it\/\" target=\"_blank\" rel=\"noopener\"><strong><u><br \/>\nwww.simest.it<\/u><\/strong><\/a><\/p>\n","protected":false},"excerpt":{"rendered":"Alcune organizzazioni rappresentative &nbsp; CONFAPI Confederazione Italiana della Piccola e Media Industria La Confapi \u00e8 cresciuta accanto alla piccola impresa italiana ed \u00e8 oggi una realt\u00e0 consolidata che rappresenta oltre 50mila aziende con circa un milione di addetti. Finalit\u00e0 istituzionali della Confapi sono la difesa degli interessi e la valorizzazione dell&#8217;industria italiana di piccola e [&hellip;]","protected":false},"author":3,"featured_media":0,"parent":296,"menu_order":0,"comment_status":"closed","ping_status":"closed","template":"","meta":{"footnotes":""},"class_list":["post-313","page","type-page","status-publish","hentry"],"_links":{"self":[{"href":"https:\/\/conscasablanca.esteri.it\/it\/wp-json\/wp\/v2\/pages\/313","targetHints":{"allow":["GET"]}}],"collection":[{"href":"https:\/\/conscasablanca.esteri.it\/it\/wp-json\/wp\/v2\/pages"}],"about":[{"href":"https:\/\/conscasablanca.esteri.it\/it\/wp-json\/wp\/v2\/types\/page"}],"author":[{"embeddable":true,"href":"https:\/\/conscasablanca.esteri.it\/it\/wp-json\/wp\/v2\/users\/3"}],"replies":[{"embeddable":true,"href":"https:\/\/conscasablanca.esteri.it\/it\/wp-json\/wp\/v2\/comments?post=313"}],"version-history":[{"count":2,"href":"https:\/\/conscasablanca.esteri.it\/it\/wp-json\/wp\/v2\/pages\/313\/revisions"}],"predecessor-version":[{"id":315,"href":"https:\/\/conscasablanca.esteri.it\/it\/wp-json\/wp\/v2\/pages\/313\/revisions\/315"}],"up":[{"embeddable":true,"href":"https:\/\/conscasablanca.esteri.it\/it\/wp-json\/wp\/v2\/pages\/296"}],"wp:attachment":[{"href":"https:\/\/conscasablanca.esteri.it\/it\/wp-json\/wp\/v2\/media?parent=313"}],"curies":[{"name":"wp","href":"https:\/\/api.w.org\/{rel}","templated":true}]}}