{"id":288,"date":"2023-10-04T12:53:27","date_gmt":"2023-10-04T11:53:27","guid":{"rendered":"https:\/\/conscasablanca.esteri.it\/?page_id=288"},"modified":"2024-10-10T11:34:08","modified_gmt":"2024-10-10T10:34:08","slug":"norme-ed-incentivi","status":"publish","type":"page","link":"https:\/\/conscasablanca.esteri.it\/it\/italia-e-marocco\/diplomazia-economica\/fare-affari-in-italia\/norme-ed-incentivi\/","title":{"rendered":"Norme ed incentivi"},"content":{"rendered":"<p class=\"boxLevel03\"><strong>\u00a0<a title=\"Invitalia\" href=\"http:\/\/www.invitalia.it\/\" target=\"_blank\" rel=\"noopener\">Il sito web di Invitalia<\/a><\/strong><\/p>\n<p>Nel corso degli anni \u201990 sono state introdotte riforme strutturali che hanno permesso all\u2019Italia di armonizzare il proprio quadro normativo, fiscale ed agevolativo agli standard europei.<\/p>\n<p>In particolare sono state attuate riforme importanti nel mercato del lavoro, del credito, dell\u2019energia, della Pubblica Amministrazione<\/p>\n<p>Sono stati rivoluzionati i tre fondamentali comparti della legislazione economica. Filo conduttore degli interventi \u00e8 stato l\u2019adeguamento delle regole a quelle dei Paesi pi\u00f9 avanzati, al fine di rendere il Sistema Italia pi\u00f9 attraente per gli operatori economici e pi\u00f9 competitivo nel confronto internazionale.<\/p>\n","protected":false},"excerpt":{"rendered":"\u00a0Il sito web di Invitalia Nel corso degli anni \u201990 sono state introdotte riforme strutturali che hanno permesso all\u2019Italia di armonizzare il proprio quadro normativo, fiscale ed agevolativo agli standard europei. In particolare sono state attuate riforme importanti nel mercato del lavoro, del credito, dell\u2019energia, della Pubblica Amministrazione Sono stati rivoluzionati i tre fondamentali comparti [&hellip;]","protected":false},"author":3,"featured_media":0,"parent":64,"menu_order":0,"comment_status":"closed","ping_status":"closed","template":"","meta":{"footnotes":""},"class_list":["post-288","page","type-page","status-publish","hentry"],"_links":{"self":[{"href":"https:\/\/conscasablanca.esteri.it\/it\/wp-json\/wp\/v2\/pages\/288","targetHints":{"allow":["GET"]}}],"collection":[{"href":"https:\/\/conscasablanca.esteri.it\/it\/wp-json\/wp\/v2\/pages"}],"about":[{"href":"https:\/\/conscasablanca.esteri.it\/it\/wp-json\/wp\/v2\/types\/page"}],"author":[{"embeddable":true,"href":"https:\/\/conscasablanca.esteri.it\/it\/wp-json\/wp\/v2\/users\/3"}],"replies":[{"embeddable":true,"href":"https:\/\/conscasablanca.esteri.it\/it\/wp-json\/wp\/v2\/comments?post=288"}],"version-history":[{"count":2,"href":"https:\/\/conscasablanca.esteri.it\/it\/wp-json\/wp\/v2\/pages\/288\/revisions"}],"predecessor-version":[{"id":1619,"href":"https:\/\/conscasablanca.esteri.it\/it\/wp-json\/wp\/v2\/pages\/288\/revisions\/1619"}],"up":[{"embeddable":true,"href":"https:\/\/conscasablanca.esteri.it\/it\/wp-json\/wp\/v2\/pages\/64"}],"wp:attachment":[{"href":"https:\/\/conscasablanca.esteri.it\/it\/wp-json\/wp\/v2\/media?parent=288"}],"curies":[{"name":"wp","href":"https:\/\/api.w.org\/{rel}","templated":true}]}}