{"id":16,"date":"2023-04-03T18:24:11","date_gmt":"2023-04-03T16:24:11","guid":{"rendered":"https:\/\/consolatozurigo.esteri.it\/?page_id=16"},"modified":"2023-09-19T14:44:01","modified_gmt":"2023-09-19T13:44:01","slug":"servizi-consolari-e-visti","status":"publish","type":"page","link":"https:\/\/conscasablanca.esteri.it\/it\/servizi-consolari-e-visti\/","title":{"rendered":"Servizi Consolari e Visti"},"content":{"rendered":"<p>In questa sezione del sito vengono presentati i servizi offerti dal Consolato Generale d&#8217;Italia a Casablanca.<br \/>\nIl Consolato ha il compito di assicurare la tutela degli italiani all&#8217;estero ed offre diversi servizi.<br \/>\nI servizi devono essere forniti secondo principi di eguaglianza, imparzialit\u00e0, efficienza e trasparenza avendo come obiettivo la tutela dei cittadini italiani rispetto ai diritti fondamentali ed alla libert\u00e0 personale.<br \/>\nLa tutela riguarda, ad esempio, i casi di decesso, incidente, malattia grave, arresto o detenzione, atti di violenza, assistenza in caso di crisi gravi (catastrofi naturali, disordini civili, conflitti armati, ecc.), rilascio ai cittadini non residenti di documenti di viaggio d\u2019emergenza causa perdita o furto del passaporto.<\/p>\n<p><strong>ATTENZIONE<\/strong><\/p>\n<p>Per assicurare l&#8217;effettivo rispetto dei principi richiamati, l&#8217;accesso agli sportelli avviene mediante un sistema di prenotazione online. Poich\u00e9 la collettivit\u00e0 residente \u00e8 particolarmente numerosa, le prenotazioni si saturano in breve tempo. Tutte le domande ricevute vengono trattate secondo l&#8217;ordine cronologico di arrivo. Per alcuni servizi \u00e8 possibile inviare la richiesta per posta elettronica secondo quanto specificato nelle apposite sezioni.<\/p>\n","protected":false},"excerpt":{"rendered":"In questa sezione del sito vengono presentati i servizi offerti dal Consolato Generale d&#8217;Italia a Casablanca. Il Consolato ha il compito di assicurare la tutela degli italiani all&#8217;estero ed offre diversi servizi. I servizi devono essere forniti secondo principi di eguaglianza, imparzialit\u00e0, efficienza e trasparenza avendo come obiettivo la tutela dei cittadini italiani rispetto ai [&hellip;]","protected":false},"author":1,"featured_media":0,"parent":0,"menu_order":6,"comment_status":"closed","ping_status":"closed","template":"","meta":{"footnotes":""},"class_list":["post-16","page","type-page","status-publish","hentry"],"_links":{"self":[{"href":"https:\/\/conscasablanca.esteri.it\/it\/wp-json\/wp\/v2\/pages\/16","targetHints":{"allow":["GET"]}}],"collection":[{"href":"https:\/\/conscasablanca.esteri.it\/it\/wp-json\/wp\/v2\/pages"}],"about":[{"href":"https:\/\/conscasablanca.esteri.it\/it\/wp-json\/wp\/v2\/types\/page"}],"author":[{"embeddable":true,"href":"https:\/\/conscasablanca.esteri.it\/it\/wp-json\/wp\/v2\/users\/1"}],"replies":[{"embeddable":true,"href":"https:\/\/conscasablanca.esteri.it\/it\/wp-json\/wp\/v2\/comments?post=16"}],"version-history":[{"count":1,"href":"https:\/\/conscasablanca.esteri.it\/it\/wp-json\/wp\/v2\/pages\/16\/revisions"}],"predecessor-version":[{"id":229,"href":"https:\/\/conscasablanca.esteri.it\/it\/wp-json\/wp\/v2\/pages\/16\/revisions\/229"}],"wp:attachment":[{"href":"https:\/\/conscasablanca.esteri.it\/it\/wp-json\/wp\/v2\/media?parent=16"}],"curies":[{"name":"wp","href":"https:\/\/api.w.org\/{rel}","templated":true}]}}