{"id":1391,"date":"2023-11-21T14:54:27","date_gmt":"2023-11-21T13:54:27","guid":{"rendered":"https:\/\/conscasablanca.esteri.it\/?page_id=1391"},"modified":"2023-11-21T14:54:27","modified_gmt":"2023-11-21T13:54:27","slug":"consigli-di-viaggio","status":"publish","type":"page","link":"https:\/\/conscasablanca.esteri.it\/it\/chi-siamo\/contatti\/in-linea-con-lutente\/informazioni-utili\/consigli-di-viaggio\/","title":{"rendered":"Consigli di Viaggio"},"content":{"rendered":"<p>Si invitano i connazionali che intendono recarsi in Marocco a prestare la dovuta attenzione all\u2019organizzazione del viaggio, a visitare il sito\u00a0<a href=\"http:\/\/www.viaggiaresicuri.it\/\">Viaggiare Sicuri<\/a>\u00a0per ogni utile informazione, suggerendo, in particolare, di:<\/p>\n<p>&nbsp;<\/p>\n<p>1 &#8211; Per un soggiorno non superiore ai tre mesi \u00e8 necessario il passaporto in corso di validit\u00e0 (almeno per il periodo di permanenza di Marocco).<br \/>\nPer ulteriori informazioni sulla documentazione necessaria per l\u2019ingresso nel Paese contattare l\u2019Ambasciata del Regno del Marocco in Italia, Tel: (+39) 06.855080201\/02\/03\/04; e-mail:\u00a0<a href=\"mailto:ambmaroccoroma@maec.gov.ma,\">ambmaroccoroma@maec.gov.ma,<\/a>\u00a0oppure visitare\u00a0<a href=\"https:\/\/www.ambasciatamarocco.it\/\">https:\/\/www.ambasciatamarocco.it<\/a>\u00a0\u00a0 .<\/p>\n<p>I viaggiatori stranieri non residenti in Marocco potrebbero essere invitati a presentare alle Autorit\u00e0 marocchine competenti negli aeroporti nazionali il biglietto di ritorno, nonch\u00e9 prove di adeguati mezzi economici di sostentamento durante il soggiorno nel Regno.<\/p>\n<p>Per i cittadini italiani non \u00e8 necessario il visto se la permanenza \u00e8 inferiore a 90 giorni; se si dovesse superare tale limite per soggiorno turistico si potrebbero incontrare delle difficolt\u00e0 al momento dell\u2019uscita dal Marocco ed essere soggetti al pagamento di una sanzione;<\/p>\n<p>&nbsp;<\/p>\n<p>2 &#8211; stipulare una polizza sanitaria internazionale che preveda anche il rimpatrio d\u2019emergenza del malato;<\/p>\n<p>&nbsp;<\/p>\n<p>3 &#8211; registrarsi sul sito\u00a0<a href=\"https:\/\/www.dovesiamonelmondo.it\/\">Dove Siamo Nel Mondo<\/a>\u00a0notificando la propria presenza (data di arrivo e di partenza, luoghi di permanenza) per poter essere rintracciati in caso di emergenza; prima di intraprendere il viaggio fare fotocopia dei documenti di viaggio onde evitare di trovarsi, in caso di furto o smarrimento, senza alcun supporto che possa favorire il riconoscimento; non circolare portandoli tutti con s\u00e9, ricorrendo piuttosto a fotocopie; non lasciare incustoditi i propri effetti personali.<\/p>\n<p>&nbsp;<\/p>\n<p>COSA FARE IN CASO DI:<\/p>\n<p>&nbsp;<\/p>\n<p>1 &#8211; FURTO O SMARRIMENTO DI DOCUMENTI: Il Consolato Generale a Casablanca puo\u2019 rilasciare un documento provvisorio di viaggio (E.T.D.) per il rientro in Italia (senza appuntamento dal luned\u00ec al gioved\u00ec dalle 9 alle 13). Per i casi di comprovata urgenza al di fuori di tali orari consultare\u00a0<a href=\"https:\/\/conscasablanca.esteri.it\/it\/servizi-consolari-e-visti\/servizi-per-il-cittadino-italiano\/assistenza-ai-cittadini-allestero\/emergenze-consolari\/\">Emergenze Consolari<\/a>.<br \/>\nIn caso di furto o smarrimento di carte di credito \u00e8 evidentemente opportuno bloccarle quanto prima per evitarne un uso fraudolento. Se ci si ritrova in difficolt\u00e0 finanziarie, per ottenere con la massima rapidit\u00e0 l\u2019invio di denaro dall\u2019Italia, \u00e8 consigliabile rivolgersi ad un\u2019agenzia specializzata del tipo \u201cWestern Union\u201d (per informazioni consultare il sito westernunion.it oppure telefonare dall\u2019 Italia al numero 800 789 124 (disponibile dalle 8:00 alle 23:00) dall\u2019estero chiamare il +322 639 7065).<br \/>\nSe il destinatario \u00e8 sprovvisto di documento d\u2019identit\u00e0 dovr\u00e0 essere concordata e comunicata alla Western Union anche una parola chiave, che verr\u00e0 richiesta al momento del pagamento.<\/p>\n<p>&nbsp;<\/p>\n<p>2 \u2013 MALATTIA O INCIDENTE: le strutture pubbliche non corrispondono agli standard europei e si render\u00e0 quindi necessario il ricovero in una struttura privata. SI RIBADISCE LA NECESSITA DI STIPULARE UNA POLIZZA SANITARIA INTERNAZIONALE CHE PREVEDA ANCHE IL RIMPATRIO IN CASO DI EVENTI CHE RICHIEDANO CURE, INTERVENTI ED ATTREZZATURE INDISPONIBILI ANCHE PRESSO LE STRUTTURE PRIVATE.<\/p>\n<p>&nbsp;<\/p>\n<p>3- VITTIMA DI UN REATO: Sporgere denuncia presso il pi\u00f9 vicino Commissariato di Polizia. Per contattare la Polizia comporre 19 da un telefono fisso e 112 da un cellulare, per la Gendarmeria 177. Potrebbe essere necessario l\u2019ausilio di un legale professionista di riferimento.<\/p>\n<p>&nbsp;<\/p>\n<p>4- PER CHI SI RECA IN MAROCCO IN AUTO: Le polizze assicurative italiane per le autovetture non coprono i rischi sul territorio del Regno del Marocco. Tuttavia \u00e8 possibile stipulare un\u2019assicurazione all\u2019ingresso nel Paese (Tangeri, Ceuta). Nel caso l\u2019autovettura non appartenga al conducente \u00e8 indispensabile una procura rilasciata dal proprietario del mezzo (autenticata da un notaio o presso il Comune di residenza) tradotta in lingua francese. Se si entra in Marocco con un\u2019autovettura, questa sar\u00e0 registrata nel sistema informatico delle Dogane e risulter\u00e0 sui computer di tutti i posti di frontiera marocchini. Il turista che tenta di lasciare il Marocco senza la macchina con cui \u00e8 arrivato nel Paese sar\u00e0 trattenuto dalla Polizia di frontiera. \u00c8 quindi impossibile, salvo complessa procedura doganale, entrare in macchina e ripartire senza di essa. In caso di incidente che renda l\u2019autovettura intrasportabile o inutilizzabile bisogna rivolgersi alle Autorit\u00e0 di Polizia per ottenere un\u2019attestazione indispensabile per poter passare la dogana senza l\u2019auto. \u00c8 inoltre assolutamente vietato vendere o regalare la propria macchina in Marocco senza avere completato una lunga e costosa procedura di sdoganamento.<br \/>\nLa patente italiana, in corso di validit\u00e0, permette la guida in Marocco per un massimo di 3 mesi.<\/p>\n<p>&nbsp;<\/p>\n<p>AVVISO: Sono proibiti in Marocco e costituiscono un reato penale che pu\u00f2 comportare, oltre al fermo di polizia, la custodia cautelare in carcere: il consumo o la detenzione di sostanze stupefacenti, il possesso di materiale pornografico, l\u2019omosessualit\u00e0, la prostituzione e quindi rapporti sessuali extraconiugali anche se tra adulti maggiorenni, soprattutto se di religione musulmana. Le sanzioni sono aggravate se coinvolgono un minore.<\/p>\n<p>&nbsp;<\/p>\n<p>Inoltre, si raccomanda di:<br \/>\n&#8211; evitare l\u2019ingresso nelle moschee riservato ai musulmani (eccetto alla Grande Moschea Hassan II di Casablanca);<br \/>\n&#8211; evitare argomenti sensibili di carattere politico o religioso (incluse critiche al Re o alla famiglia reale);<br \/>\n&#8211; non consumare alcool in pubblico, soprattutto durante il periodo del Ramadan.<\/p>\n<p>&nbsp;<\/p>\n<p>SI RICORDA AI CONNAZIONALI CHE IL CONSOLATO GENERALE\u00a0<strong>PUO\u2019<\/strong>\u00a0INTERVENIRE NEI SEGUENTI CASI :<\/p>\n<p>&nbsp;<\/p>\n<p>&#8211; rilascio di documento di viaggio provvisorio (ETD) &#8211; valido per il rientro in Italia o nel proprio Paese di residenza se si \u00e8 iscritti all\u2019AIRE;<br \/>\n&#8211; assistenza ai connazionali turisti o viaggiatori in transito, vittime di rapine e incidenti che si trovano in stato di momentanea difficolt\u00e0;<br \/>\n&#8211; concessione di un prestito con promessa di restituzione, ovvero provvedere a rintracciare eventuali familiari in Italia in caso di incidenti.<\/p>\n<p>&nbsp;<\/p>\n<p>SI RICORDA AI CONNAZIONALI CHE IL CONSOLATO GENERALE\u00a0<strong>NON PUO\u2019<\/strong>\u00a0INTERVENIRE NEI SEGUENTI CASI :<\/p>\n<p>&nbsp;<\/p>\n<p>&#8211; finanziare il seguito del soggiorno in caso di perdita di denaro;<br \/>\n&#8211; pagare debiti contratti con alberghi o ospedali;<br \/>\n&#8211; pagare multe o cauzioni;<br \/>\n&#8211; fornire anticipi o onorari per avvocati o altri professionisti;<br \/>\n&#8211; assumere le spese di trasporto in caso di rimpatrio sanitario o salma<\/p>\n<p>&nbsp;<\/p>\n<p>La Circoscrizione del Consolato Generale di Casablanca comprende l\u201985% del territorio del Regno del Marocco, ci si avvale quindi anche della collaborazione della\u00a0<a href=\"https:\/\/conscasablanca.esteri.it\/it\/chi-siamo\/la-rete-consolare\/\">Rete Consolare Onoraria<\/a><\/p>\n","protected":false},"excerpt":{"rendered":"Si invitano i connazionali che intendono recarsi in Marocco a prestare la dovuta attenzione all\u2019organizzazione del viaggio, a visitare il sito\u00a0Viaggiare Sicuri\u00a0per ogni utile informazione, suggerendo, in particolare, di: &nbsp; 1 &#8211; Per un soggiorno non superiore ai tre mesi \u00e8 necessario il passaporto in corso di validit\u00e0 (almeno per il periodo di permanenza di [&hellip;]","protected":false},"author":3,"featured_media":0,"parent":1385,"menu_order":0,"comment_status":"closed","ping_status":"closed","template":"","meta":{"footnotes":""},"class_list":["post-1391","page","type-page","status-publish","hentry"],"_links":{"self":[{"href":"https:\/\/conscasablanca.esteri.it\/it\/wp-json\/wp\/v2\/pages\/1391","targetHints":{"allow":["GET"]}}],"collection":[{"href":"https:\/\/conscasablanca.esteri.it\/it\/wp-json\/wp\/v2\/pages"}],"about":[{"href":"https:\/\/conscasablanca.esteri.it\/it\/wp-json\/wp\/v2\/types\/page"}],"author":[{"embeddable":true,"href":"https:\/\/conscasablanca.esteri.it\/it\/wp-json\/wp\/v2\/users\/3"}],"replies":[{"embeddable":true,"href":"https:\/\/conscasablanca.esteri.it\/it\/wp-json\/wp\/v2\/comments?post=1391"}],"version-history":[{"count":1,"href":"https:\/\/conscasablanca.esteri.it\/it\/wp-json\/wp\/v2\/pages\/1391\/revisions"}],"predecessor-version":[{"id":1393,"href":"https:\/\/conscasablanca.esteri.it\/it\/wp-json\/wp\/v2\/pages\/1391\/revisions\/1393"}],"up":[{"embeddable":true,"href":"https:\/\/conscasablanca.esteri.it\/it\/wp-json\/wp\/v2\/pages\/1385"}],"wp:attachment":[{"href":"https:\/\/conscasablanca.esteri.it\/it\/wp-json\/wp\/v2\/media?parent=1391"}],"curies":[{"name":"wp","href":"https:\/\/api.w.org\/{rel}","templated":true}]}}