{"id":1272,"date":"2023-11-17T11:12:27","date_gmt":"2023-11-17T10:12:27","guid":{"rendered":"https:\/\/conscasablanca.esteri.it\/?page_id=1272"},"modified":"2023-11-17T11:12:27","modified_gmt":"2023-11-17T10:12:27","slug":"emergenze-consolari","status":"publish","type":"page","link":"https:\/\/conscasablanca.esteri.it\/it\/servizi-consolari-e-visti\/servizi-per-il-cittadino-italiano\/assistenza-ai-cittadini-allestero\/emergenze-consolari\/","title":{"rendered":"Emergenze Consolari"},"content":{"rendered":"<p><strong>Per situazioni di comprovata emergenza<\/strong><strong>\u00a0<\/strong>\u00e8 possibile contattare:<\/p>\n<p>da luned\u00ec al gioved\u00ec dalle ore 18:00 alle ore 22:00; e il venerd\u00ec dalle 14:00 alle 08:00 del luned\u00ec successivo<\/p>\n<p><strong>00212 (0) 661 21 73 32<\/strong><\/p>\n<p>In tutti gli altri orari, \u00e8 attivo il centralino del Consolato Generale<\/p>\n<p><strong>00212 (0) 522 43 70 70<\/strong><\/p>\n<p><em>Le linee telefoniche sono riservate\u00a0<strong>esclusivamente<\/strong>\u00a0<strong>ai cittadini italiani in situazione di reale emergenza<\/strong>\u00a0(incidente grave, decesso o altra questione comportante rischi o situazioni di pericolo per la salute o l\u2019incolumit\u00e0 personale e che richieda l\u2019intervento urgente delle autorit\u00e0 consolari) e\u00a0non possono essere utilizzate per pratiche consolari ordinarie (passaporti, visti, etc.).<\/em><\/p>\n<p>Esempi di casi che non si qualificano come emergenze: furto o smarrimento di un documento di viaggio (anche in prossimit\u00e0 della partenza), richieste sullo stato di una pratica (visto, passaporto, cittadinanza, ecc&#8230;), richiesta di appuntamento, informazioni sulle condizioni ambientali o di sicurezza del Marocco, cancellazione di un volo,<\/p>\n<p><strong>Per furto o smarrimento di documenti di viaggio:<\/strong><\/p>\n<p>Leggere le indicazioni presenti sulla home page del Consolato Generale (<a href=\"https:\/\/conscasablanca.esteri.it\/it\/servizi-consolari-e-visti\/servizi-per-il-cittadino-italiano\/emergency-travel-documents-etd\/\">clicca qui<\/a>)<\/p>\n<p><strong>Per ulteriori contatti:<\/strong><a href=\"https:\/\/conscasablanca.esteri.it\/it\/chi-siamo\/contatti\/\"><em>clicca qui<\/em><\/a><\/p>\n<p>La Circoscrizione del Consolato Generale di Casablanca comprende l\u201985% del territorio del Regno del Marocco, ci si avvale quindi anche della collaborazione della rete consolare onoraria (<a href=\"https:\/\/conscasablanca.esteri.it\/it\/chi-siamo\/la-rete-consolare\/\">clicca qui<\/a>)<\/p>\n<p>E-mail d\u2019ufficio:\u00a0<a href=\"mailto:casablanca.consolare@esteri.it\">casablanca.consolare@esteri.it<\/a><\/p>\n<p>Per informazioni visitare il Link: <a href=\"https:\/\/www.esteri.it\/it\/servizi-consolari-e-visti\/normativa_consolare\/serviziconsolari\/\">Servizi Consolari \u2013 Ministero degli Affari Esteri e della Cooperazione Internazionale<\/a><\/p>\n","protected":false},"excerpt":{"rendered":"Per situazioni di comprovata emergenza\u00a0\u00e8 possibile contattare: da luned\u00ec al gioved\u00ec dalle ore 18:00 alle ore 22:00; e il venerd\u00ec dalle 14:00 alle 08:00 del luned\u00ec successivo 00212 (0) 661 21 73 32 In tutti gli altri orari, \u00e8 attivo il centralino del Consolato Generale 00212 (0) 522 43 70 70 Le linee telefoniche sono [&hellip;]","protected":false},"author":3,"featured_media":0,"parent":87,"menu_order":0,"comment_status":"closed","ping_status":"closed","template":"","meta":{"footnotes":""},"class_list":["post-1272","page","type-page","status-publish","hentry"],"_links":{"self":[{"href":"https:\/\/conscasablanca.esteri.it\/it\/wp-json\/wp\/v2\/pages\/1272","targetHints":{"allow":["GET"]}}],"collection":[{"href":"https:\/\/conscasablanca.esteri.it\/it\/wp-json\/wp\/v2\/pages"}],"about":[{"href":"https:\/\/conscasablanca.esteri.it\/it\/wp-json\/wp\/v2\/types\/page"}],"author":[{"embeddable":true,"href":"https:\/\/conscasablanca.esteri.it\/it\/wp-json\/wp\/v2\/users\/3"}],"replies":[{"embeddable":true,"href":"https:\/\/conscasablanca.esteri.it\/it\/wp-json\/wp\/v2\/comments?post=1272"}],"version-history":[{"count":1,"href":"https:\/\/conscasablanca.esteri.it\/it\/wp-json\/wp\/v2\/pages\/1272\/revisions"}],"predecessor-version":[{"id":1274,"href":"https:\/\/conscasablanca.esteri.it\/it\/wp-json\/wp\/v2\/pages\/1272\/revisions\/1274"}],"up":[{"embeddable":true,"href":"https:\/\/conscasablanca.esteri.it\/it\/wp-json\/wp\/v2\/pages\/87"}],"wp:attachment":[{"href":"https:\/\/conscasablanca.esteri.it\/it\/wp-json\/wp\/v2\/media?parent=1272"}],"curies":[{"name":"wp","href":"https:\/\/api.w.org\/{rel}","templated":true}]}}