{"id":1229,"date":"2023-11-17T10:51:49","date_gmt":"2023-11-17T09:51:49","guid":{"rendered":"https:\/\/conscasablanca.esteri.it\/?page_id=1229"},"modified":"2025-06-04T08:47:02","modified_gmt":"2025-06-04T07:47:02","slug":"capacita-matrimoniale","status":"publish","type":"page","link":"https:\/\/conscasablanca.esteri.it\/it\/servizi-consolari-e-visti\/servizi-per-il-cittadino-italiano\/stato-civile\/capacita-matrimoniale\/","title":{"rendered":"Capacit\u00e0 matrimoniale"},"content":{"rendered":"<h1>Sposarsi in Marocco o in Italia<\/h1>\n<div class=\"sr-only\"><\/div>\n<div>\n<p><strong>SPOSARSI IN MAROCCO<\/strong><\/p>\n<p>Per i cittadini italiani che intendono contrarre matrimonio davanti alle Autorit\u00e0 Marocchine con cittadini marocchini, \u00e8 necessario il certificato di capacit\u00e0 matrimoniale\/nulla-osta al matrimonio.<\/p>\n<p><strong>ATTENZIONE:<\/strong><\/p>\n<p>\u2022 Non \u00e8 possibile rilasciare il certificato di capacit\u00e0 matrimoniale\/nulla-osta al matrimonio ai cittadini italiani in possesso anche della cittadinanza marocchina poich\u00e9 prevale la cittadinanza marocchina.<\/p>\n<p>\u2022 Coloro che intendano sposarsi a Rabat-Sal\u00e9 e nelle province limitrofe di Skhirat, Temara, Khemisset, Tiflet e Rommani, dovranno richiedere il certificato all\u2019Ambasciata d\u2019Italia a Rabat.<\/p>\n<p>Per il rilascio del certificato di certificato di capacit\u00e0 matrimoniale\/nulla-osta al matrimonio presso il Consolato Generale d\u2019Italia a Casablanca \u00e8 necessario recarsi presso il Consolato previo appuntamento \u2013 da prenotarsi esclusivamente inviando una e-mail all&#8217;indirizzo <a href=\"mailto:casablanca.consolare@esteri.it\">casablanca.consolare@esteri.it<\/a>\u00a0 \u2013 muniti dei seguenti documenti in originale:<\/p>\n<p>&nbsp;<\/p>\n<p>Per i cittadini italiani:<\/p>\n<p>&#8211; Dichiarazione sostitutiva di certificazione (<a href=\"https:\/\/conscasablanca.esteri.it\/wp-content\/uploads\/2023\/11\/DICHIARAZIONE-SOSTITUTIVA-DI-CERTIFICAZIONI.doc\" target=\"_blank\" rel=\"noopener\">scarica modulo<\/a>);<\/p>\n<p>&#8211; Originale e fotocopia del documento d&#8217;identit\u00e0 italiano. Il giorno dell\u2019appuntamento si potr\u00e0 richiedere la copia conforme del documento da presentare alle autorit\u00e0 marocchine (costo del servizio 109,00 DH variabile secondo la fluttuazione del cambio della valuta);<\/p>\n<p>&#8211; Certificato contestuale di cittadinanza, residenza e stato libero;<\/p>\n<p>&#8211; In caso di divorzio: fotocopia dell\u2019atto di matrimonio con annotazione del divorzio rilasciato dal Comune italiano;<\/p>\n<p>&#8211; In caso di vedovanza: atto di morte del coniuge;<\/p>\n<p>&#8211; Certificato del Casellario giudiziario;<\/p>\n<p>&#8211; Pagamento della tassa di 65,00 DH (costo del servizio variabile secondo la fluttuazione del cambio della valuta) per il certificato di nulla-osta al matrimonio.<\/p>\n<p>&nbsp;<\/p>\n<p>Per i cittadini marocchini:<\/p>\n<p>&#8211; Atto integrale di nascita marocchino (acte int\u00e9gral d\u2019acte de naissance);<\/p>\n<p>&#8211; Certificato di residenza rilasciato dalla autorit\u00e0 marocchine (certificat de r\u00e9sidence);<\/p>\n<p>&#8211; Certificato di cittadinanza rilasciato dalla autorit\u00e0 marocchine (certificat de nationalit\u00e9);<\/p>\n<p>&#8211; Certificato di stato libero rilasciato dalla autorit\u00e0 marocchine (certificat de c\u00e9libat);<\/p>\n<p>&#8211; Casellario giudiziario rilasciato dalla autorit\u00e0 marocchine (extrait de la fiche anthropom\u00e9trique);<\/p>\n<p>&#8211; In caso di divorzio: sentenza di divorzio rilasciata dalla autorit\u00e0 marocchine (acte de divorce);<\/p>\n<p>&#8211; In caso di divorzio: attestato di non aver contratto nuovo matrimonio rilasciato dalla autorit\u00e0 marocchine (attestation de non remariage);<\/p>\n<p>&#8211; Originale e fotocopia del documento d&#8217;identit\u00e0 (original et photocopie du passeport et de la carte d\u2019identit\u00e9 nationale).<\/p>\n<p>&nbsp;<\/p>\n<p><strong>IMPORTANTE:<\/strong><\/p>\n<p>&#8211; I documenti presentati devono avere una data di emissione inferiore ai sei mesi.<\/p>\n<p>&#8211; I documenti rilasciati dall&#8217;autorit\u00e0 Marocchina dovranno essere debitamente tradotti in italiano da un traduttore giurato (<a href=\"https:\/\/conscasablanca.esteri.it\/wp-content\/uploads\/2024\/10\/Traduttori.pdf\">lista dei traduttori<\/a>).<\/p>\n<p>&#8211; I documenti originali e la traduzione devono essere muniti di Apostille (<a href=\"http:\/\/www.apostille.ma\/\">www.apostille.ma<\/a>).<\/p>\n<p>&#8211; Il certificato di certificato di capacit\u00e0 matrimoniale\/nulla-osta al matrimonio ha una validit\u00e0 di 6 mesi.<\/p>\n<p>Dopo la celebrazione del matrimonio, dovr\u00e0 essere richiesto al Tribunale marocchino l&#8217;atto di matrimonio in originale e apostillato per poter trascrivere il matrimonio in Italia.<\/p>\n<\/div>\n<p>La trascrizione dell&#8217;atto pu\u00f2 essere richiesta dal cittadino al Consolato che provveder\u00e0 ad inviare l\u2019atto per la successiva trascrizione al Comune in Italia. Per maggiori informazioni visitare la sezione \u201cStato Civile &gt; Matrimonio\u201d.<\/p>\n<p>\u00c8 possibile richiedere la trascrizione anche direttamente al Comune di residenza portando con s\u00e9 il documento originale con aggiunta di traduzione in Italiano e Apostille.<\/p>\n<p>&nbsp;<\/p>\n<div>\n<p><strong>SPOSARSI IN ITALIA<\/strong><\/p>\n<p>I cittadini italiani che risiedono in Marocco e sono iscritti all\u2019A.I.R.E. in questa circoscrizione consolare per poter sposarsi in Italia dovranno richiedere le pubblicazioni matrimoniali al Consolato Generale d\u2019Italia a Casablanca.<\/p>\n<p>Per la richiesta di pubblicazioni \u00e8 necessario recarsi presso il Consolato previo appuntamento \u2013 da prenotarsi esclusivamente inviando una e-mail all&#8217;indirizzo\u00a0<a href=\"mailto:casablanca.consolare@esteri.it\">casablanca.consolare@esteri.it<\/a>\u00a0 \u2013 muniti dei seguenti documenti:<\/p>\n<p>Per i cittadini italiani:<\/p>\n<p>&#8211; Dichiarazione sostitutiva di certificazione (<a href=\"http:\/\/conscasablanca.esteri.it\/consolato_casablanca\/resource\/doc\/2023\/09\/richiesta_pubblicazioni_matrimonio2.pdf\" target=\"_blank\" rel=\"noopener\">scarica modulo<\/a>);<\/p>\n<p>&#8211; Originale e fotocopia del documento d&#8217;identit\u00e0 italiano;<\/p>\n<p>&#8211; In caso di divorzio: atto di matrimonio con annotazione di divorzio rilasciato dal Comune italiano;<\/p>\n<p>&#8211; In caso di vedovanza: atto di morte del coniuge;<\/p>\n<p>&#8211; Pagamento della tassa di 311 DH (costo del servizio variabile secondo la fluttuazione del cambio della valuta ed \u00e8 comprensivo di imposta di bollo art. NAA della T.C. + pubblicazioni all\u2019albo art. 03 T.C. + avvenute pubblicazioni art. 02C T.C.).<\/p>\n<p>&nbsp;<\/p>\n<p>Per i cittadini stranieri:<\/p>\n<p>&#8211; Atto integrale di nascita;<\/p>\n<p>&#8211; Certificato di residenza rilasciato dalla autorit\u00e0 del proprio paese (certificat de r\u00e9sidence);<\/p>\n<p>&#8211; Certificato di cittadinanza rilasciato dalla autorit\u00e0 del proprio paese (certificat de nationalit\u00e9);<\/p>\n<p>&#8211; Certificato di stato libero rilasciato dalla autorit\u00e0 del proprio paese (certificat de c\u00e9libat);<\/p>\n<p>&#8211; certificato di nulla-osta al matrimonio (oppure capacit\u00e0 matrimoniale qualora il paese aderisca alla Convenzione di Monaco del 1980) in originale rilasciato dalle autorit\u00e0 del proprio paese da non oltre 6 mesi;<\/p>\n<p>&#8211; Casellario giudiziario rilasciato dalla autorit\u00e0 del proprio paese (extrait de la fiche anthropom\u00e9trique);<\/p>\n<p>&#8211; In caso di divorzio: sentenza di divorzio rilasciata dalla autorit\u00e0 del proprio paese (acte de divorce);<\/p>\n<p>&#8211; In caso di divorzio: attestato di non aver contratto nuovo matrimonio rilasciato dalla autorit\u00e0 del proprio paese (attestation de non remariage);<\/p>\n<p>&#8211; Originale e fotocopia del documento d&#8217;identit\u00e0 (original et photocopie du passeport et de la carte d\u2019identit\u00e9 nationale).<\/p>\n<p>&nbsp;<\/p>\n<p><strong>IMPORTANTE:<\/strong><\/p>\n<p>&#8211; I documenti presentati devono avere una data di emissione inferiore ai sei mesi.<\/p>\n<p>&#8211; I documenti rilasciati dall&#8217;autorit\u00e0 straniere dovranno essere debitamente tradotti in italiano da un traduttore giurato (<a href=\"https:\/\/conscasablanca.esteri.it\/wp-content\/uploads\/2024\/10\/Traduttori.pdf\">lista dei traduttori<\/a>).<\/p>\n<p>&#8211; I documenti originali e la traduzione devono essere muniti di Apostille (<a href=\"http:\/\/www.apostille.ma\/\">Apostille.ma<\/a>).<\/p>\n<p>&#8211; Le avvenute pubblicazioni permettono di sposarsi in Italia entro 180 giorni dalla data di rilascio.<\/p>\n<\/div>\n","protected":false},"excerpt":{"rendered":"Sposarsi in Marocco o in Italia SPOSARSI IN MAROCCO Per i cittadini italiani che intendono contrarre matrimonio davanti alle Autorit\u00e0 Marocchine con cittadini marocchini, \u00e8 necessario il certificato di capacit\u00e0 matrimoniale\/nulla-osta al matrimonio. ATTENZIONE: \u2022 Non \u00e8 possibile rilasciare il certificato di capacit\u00e0 matrimoniale\/nulla-osta al matrimonio ai cittadini italiani in possesso anche della cittadinanza marocchina [&hellip;]","protected":false},"author":3,"featured_media":0,"parent":86,"menu_order":0,"comment_status":"closed","ping_status":"closed","template":"","meta":{"footnotes":""},"class_list":["post-1229","page","type-page","status-publish","hentry"],"_links":{"self":[{"href":"https:\/\/conscasablanca.esteri.it\/it\/wp-json\/wp\/v2\/pages\/1229","targetHints":{"allow":["GET"]}}],"collection":[{"href":"https:\/\/conscasablanca.esteri.it\/it\/wp-json\/wp\/v2\/pages"}],"about":[{"href":"https:\/\/conscasablanca.esteri.it\/it\/wp-json\/wp\/v2\/types\/page"}],"author":[{"embeddable":true,"href":"https:\/\/conscasablanca.esteri.it\/it\/wp-json\/wp\/v2\/users\/3"}],"replies":[{"embeddable":true,"href":"https:\/\/conscasablanca.esteri.it\/it\/wp-json\/wp\/v2\/comments?post=1229"}],"version-history":[{"count":6,"href":"https:\/\/conscasablanca.esteri.it\/it\/wp-json\/wp\/v2\/pages\/1229\/revisions"}],"predecessor-version":[{"id":2516,"href":"https:\/\/conscasablanca.esteri.it\/it\/wp-json\/wp\/v2\/pages\/1229\/revisions\/2516"}],"up":[{"embeddable":true,"href":"https:\/\/conscasablanca.esteri.it\/it\/wp-json\/wp\/v2\/pages\/86"}],"wp:attachment":[{"href":"https:\/\/conscasablanca.esteri.it\/it\/wp-json\/wp\/v2\/media?parent=1229"}],"curies":[{"name":"wp","href":"https:\/\/api.w.org\/{rel}","templated":true}]}}