{"id":2001,"date":"2023-10-04T14:36:34","date_gmt":"2023-10-04T13:36:34","guid":{"rendered":"https:\/\/conscasablanca.esteri.it\/servizi-consolari-e-visti\/servizi-per-il-cittadino-italiano\/altri-servizi\/albo-consolare\/bando-concorso-alloggi-erp\/"},"modified":"2024-10-15T12:47:42","modified_gmt":"2024-10-15T11:47:42","slug":"bando-concorso-alloggi-erp","status":"publish","type":"page","link":"https:\/\/conscasablanca.esteri.it\/fr\/servizi-consolari-e-visti\/servizi-per-il-cittadino-italiano\/altri-servizi\/albo-consolare\/bando-concorso-alloggi-erp\/","title":{"rendered":"Appel d&rsquo;offres pour les logements ERP"},"content":{"rendered":"<p><strong>28-07-2017 : VILLE DE VILLAROSA (EN) \u2013 PUBLICIT\u00c9 DE L&rsquo;APPEL D&rsquo;OFFRES POUR L&rsquo;ATTRIBUTION DE LOGEMENTS SOCIAUX DE L&rsquo;E.R.P.<\/strong><\/p>\n<p>La Ville de Villarosa (EN) a annonc\u00e9 \u2013 par un appel d&rsquo;offres en date du 10 mai 2017 \u2013 l&rsquo;organisation d&rsquo;un concours pour l&rsquo;attribution de logements en location simple. Les demandes doivent \u00eatre envoy\u00e9es par courrier recommand\u00e9 avec accus\u00e9 de r\u00e9ception \u00e0 l&rsquo;adresse suivante :<br \/>\n\u2013 Ville de Villarosa \u2013 Corso Regina Margherita n. 31 \u2013 94010 Villarosa (EN) \u2013 T\u00e9l. 0935\/31104 \u2013 Fax 0935\/32790 (www.comune.villarosa.en.it) (e-mail : urbanistica@comune.villarosa.en.it)<br \/>\nLes d\u00e9lais pour la pr\u00e9sentation des demandes sont de 60 jours \u00e0 compter de la date de publication de l&rsquo;appel d&rsquo;offres.<br \/>\nPour les travailleurs \u00e9migr\u00e9s \u00e0 l&rsquo;\u00e9tranger, les d\u00e9lais sont prolong\u00e9s comme suit :<\/p>\n<ul>\n<li>120 jours pour les r\u00e9sidents dans l&rsquo;espace europ\u00e9en<\/li>\n<li>150 jours pour les r\u00e9sidents dans les pays hors Europe<\/li>\n<\/ul>\n<p>***********************************************************************************************<\/p>\n<p><strong>25-07-2017 : VILLE DE GENONI (OR) \u2013 PUBLICIT\u00c9 DE L&rsquo;APPEL D&rsquo;OFFRES POUR L&rsquo;ATTRIBUTION DE LOGEMENTS SOCIAUX DE L&rsquo;E.R.P.<\/strong><\/p>\n<p>La Ville de Genoni (OR) a annonc\u00e9 \u2013 par un appel d&rsquo;offres en date du 06 juillet 2017 \u2013 l&rsquo;organisation d&rsquo;un concours pour l&rsquo;attribution de logements de r\u00e9sidence publique. Les demandes doivent \u00eatre envoy\u00e9es par courrier recommand\u00e9 avec accus\u00e9 de r\u00e9ception \u00e0 l&rsquo;adresse suivante : Comune di Genoni \u2013 Via Su Paddiu n. 2 \u2013 08030 GENONI (OR)<\/p>\n<ul>\n<li>T\u00e9l. 0782\/810023<\/li>\n<li>Fax 0782\/811163<\/li>\n<li>Email www.comune.genoni.or.it PEC : comune.genoni@legamail.it<\/li>\n<\/ul>\n<p>Les d\u00e9lais pour la pr\u00e9sentation des demandes sont de 30 jours \u00e0 compter de la date de publication de l&rsquo;appel d&rsquo;offres.<br \/>\nPour les travailleurs \u00e9migr\u00e9s \u00e0 l&rsquo;\u00e9tranger, les d\u00e9lais sont prolong\u00e9s comme suit :<\/p>\n<ul>\n<li>60 jours pour les r\u00e9sidents dans l&rsquo;espace europ\u00e9en<\/li>\n<li>90 jours pour les r\u00e9sidents dans les pays hors Europe<\/li>\n<\/ul>\n<p>***********************************************************************************************<\/p>\n<p><strong>26-06-2017 : VILLE D&rsquo;USELLUS (OR) \u2013 PUBLICIT\u00c9 DE L&rsquo;APPEL D&rsquo;OFFRES POUR L&rsquo;ATTRIBUTION DE LOGEMENTS SOCIAUX DE L&rsquo;E.R.P.<\/strong><\/p>\n<p>La Ville d&rsquo;Usellus (OR) a annonc\u00e9 \u2013 par un appel d&rsquo;offres en date du 15 juin 2017 \u2013 l&rsquo;organisation d&rsquo;un concours pour l&rsquo;attribution de logements de r\u00e9sidence publique destin\u00e9s \u00e0 l&rsquo;assistance \u00e0 l&rsquo;habitat.<br \/>\nLes demandes doivent \u00eatre envoy\u00e9es par courrier recommand\u00e9 avec accus\u00e9 de r\u00e9ception \u00e0 l&rsquo;adresse suivante :<\/p>\n<ul>\n<li>Comune di Usellus \u2013 Via Eleonora d\u2019Arborea n. 58- 09090 Osellus (OR) \u2013 Tel. 0783\/938001 \u2013 Fax 0783938407 (e-mail: <a href=\"mailto:comune@comune.usellus.or.it\">comune@comune.usellus.or.it<\/a>)<\/li>\n<\/ul>\n<p>Les d\u00e9lais pour la pr\u00e9sentation des demandes sont de 45 jours \u00e0 compter de la date de publication de l&rsquo;appel d&rsquo;offres. Pour les travailleurs \u00e9migr\u00e9s \u00e0 l&rsquo;\u00e9tranger, les d\u00e9lais sont prolong\u00e9s comme suit :<\/p>\n<ul>\n<li>60 jours pour les r\u00e9sidents dans l&rsquo;espace europ\u00e9en<\/li>\n<li>90 jours pour les r\u00e9sidents dans les pays hors Europe<\/li>\n<\/ul>\n","protected":false},"excerpt":{"rendered":"28-07-2017 : VILLE DE VILLAROSA (EN) \u2013 PUBLICIT\u00c9 DE L&rsquo;APPEL D&rsquo;OFFRES POUR L&rsquo;ATTRIBUTION DE LOGEMENTS SOCIAUX DE L&rsquo;E.R.P. La Ville de Villarosa (EN) a annonc\u00e9 \u2013 par un appel d&rsquo;offres en date du 10 mai 2017 \u2013 l&rsquo;organisation d&rsquo;un concours pour l&rsquo;attribution de logements en location simple. Les demandes doivent \u00eatre envoy\u00e9es par courrier recommand\u00e9 [&hellip;]","protected":false},"author":3,"featured_media":0,"parent":177,"menu_order":0,"comment_status":"closed","ping_status":"closed","template":"","meta":{"footnotes":""},"class_list":["post-2001","page","type-page","status-publish","hentry"],"_links":{"self":[{"href":"https:\/\/conscasablanca.esteri.it\/fr\/wp-json\/wp\/v2\/pages\/2001","targetHints":{"allow":["GET"]}}],"collection":[{"href":"https:\/\/conscasablanca.esteri.it\/fr\/wp-json\/wp\/v2\/pages"}],"about":[{"href":"https:\/\/conscasablanca.esteri.it\/fr\/wp-json\/wp\/v2\/types\/page"}],"author":[{"embeddable":true,"href":"https:\/\/conscasablanca.esteri.it\/fr\/wp-json\/wp\/v2\/users\/3"}],"replies":[{"embeddable":true,"href":"https:\/\/conscasablanca.esteri.it\/fr\/wp-json\/wp\/v2\/comments?post=2001"}],"version-history":[{"count":1,"href":"https:\/\/conscasablanca.esteri.it\/fr\/wp-json\/wp\/v2\/pages\/2001\/revisions"}],"predecessor-version":[{"id":2010,"href":"https:\/\/conscasablanca.esteri.it\/fr\/wp-json\/wp\/v2\/pages\/2001\/revisions\/2010"}],"up":[{"embeddable":true,"href":"https:\/\/conscasablanca.esteri.it\/fr\/wp-json\/wp\/v2\/pages\/177"}],"wp:attachment":[{"href":"https:\/\/conscasablanca.esteri.it\/fr\/wp-json\/wp\/v2\/media?parent=2001"}],"curies":[{"name":"wp","href":"https:\/\/api.w.org\/{rel}","templated":true}]}}