{"id":1999,"date":"2023-10-04T14:36:04","date_gmt":"2023-10-04T13:36:04","guid":{"rendered":"https:\/\/conscasablanca.esteri.it\/servizi-consolari-e-visti\/servizi-per-il-cittadino-italiano\/altri-servizi\/albo-consolare\/avviso-pubblicazioni-matrimonio\/"},"modified":"2024-10-15T12:46:59","modified_gmt":"2024-10-15T11:46:59","slug":"avviso-pubblicazioni-matrimonio","status":"publish","type":"page","link":"https:\/\/conscasablanca.esteri.it\/fr\/servizi-consolari-e-visti\/servizi-per-il-cittadino-italiano\/altri-servizi\/albo-consolare\/avviso-pubblicazioni-matrimonio\/","title":{"rendered":"Avis de publications de mariage"},"content":{"rendered":"<p><strong>08\/08\/2022<\/strong> <strong>\u2013 Publication de mariage<\/strong><\/p>\n<p>Supprim\u00e9e conform\u00e9ment au R\u00e8glement 2016\/679 (RGPD).<\/p>\n","protected":false},"excerpt":{"rendered":"08\/08\/2022 \u2013 Publication de mariage Supprim\u00e9e conform\u00e9ment au R\u00e8glement 2016\/679 (RGPD).","protected":false},"author":3,"featured_media":0,"parent":177,"menu_order":0,"comment_status":"closed","ping_status":"closed","template":"","meta":{"footnotes":""},"class_list":["post-1999","page","type-page","status-publish","hentry"],"_links":{"self":[{"href":"https:\/\/conscasablanca.esteri.it\/fr\/wp-json\/wp\/v2\/pages\/1999","targetHints":{"allow":["GET"]}}],"collection":[{"href":"https:\/\/conscasablanca.esteri.it\/fr\/wp-json\/wp\/v2\/pages"}],"about":[{"href":"https:\/\/conscasablanca.esteri.it\/fr\/wp-json\/wp\/v2\/types\/page"}],"author":[{"embeddable":true,"href":"https:\/\/conscasablanca.esteri.it\/fr\/wp-json\/wp\/v2\/users\/3"}],"replies":[{"embeddable":true,"href":"https:\/\/conscasablanca.esteri.it\/fr\/wp-json\/wp\/v2\/comments?post=1999"}],"version-history":[{"count":1,"href":"https:\/\/conscasablanca.esteri.it\/fr\/wp-json\/wp\/v2\/pages\/1999\/revisions"}],"predecessor-version":[{"id":2007,"href":"https:\/\/conscasablanca.esteri.it\/fr\/wp-json\/wp\/v2\/pages\/1999\/revisions\/2007"}],"up":[{"embeddable":true,"href":"https:\/\/conscasablanca.esteri.it\/fr\/wp-json\/wp\/v2\/pages\/177"}],"wp:attachment":[{"href":"https:\/\/conscasablanca.esteri.it\/fr\/wp-json\/wp\/v2\/media?parent=1999"}],"curies":[{"name":"wp","href":"https:\/\/api.w.org\/{rel}","templated":true}]}}