{"id":1998,"date":"2023-10-04T14:34:26","date_gmt":"2023-10-04T13:34:26","guid":{"rendered":"https:\/\/conscasablanca.esteri.it\/servizi-consolari-e-visti\/servizi-per-il-cittadino-italiano\/altri-servizi\/albo-consolare\/avvisi-cambio-nome-e-cognome\/"},"modified":"2024-10-15T12:45:38","modified_gmt":"2024-10-15T11:45:38","slug":"avvisi-cambio-nome-e-cognome","status":"publish","type":"page","link":"https:\/\/conscasablanca.esteri.it\/fr\/servizi-consolari-e-visti\/servizi-per-il-cittadino-italiano\/altri-servizi\/albo-consolare\/avvisi-cambio-nome-e-cognome\/","title":{"rendered":"Avis de changement de nom et de pr\u00e9nom"},"content":{"rendered":"<p><strong>10\/03\/2023<\/strong> \u2013 Avis de changement de nom<\/p>\n<p>Supprim\u00e9 conform\u00e9ment au R\u00e8glement 2016\/679 sur le RGPD.<\/p>\n","protected":false},"excerpt":{"rendered":"10\/03\/2023 \u2013 Avis de changement de nom Supprim\u00e9 conform\u00e9ment au R\u00e8glement 2016\/679 sur le RGPD.","protected":false},"author":3,"featured_media":0,"parent":177,"menu_order":0,"comment_status":"closed","ping_status":"closed","template":"","meta":{"footnotes":""},"class_list":["post-1998","page","type-page","status-publish","hentry"],"_links":{"self":[{"href":"https:\/\/conscasablanca.esteri.it\/fr\/wp-json\/wp\/v2\/pages\/1998","targetHints":{"allow":["GET"]}}],"collection":[{"href":"https:\/\/conscasablanca.esteri.it\/fr\/wp-json\/wp\/v2\/pages"}],"about":[{"href":"https:\/\/conscasablanca.esteri.it\/fr\/wp-json\/wp\/v2\/types\/page"}],"author":[{"embeddable":true,"href":"https:\/\/conscasablanca.esteri.it\/fr\/wp-json\/wp\/v2\/users\/3"}],"replies":[{"embeddable":true,"href":"https:\/\/conscasablanca.esteri.it\/fr\/wp-json\/wp\/v2\/comments?post=1998"}],"version-history":[{"count":1,"href":"https:\/\/conscasablanca.esteri.it\/fr\/wp-json\/wp\/v2\/pages\/1998\/revisions"}],"predecessor-version":[{"id":2005,"href":"https:\/\/conscasablanca.esteri.it\/fr\/wp-json\/wp\/v2\/pages\/1998\/revisions\/2005"}],"up":[{"embeddable":true,"href":"https:\/\/conscasablanca.esteri.it\/fr\/wp-json\/wp\/v2\/pages\/177"}],"wp:attachment":[{"href":"https:\/\/conscasablanca.esteri.it\/fr\/wp-json\/wp\/v2\/media?parent=1998"}],"curies":[{"name":"wp","href":"https:\/\/api.w.org\/{rel}","templated":true}]}}