{"id":1956,"date":"2023-10-04T12:30:15","date_gmt":"2023-10-04T11:30:15","guid":{"rendered":"https:\/\/conscasablanca.esteri.it\/servizi-consolari-e-visti\/servizi-per-il-cittadino-italiano\/servizi-elettorali\/elezioni-comites\/"},"modified":"2024-10-15T12:24:32","modified_gmt":"2024-10-15T11:24:32","slug":"elezioni-comites","status":"publish","type":"page","link":"https:\/\/conscasablanca.esteri.it\/fr\/servizi-consolari-e-visti\/servizi-per-il-cittadino-italiano\/servizi-elettorali\/elezioni-comites\/","title":{"rendered":"\u00c9lections COMITES"},"content":{"rendered":"<p>Les citoyens italiens r\u00e9sidant \u00e0 l\u2019\u00e9tranger et inscrits \u00e0 l\u2019AIRE peuvent s\u2019inscrire sur la liste \u00e9lectorale de leur consulat sur le portail des services consulaires Fast It, via ce lien : <a href=\"https:\/\/serviziconsolari.esteri.it\/ScoFE\/index.sco\">https:\/\/serviziconsolari.esteri.it\/ScoFE\/index.sco<\/a>, en s\u00e9lectionnant la fonction d\u00e9di\u00e9e aux \u00e9lections : \u00ab Demande d&rsquo;inscription sur la liste \u00e9lectorale pour les \u00e9lections des Comites \u00bb. (<strong><a href=\"http:\/\/conscasablanca.esteri.it\/consolato_casablanca\/resource\/doc\/2021\/06\/domanda_iscrizione_elenco_elettori.doc\">Cliquez ici pour t\u00e9l\u00e9charger le formulaire<\/a><\/strong>)<\/p>\n<p>La proc\u00e9dure sur le portail Fast It sera enti\u00e8rement guid\u00e9e et enti\u00e8rement num\u00e9rique, pour une rapidit\u00e9 et une s\u00e9curit\u00e9 maximale.<\/p>\n<p>Autrement, le citoyen pourra envoyer le formulaire d&rsquo;inscription sur la liste \u00e9lectorale pour les \u00e9lections des Comit\u00e9s de l&rsquo;une des mani\u00e8res suivantes :<\/p>\n<ul>\n<li>En le d\u00e9posant en personne (sur rendez-vous, si n\u00e9cessaire \u2013 se pr\u00e9senter avec une pi\u00e8ce d&rsquo;identit\u00e9) ;<\/li>\n<li>En l\u2019envoyant par courrier postal avec une photocopie d&rsquo;une pi\u00e8ce d&rsquo;identit\u00e9 comprenant la signature du titulaire ;<\/li>\n<li>En l\u2019envoyant par courrier \u00e9lectronique ordinaire (email) ou certifi\u00e9, accompagn\u00e9 d&rsquo;une copie de la pi\u00e8ce d&rsquo;identit\u00e9, incluant la signature du titulaire.<\/li>\n<\/ul>\n","protected":false},"excerpt":{"rendered":"Les citoyens italiens r\u00e9sidant \u00e0 l\u2019\u00e9tranger et inscrits \u00e0 l\u2019AIRE peuvent s\u2019inscrire sur la liste \u00e9lectorale de leur consulat sur le portail des services consulaires Fast It, via ce lien : https:\/\/serviziconsolari.esteri.it\/ScoFE\/index.sco, en s\u00e9lectionnant la fonction d\u00e9di\u00e9e aux \u00e9lections : \u00ab Demande d&rsquo;inscription sur la liste \u00e9lectorale pour les \u00e9lections des Comites \u00bb. (Cliquez ici [&hellip;]","protected":false},"author":3,"featured_media":0,"parent":170,"menu_order":0,"comment_status":"closed","ping_status":"closed","template":"","meta":{"footnotes":""},"class_list":["post-1956","page","type-page","status-publish","hentry"],"_links":{"self":[{"href":"https:\/\/conscasablanca.esteri.it\/fr\/wp-json\/wp\/v2\/pages\/1956","targetHints":{"allow":["GET"]}}],"collection":[{"href":"https:\/\/conscasablanca.esteri.it\/fr\/wp-json\/wp\/v2\/pages"}],"about":[{"href":"https:\/\/conscasablanca.esteri.it\/fr\/wp-json\/wp\/v2\/types\/page"}],"author":[{"embeddable":true,"href":"https:\/\/conscasablanca.esteri.it\/fr\/wp-json\/wp\/v2\/users\/3"}],"replies":[{"embeddable":true,"href":"https:\/\/conscasablanca.esteri.it\/fr\/wp-json\/wp\/v2\/comments?post=1956"}],"version-history":[{"count":1,"href":"https:\/\/conscasablanca.esteri.it\/fr\/wp-json\/wp\/v2\/pages\/1956\/revisions"}],"predecessor-version":[{"id":1974,"href":"https:\/\/conscasablanca.esteri.it\/fr\/wp-json\/wp\/v2\/pages\/1956\/revisions\/1974"}],"up":[{"embeddable":true,"href":"https:\/\/conscasablanca.esteri.it\/fr\/wp-json\/wp\/v2\/pages\/170"}],"wp:attachment":[{"href":"https:\/\/conscasablanca.esteri.it\/fr\/wp-json\/wp\/v2\/media?parent=1956"}],"curies":[{"name":"wp","href":"https:\/\/api.w.org\/{rel}","templated":true}]}}