{"id":1953,"date":"2023-10-04T12:28:53","date_gmt":"2023-10-04T11:28:53","guid":{"rendered":"https:\/\/conscasablanca.esteri.it\/servizi-consolari-e-visti\/servizi-per-il-cittadino-italiano\/servizi-elettorali\/referendum\/"},"modified":"2024-10-15T12:23:30","modified_gmt":"2024-10-15T11:23:30","slug":"referendum","status":"publish","type":"page","link":"https:\/\/conscasablanca.esteri.it\/fr\/servizi-consolari-e-visti\/servizi-per-il-cittadino-italiano\/servizi-elettorali\/referendum\/","title":{"rendered":"R\u00e9f\u00e9rendum"},"content":{"rendered":"<p>Cette page publie les informations relatives aux r\u00e9f\u00e9rendums de la R\u00e9publique : la date fix\u00e9e pour le vote, les modalit\u00e9s de vote et les liens utiles.<\/p>\n<p>Je suis inscrit \u00e0 l\u2019AIRE mais j\u2019ai r\u00e9cemment chang\u00e9 d\u2019adresse, que dois-je faire pour voter \u00e0 l\u2019\u00e9tranger ?<br \/>\nLe vote \u00e0 l\u2019\u00e9tranger se d\u00e9roule par correspondance. Si vous avez r\u00e9cemment chang\u00e9 d\u2019adresse, vous devez imm\u00e9diatement en informer le consulat italien comp\u00e9tent pour les mises \u00e0 jour n\u00e9cessaires. La communication doit de pr\u00e9f\u00e9rence \u00eatre faite via le <a href=\"https:\/\/serviziconsolari.esteri.it\/ScoFE\/index.sco\">Portail Fast-it<\/a> ou peut \u00e9galement \u00eatre envoy\u00e9e par courrier \u00e9lectronique.<\/p>\n<p>Je suis inscrit \u00e0 l\u2019AIRE mais je souhaite voter en Italie, que dois-je faire ?<br \/>\nVous devez pr\u00e9senter \u00e0 votre consulat \u2013 avant une date variable pour chaque r\u00e9f\u00e9rendum \u2013 une demande d\u2019option pour le vote en Italie.<\/p>\n<p>Je r\u00e9side en Italie mais le jour du vote je serai \u00e0 l\u2019\u00e9tranger : puis-je voter ?<br \/>\nLes personnes r\u00e9sidant en Italie qui se trouvent \u00e0 l\u2019\u00e9tranger pour une p\u00e9riode d\u2019au moins trois mois pour des raisons d\u2019\u00e9tudes, de travail ou de soins m\u00e9dicaux peuvent demander le vote par correspondance. Pour ce faire, elles doivent pr\u00e9senter une demande d\u2019option pour le vote \u00e0 l\u2019\u00e9tranger directement \u00e0 leur commune italienne de r\u00e9sidence (<a href=\"https:\/\/conscasablanca.esteri.it\/consolato_casablanca\/resource\/doc\/2020\/02\/08.1_modelloopzionevoto_referendum_20200329_accessibile.pdf\">t\u00e9l\u00e9chargez le formulaire de demande<\/a>) ; la demande peut \u00e9galement \u00eatre envoy\u00e9e par courrier \u00e9lectronique et doit \u00eatre soumise \u00e0 la Commune avant une date variable pour chaque r\u00e9f\u00e9rendum.<\/p>\n<p>Je suis inscrit \u00e0 l\u2019AIRE mais le jour du vote je serai \u00e0 l\u2019\u00e9tranger dans un autre pays : puis-je voter ?<br \/>\nLes personnes inscrites \u00e0 l\u2019AIRE qui se trouveront \u00e0 l\u2019\u00e9tranger, mais en dehors de la circonscription consulaire de leur consulat d\u2019inscription, peuvent \u2013 si le s\u00e9jour est d\u2019au moins trois mois pour des raisons d\u2019\u00e9tudes, de travail ou de soins m\u00e9dicaux \u2013 demander le vote par correspondance dans le lieu de r\u00e9sidence temporaire \u00e0 l\u2019\u00e9tranger. Pour ce faire, elles doivent s\u2019adresser \u00e0 leur consulat de r\u00e9sidence habituelle.<\/p>\n<hr \/>\n<p>Il n&rsquo;y a actuellement aucun r\u00e9f\u00e9rendum.<\/p>\n","protected":false},"excerpt":{"rendered":"Cette page publie les informations relatives aux r\u00e9f\u00e9rendums de la R\u00e9publique : la date fix\u00e9e pour le vote, les modalit\u00e9s de vote et les liens utiles. Je suis inscrit \u00e0 l\u2019AIRE mais j\u2019ai r\u00e9cemment chang\u00e9 d\u2019adresse, que dois-je faire pour voter \u00e0 l\u2019\u00e9tranger ? Le vote \u00e0 l\u2019\u00e9tranger se d\u00e9roule par correspondance. Si vous avez [&hellip;]","protected":false},"author":3,"featured_media":0,"parent":170,"menu_order":0,"comment_status":"closed","ping_status":"closed","template":"","meta":{"footnotes":""},"class_list":["post-1953","page","type-page","status-publish","hentry"],"_links":{"self":[{"href":"https:\/\/conscasablanca.esteri.it\/fr\/wp-json\/wp\/v2\/pages\/1953","targetHints":{"allow":["GET"]}}],"collection":[{"href":"https:\/\/conscasablanca.esteri.it\/fr\/wp-json\/wp\/v2\/pages"}],"about":[{"href":"https:\/\/conscasablanca.esteri.it\/fr\/wp-json\/wp\/v2\/types\/page"}],"author":[{"embeddable":true,"href":"https:\/\/conscasablanca.esteri.it\/fr\/wp-json\/wp\/v2\/users\/3"}],"replies":[{"embeddable":true,"href":"https:\/\/conscasablanca.esteri.it\/fr\/wp-json\/wp\/v2\/comments?post=1953"}],"version-history":[{"count":4,"href":"https:\/\/conscasablanca.esteri.it\/fr\/wp-json\/wp\/v2\/pages\/1953\/revisions"}],"predecessor-version":[{"id":1971,"href":"https:\/\/conscasablanca.esteri.it\/fr\/wp-json\/wp\/v2\/pages\/1953\/revisions\/1971"}],"up":[{"embeddable":true,"href":"https:\/\/conscasablanca.esteri.it\/fr\/wp-json\/wp\/v2\/pages\/170"}],"wp:attachment":[{"href":"https:\/\/conscasablanca.esteri.it\/fr\/wp-json\/wp\/v2\/media?parent=1953"}],"curies":[{"name":"wp","href":"https:\/\/api.w.org\/{rel}","templated":true}]}}