{"id":1936,"date":"2023-11-17T11:12:27","date_gmt":"2023-11-17T10:12:27","guid":{"rendered":"https:\/\/conscasablanca.esteri.it\/servizi-consolari-e-visti\/servizi-per-il-cittadino-italiano\/assistenza-ai-cittadini-allestero\/emergenze-consolari\/"},"modified":"2024-10-15T12:16:52","modified_gmt":"2024-10-15T11:16:52","slug":"emergenze-consolari","status":"publish","type":"page","link":"https:\/\/conscasablanca.esteri.it\/fr\/servizi-consolari-e-visti\/servizi-per-il-cittadino-italiano\/assistenza-ai-cittadini-allestero\/emergenze-consolari\/","title":{"rendered":"Urgences consulaires"},"content":{"rendered":"<p><strong>En cas d&rsquo;urgence av\u00e9r\u00e9e<\/strong>, il est possible de contacter :<\/p>\n<p>Du lundi au jeudi de 18h00 \u00e0 22h00 ; et le vendredi de 14h00 au lundi suivant \u00e0 08h00<\/p>\n<p><strong>00212 (0) 661 21 73 32<\/strong><\/p>\n<p>En dehors de ces horaires, le standard t\u00e9l\u00e9phonique du Consulat G\u00e9n\u00e9ral est actif :<\/p>\n<p><strong>00212 (0) 522 43 70 70<\/strong><\/p>\n<p>Les lignes t\u00e9l\u00e9phoniques sont exclusivement <strong>r\u00e9serv\u00e9es aux citoyens italiens en situation d&rsquo;urgence r\u00e9elle<\/strong> (accident grave, d\u00e9c\u00e8s ou autre situation comportant des risques ou dangers pour la sant\u00e9 ou l&rsquo;int\u00e9grit\u00e9 physique n\u00e9cessitant l&rsquo;intervention urgente des autorit\u00e9s consulaires) et ne peuvent pas \u00eatre utilis\u00e9es pour des services consulaires ordinaires (passeports, visas, etc.).<\/p>\n<p>Exemples de situations qui ne sont pas qualifi\u00e9es comme urgences : vol ou perte d&rsquo;un document de voyage (m\u00eame \u00e0 l&rsquo;approche du d\u00e9part), demandes concernant le statut d&rsquo;un dossier (visa, passeport, citoyennet\u00e9, etc.), demande de rendez-vous, informations sur les conditions environnementales ou de s\u00e9curit\u00e9 au Maroc, annulation d&rsquo;un vol.<\/p>\n<p><strong>Pour vol ou perte de documents de voyage :<\/strong><\/p>\n<p>Consultez les indications disponibles sur la page d&rsquo;accueil du Consulat G\u00e9n\u00e9ral (<a href=\"https:\/\/conscasablanca.esteri.it\/it\/servizi-consolari-e-visti\/servizi-per-il-cittadino-italiano\/emergency-travel-documents-etd\/\">cliquez ici<\/a>)<\/p>\n<p><strong>Pour d&rsquo;autres contacts<\/strong> : <a href=\"https:\/\/conscasablanca.esteri.it\/it\/chi-siamo\/contatti\/\">cliquez ici<\/a><\/p>\n<p>La circonscription du Consulat G\u00e9n\u00e9ral de Casablanca comprend 85 % du territoire du Royaume du Maroc, et s&rsquo;appuie \u00e9galement sur la collaboration du r\u00e9seau consulaire honoraire (<a href=\"https:\/\/conscasablanca.esteri.it\/it\/chi-siamo\/la-rete-consolare\/\">cliquez ici<\/a>)<\/p>\n<p>Courriel du bureau : <a href=\"mailto:casablanca.consolare@esteri.it\">casablanca.consolare@esteri.it<\/a><\/p>\n<p>Pour plus d&rsquo;informations, veuillez visiter le lien : <a href=\"https:\/\/www.esteri.it\/it\/servizi-consolari-e-visti\/normativa_consolare\/serviziconsolari\/\">Services consulaires \u2013 Minist\u00e8re des Affaires \u00e9trang\u00e8res et de la Coop\u00e9ration internationale<\/a><\/p>\n","protected":false},"excerpt":{"rendered":"En cas d&rsquo;urgence av\u00e9r\u00e9e, il est possible de contacter : Du lundi au jeudi de 18h00 \u00e0 22h00 ; et le vendredi de 14h00 au lundi suivant \u00e0 08h00 00212 (0) 661 21 73 32 En dehors de ces horaires, le standard t\u00e9l\u00e9phonique du Consulat G\u00e9n\u00e9ral est actif : 00212 (0) 522 43 70 70 [&hellip;]","protected":false},"author":3,"featured_media":0,"parent":169,"menu_order":0,"comment_status":"closed","ping_status":"closed","template":"","meta":{"footnotes":""},"class_list":["post-1936","page","type-page","status-publish","hentry"],"_links":{"self":[{"href":"https:\/\/conscasablanca.esteri.it\/fr\/wp-json\/wp\/v2\/pages\/1936","targetHints":{"allow":["GET"]}}],"collection":[{"href":"https:\/\/conscasablanca.esteri.it\/fr\/wp-json\/wp\/v2\/pages"}],"about":[{"href":"https:\/\/conscasablanca.esteri.it\/fr\/wp-json\/wp\/v2\/types\/page"}],"author":[{"embeddable":true,"href":"https:\/\/conscasablanca.esteri.it\/fr\/wp-json\/wp\/v2\/users\/3"}],"replies":[{"embeddable":true,"href":"https:\/\/conscasablanca.esteri.it\/fr\/wp-json\/wp\/v2\/comments?post=1936"}],"version-history":[{"count":1,"href":"https:\/\/conscasablanca.esteri.it\/fr\/wp-json\/wp\/v2\/pages\/1936\/revisions"}],"predecessor-version":[{"id":1946,"href":"https:\/\/conscasablanca.esteri.it\/fr\/wp-json\/wp\/v2\/pages\/1936\/revisions\/1946"}],"up":[{"embeddable":true,"href":"https:\/\/conscasablanca.esteri.it\/fr\/wp-json\/wp\/v2\/pages\/169"}],"wp:attachment":[{"href":"https:\/\/conscasablanca.esteri.it\/fr\/wp-json\/wp\/v2\/media?parent=1936"}],"curies":[{"name":"wp","href":"https:\/\/api.w.org\/{rel}","templated":true}]}}