{"id":1911,"date":"2023-11-17T11:03:44","date_gmt":"2023-11-17T10:03:44","guid":{"rendered":"https:\/\/conscasablanca.esteri.it\/servizi-consolari-e-visti\/servizi-per-il-cittadino-italiano\/stato-civile\/nascita\/"},"modified":"2024-10-15T12:10:12","modified_gmt":"2024-10-15T11:10:12","slug":"nascita","status":"publish","type":"page","link":"https:\/\/conscasablanca.esteri.it\/fr\/servizi-consolari-e-visti\/servizi-per-il-cittadino-italiano\/stato-civile\/nascita\/","title":{"rendered":"Naissance"},"content":{"rendered":"<p><strong>Pour enregistrer en Italie la naissance \u00e0 l&rsquo;\u00e9tranger d&rsquo;un enfant d&rsquo;un citoyen italien :<\/strong><\/p>\n<p>Les enfants de citoyens italiens, qu&rsquo;ils soient n\u00e9s de deux parents italiens ou d&rsquo;au moins un parent ayant la citoyennet\u00e9 italienne, m\u00eame s&rsquo;ils naissent \u00e0 l&rsquo;\u00e9tranger et \u00e9ventuellement \u00eatre en possession d\u2019une autre nationalit\u00e9, sont consid\u00e9r\u00e9s citoyens italiens. Par cons\u00e9quent, leur naissance <strong>doit \u00eatre enregistr\u00e9e en Italie<\/strong> en pr\u00e9sentant, sur rendez-vous (<a href=\"https:\/\/prenotaonline.esteri.it\/login.aspx?cidsede=100132&amp;returnUrl=\/\/\">cliquez ici<\/a>), aupr\u00e8s du Bureau Consulaire les documents suivants :<\/p>\n<ol>\n<li>Copie int\u00e9grale de l&rsquo;acte de naissance original d\u00e9livr\u00e9 par l&rsquo;Office d&rsquo;\u00c9tat Civil comp\u00e9tent de la municipalit\u00e9 au Maroc, sur un formulaire bilingue (compl\u00e8te avec le nom et le pr\u00e9nom de la m\u00e8re).<br \/>\nLe document d\u00e9livr\u00e9 par l&rsquo;autorit\u00e9 marocaine devra \u00eatre apostill\u00e9 (plus d&rsquo;informations sur le site www.apostille.ma) par les autorit\u00e9s marocaines comp\u00e9tentes ; ensuite, il devra \u00eatre traduit en italien par un traducteur asserment\u00e9 (la traduction indiquera les d\u00e9tails relatifs \u00e0 l&rsquo;Apostille de l&rsquo;original) (<a href=\"https:\/\/conscasablanca.esteri.it\/wp-content\/uploads\/2024\/10\/Traduttori.pdf\">Liste des Traducteurs Asserment\u00e9s<\/a>) et il faudra finalement obtenir une nouvelle \u00ab\u00a0Apostille\u00a0\u00bb relative \u00e0 la traduction.<\/li>\n<li><a href=\"https:\/\/conscasablanca.esteri.it\/wp-content\/uploads\/2023\/11\/Nuovo-modello-richiesta-trascrizione-nascita.pdf\">Formulaire de demande de transcription de l&rsquo;acte d&rsquo;\u00e9tat civil d\u00fbment rempli<\/a>.<\/li>\n<li>Documentation prouvant la citoyennet\u00e9 italienne d&rsquo;au moins un des parents (carte d&rsquo;identit\u00e9, passeport italien ou certificat de citoyennet\u00e9 italienne).<\/li>\n<\/ol>\n<p><strong>Comment enregistrer la naissance d&rsquo;un enfant n\u00e9 hors mariage et d\u00e9clar\u00e9 aux autorit\u00e9s locales<\/strong><\/p>\n<p>Pour transcrire l&rsquo;acte de naissance d&rsquo;un enfant n\u00e9 hors mariage, les parents doivent envoyer une demande de rendez-vous pour la signature d&rsquo;un acte de reconnaissance d&rsquo;enfant naturel \u00e0 l&rsquo;adresse : <a href=\"mailto:casablanca.consolare@esteri.it\">casablanca.consolare@esteri.it<\/a>, en anticipant la documentation :<\/p>\n<ul>\n<li>Copie int\u00e9grale de l&rsquo;acte de naissance ;<br \/>\nLe document d\u00e9livr\u00e9 par l&rsquo;autorit\u00e9 marocaine devra \u00eatre apostill\u00e9 (plus d&rsquo;informations sur le site <a href=\"http:\/\/www.apostille.ma\">www.apostille.ma<\/a>) par les autorit\u00e9s marocaines comp\u00e9tentes ; ensuite, il devra \u00eatre traduit en italien par un traducteur asserment\u00e9 (la traduction indiquera les d\u00e9tails relatifs \u00e0 l&rsquo;Apostille de l&rsquo;original) (<a href=\"https:\/\/conscasablanca.esteri.it\/wp-content\/uploads\/2024\/10\/Traduttori.pdf\">Liste des Traducteurs Asserment\u00e9s<\/a>) et il faudra finalement obtenir une nouvelle \u00ab\u00a0Apostille\u00a0\u00bb relative \u00e0 la traduction.<\/li>\n<li>Documents d&rsquo;identit\u00e9 des parents.<\/li>\n<\/ul>\n<p><strong>\u00a0<\/strong><\/p>\n<p><strong>Comment enregistrer la naissance d&rsquo;un enfant n\u00e9 hors mariage et non d\u00e9clar\u00e9 aux autorit\u00e9s locales<\/strong><\/p>\n<p>Pour enregistrer la naissance d&rsquo;un enfant n\u00e9 hors mariage, les parents doivent envoyer une demande de rendez-vous pour la signature d&rsquo;un acte de reconnaissance d&rsquo;enfant naturel \u00e0 l&rsquo;adresse : <a href=\"mailto:casablanca.consolare@esteri.it\">casablanca.consolare@esteri.it<\/a>, en anticipant la documentation :<\/p>\n<ul>\n<li>Attestation de naissance d\u00e9livr\u00e9e par la clinique\/h\u00f4pital d\u00fbment l\u00e9galis\u00e9e par le Minist\u00e8re des Affaires \u00c9trang\u00e8res et traduite en langue italienne par un traducteur asserment\u00e9 de ce Consulat G\u00e9n\u00e9ral ;<\/li>\n<li>Documents d&rsquo;identit\u00e9 des parents.<\/li>\n<\/ul>\n","protected":false},"excerpt":{"rendered":"Pour enregistrer en Italie la naissance \u00e0 l&rsquo;\u00e9tranger d&rsquo;un enfant d&rsquo;un citoyen italien : Les enfants de citoyens italiens, qu&rsquo;ils soient n\u00e9s de deux parents italiens ou d&rsquo;au moins un parent ayant la citoyennet\u00e9 italienne, m\u00eame s&rsquo;ils naissent \u00e0 l&rsquo;\u00e9tranger et \u00e9ventuellement \u00eatre en possession d\u2019une autre nationalit\u00e9, sont consid\u00e9r\u00e9s citoyens italiens. Par cons\u00e9quent, leur [&hellip;]","protected":false},"author":3,"featured_media":0,"parent":168,"menu_order":0,"comment_status":"closed","ping_status":"closed","template":"","meta":{"footnotes":""},"class_list":["post-1911","page","type-page","status-publish","hentry"],"_links":{"self":[{"href":"https:\/\/conscasablanca.esteri.it\/fr\/wp-json\/wp\/v2\/pages\/1911","targetHints":{"allow":["GET"]}}],"collection":[{"href":"https:\/\/conscasablanca.esteri.it\/fr\/wp-json\/wp\/v2\/pages"}],"about":[{"href":"https:\/\/conscasablanca.esteri.it\/fr\/wp-json\/wp\/v2\/types\/page"}],"author":[{"embeddable":true,"href":"https:\/\/conscasablanca.esteri.it\/fr\/wp-json\/wp\/v2\/users\/3"}],"replies":[{"embeddable":true,"href":"https:\/\/conscasablanca.esteri.it\/fr\/wp-json\/wp\/v2\/comments?post=1911"}],"version-history":[{"count":1,"href":"https:\/\/conscasablanca.esteri.it\/fr\/wp-json\/wp\/v2\/pages\/1911\/revisions"}],"predecessor-version":[{"id":1927,"href":"https:\/\/conscasablanca.esteri.it\/fr\/wp-json\/wp\/v2\/pages\/1911\/revisions\/1927"}],"up":[{"embeddable":true,"href":"https:\/\/conscasablanca.esteri.it\/fr\/wp-json\/wp\/v2\/pages\/168"}],"wp:attachment":[{"href":"https:\/\/conscasablanca.esteri.it\/fr\/wp-json\/wp\/v2\/media?parent=1911"}],"curies":[{"name":"wp","href":"https:\/\/api.w.org\/{rel}","templated":true}]}}