{"id":1904,"date":"2023-11-17T10:54:07","date_gmt":"2023-11-17T09:54:07","guid":{"rendered":"https:\/\/conscasablanca.esteri.it\/servizi-consolari-e-visti\/servizi-per-il-cittadino-italiano\/stato-civile\/divorzio\/"},"modified":"2024-10-15T11:57:54","modified_gmt":"2024-10-15T10:57:54","slug":"divorzio","status":"publish","type":"page","link":"https:\/\/conscasablanca.esteri.it\/fr\/servizi-consolari-e-visti\/servizi-per-il-cittadino-italiano\/stato-civile\/divorzio\/","title":{"rendered":"Divorce"},"content":{"rendered":"<p><strong>Comment enregistrer en Italie un jugement de divorce prononc\u00e9 \u00e0 l&rsquo;\u00e9tranger :<\/strong><\/p>\n<p>Un jugement de divorce prononc\u00e9 \u00e0 l&rsquo;\u00e9tranger n&rsquo;est pas automatiquement reconnu valide en Italie. Pour enregistrer un jugement de divorce, il est n\u00e9cessaire de se pr\u00e9senter, sur rendez-vous (<a href=\"https:\/\/prenotami.esteri.it\/\">cliquez ici<\/a>), aupr\u00e8s du Bureau Consulaire avec les documents suivants :<\/p>\n<ol>\n<li>Original du jugement attestant que le jugement est d\u00e9finitif et que le divorce est consomm\u00e9 ;<br \/>\nLe document d\u00e9livr\u00e9 par l&rsquo;autorit\u00e9 marocaine devra \u00eatre apostill\u00e9 (plus d&rsquo;informations sur le site <a href=\"http:\/\/www.apostille.ma\">apostille.ma<\/a>) par les autorit\u00e9s marocaines comp\u00e9tentes. Il devra, ensuite, \u00eatre traduit en italien par un traducteur asserment\u00e9 (la traduction indiquera les d\u00e9tails relatifs \u00e0 l&rsquo;Apostille de l&rsquo;original) (<a href=\"https:\/\/conscasablanca.esteri.it\/wp-content\/uploads\/2024\/10\/Traduttori.pdf\">Liste des Traducteurs Asserment\u00e9s<\/a>). Il faudra enfin obtenir une nouvelle \u00ab\u00a0Apostille\u00a0\u00bb relative \u00e0 la traduction.<\/li>\n<li><a href=\"https:\/\/conscasablanca.esteri.it\/wp-content\/uploads\/2023\/11\/Trascrizione-sentenza-di-divorzio.pdf\">Demande de Transcription du Jugement \u00c9tranger de Divorce<\/a><\/li>\n<li>Photocopie de tous les documents pr\u00e9sent\u00e9s.<\/li>\n<li>Photocopie d&rsquo;une pi\u00e8ce d&rsquo;identit\u00e9 en cours de validit\u00e9.<\/li>\n<\/ol>\n<p>Si les documents sont valides selon la l\u00e9gislation du lieu d&rsquo;\u00e9mission, le Bureau consulaire envoie les documents \u00e0 la municipalit\u00e9 italienne pour l&rsquo;enregistrement du jugement.<\/p>\n<p><strong>ATTENTION :<\/strong><\/p>\n<ul>\n<li>Un acte de divorce ne peut pas \u00eatre transcrit en l&rsquo;absence de l&rsquo;un des conjoints ;<\/li>\n<li>Le seul acte de constatation de divorce n&rsquo;est pas accept\u00e9 en cas de jugement du tribunal ;<\/li>\n<li>Pour effectuer la transcription en Italie d&rsquo;un jugement de divorce d&rsquo;un citoyen italien prononc\u00e9 par un tribunal au Maroc, il est n\u00e9cessaire de faire transcrire, aupr\u00e8s de la municipalit\u00e9 italienne comp\u00e9tente, les mariages pr\u00e9c\u00e9dents et\/ou les divorces relatifs ;<\/li>\n<li>Pour transcrire un acte de DIVORCE R\u00c9VOCABLE, il est n\u00e9cessaire de d\u00e9poser un acte d&rsquo;IRR\u00c9VOCABILIT\u00c9 DU DIVORCE.<\/li>\n<\/ul>\n","protected":false},"excerpt":{"rendered":"Comment enregistrer en Italie un jugement de divorce prononc\u00e9 \u00e0 l&rsquo;\u00e9tranger : Un jugement de divorce prononc\u00e9 \u00e0 l&rsquo;\u00e9tranger n&rsquo;est pas automatiquement reconnu valide en Italie. Pour enregistrer un jugement de divorce, il est n\u00e9cessaire de se pr\u00e9senter, sur rendez-vous (cliquez ici), aupr\u00e8s du Bureau Consulaire avec les documents suivants : Original du jugement attestant [&hellip;]","protected":false},"author":3,"featured_media":0,"parent":168,"menu_order":0,"comment_status":"closed","ping_status":"closed","template":"","meta":{"footnotes":""},"class_list":["post-1904","page","type-page","status-publish","hentry"],"_links":{"self":[{"href":"https:\/\/conscasablanca.esteri.it\/fr\/wp-json\/wp\/v2\/pages\/1904","targetHints":{"allow":["GET"]}}],"collection":[{"href":"https:\/\/conscasablanca.esteri.it\/fr\/wp-json\/wp\/v2\/pages"}],"about":[{"href":"https:\/\/conscasablanca.esteri.it\/fr\/wp-json\/wp\/v2\/types\/page"}],"author":[{"embeddable":true,"href":"https:\/\/conscasablanca.esteri.it\/fr\/wp-json\/wp\/v2\/users\/3"}],"replies":[{"embeddable":true,"href":"https:\/\/conscasablanca.esteri.it\/fr\/wp-json\/wp\/v2\/comments?post=1904"}],"version-history":[{"count":2,"href":"https:\/\/conscasablanca.esteri.it\/fr\/wp-json\/wp\/v2\/pages\/1904\/revisions"}],"predecessor-version":[{"id":1919,"href":"https:\/\/conscasablanca.esteri.it\/fr\/wp-json\/wp\/v2\/pages\/1904\/revisions\/1919"}],"up":[{"embeddable":true,"href":"https:\/\/conscasablanca.esteri.it\/fr\/wp-json\/wp\/v2\/pages\/168"}],"wp:attachment":[{"href":"https:\/\/conscasablanca.esteri.it\/fr\/wp-json\/wp\/v2\/media?parent=1904"}],"curies":[{"name":"wp","href":"https:\/\/api.w.org\/{rel}","templated":true}]}}