{"id":1820,"date":"2023-10-04T13:17:02","date_gmt":"2023-10-04T12:17:02","guid":{"rendered":"https:\/\/conscasablanca.esteri.it\/italia-e-marocco\/diplomazia-economica\/fare-affari-in-italia\/link-utili\/altre-associazioni-di-categoria\/"},"modified":"2024-10-14T10:10:35","modified_gmt":"2024-10-14T09:10:35","slug":"altre-associazioni-di-categoria","status":"publish","type":"page","link":"https:\/\/conscasablanca.esteri.it\/fr\/italia-e-marocco\/diplomazia-economica\/fare-affari-in-italia\/link-utili\/altre-associazioni-di-categoria\/","title":{"rendered":"Autres Associations de Cat\u00e9gorie"},"content":{"rendered":"<h2><strong>Quelques organisations repr\u00e9sentatives<\/strong><\/h2>\n<p>&nbsp;<\/p>\n<h2><strong>CONFAPI<\/strong><\/h2>\n<h2><strong>Conf\u00e9d\u00e9ration Italienne de la Petite et Moyenne Industrie<\/strong><\/h2>\n<p>La Confapi a grandi avec la petite entreprise italienne et est aujourd&rsquo;hui une r\u00e9alit\u00e9 consolid\u00e9e qui repr\u00e9sente plus de 50 000 entreprises avec environ un million d&#8217;employ\u00e9s.<\/p>\n<p>Les finalit\u00e9s institutionnelles de la Confapi sont la d\u00e9fense des int\u00e9r\u00eats et la valorisation de l&rsquo;industrie italienne de petite et moyenne dimension. Les initiatives et les programmes sont r\u00e9alis\u00e9s dans le but de favoriser le d\u00e9veloppement \u00e9conomique et civil du pays, en lien avec les organisations et institutions nationales et europ\u00e9ennes.<\/p>\n<p>La Conf\u00e9d\u00e9ration exerce son r\u00f4le de repr\u00e9sentation et de proposition en faveur de la petite et moyenne industrie, soutenant une politique \u00e9conomique nationale qui facilite la croissance entrepreneuriale.<\/p>\n<p><a href=\"http:\/\/www.confapi.it\">www.confapi.it<\/a><\/p>\n<p>&nbsp;<\/p>\n<h2><strong>FORMEZ<\/strong><\/h2>\n<h2><strong>Centre de Formation et d&rsquo;\u00c9tudes<\/strong><\/h2>\n<p><a href=\"http:\/\/www.formez.it\">www.formez.it<\/a><\/p>\n<p>&nbsp;<\/p>\n<h2><strong>INFORMEST<\/strong><\/h2>\n<h2><strong>Centre de Services et de Documentation pour la Coop\u00e9ration \u00c9conomique Internationale<\/strong><\/h2>\n<p><a href=\"http:\/\/www.informest.it\">www.informest.it<\/a><\/p>\n<p>&nbsp;<\/p>\n<h2><strong>SACE<\/strong><\/h2>\n<h2><strong>Services d&rsquo;Assurance du Commerce \u00c9tranger<\/strong><\/h2>\n<p><a href=\"http:\/\/www.sace.it\">www.sace.it<\/a><\/p>\n<p>&nbsp;<\/p>\n<h2><strong>SIMEST<\/strong><\/h2>\n<h2><strong>Soci\u00e9t\u00e9 de d\u00e9veloppement et de promotion des entreprises italiennes \u00e0 l&rsquo;\u00e9tranger<\/strong><\/h2>\n<p><a href=\"http:\/\/www.simest.it\">www.simest.it<\/a><\/p>\n","protected":false},"excerpt":{"rendered":"Quelques organisations repr\u00e9sentatives &nbsp; CONFAPI Conf\u00e9d\u00e9ration Italienne de la Petite et Moyenne Industrie La Confapi a grandi avec la petite entreprise italienne et est aujourd&rsquo;hui une r\u00e9alit\u00e9 consolid\u00e9e qui repr\u00e9sente plus de 50 000 entreprises avec environ un million d&#8217;employ\u00e9s. Les finalit\u00e9s institutionnelles de la Confapi sont la d\u00e9fense des int\u00e9r\u00eats et la valorisation de [&hellip;]","protected":false},"author":3,"featured_media":0,"parent":1800,"menu_order":0,"comment_status":"closed","ping_status":"closed","template":"","meta":{"footnotes":""},"class_list":["post-1820","page","type-page","status-publish","hentry"],"_links":{"self":[{"href":"https:\/\/conscasablanca.esteri.it\/fr\/wp-json\/wp\/v2\/pages\/1820","targetHints":{"allow":["GET"]}}],"collection":[{"href":"https:\/\/conscasablanca.esteri.it\/fr\/wp-json\/wp\/v2\/pages"}],"about":[{"href":"https:\/\/conscasablanca.esteri.it\/fr\/wp-json\/wp\/v2\/types\/page"}],"author":[{"embeddable":true,"href":"https:\/\/conscasablanca.esteri.it\/fr\/wp-json\/wp\/v2\/users\/3"}],"replies":[{"embeddable":true,"href":"https:\/\/conscasablanca.esteri.it\/fr\/wp-json\/wp\/v2\/comments?post=1820"}],"version-history":[{"count":3,"href":"https:\/\/conscasablanca.esteri.it\/fr\/wp-json\/wp\/v2\/pages\/1820\/revisions"}],"predecessor-version":[{"id":1853,"href":"https:\/\/conscasablanca.esteri.it\/fr\/wp-json\/wp\/v2\/pages\/1820\/revisions\/1853"}],"up":[{"embeddable":true,"href":"https:\/\/conscasablanca.esteri.it\/fr\/wp-json\/wp\/v2\/pages\/1800"}],"wp:attachment":[{"href":"https:\/\/conscasablanca.esteri.it\/fr\/wp-json\/wp\/v2\/media?parent=1820"}],"curies":[{"name":"wp","href":"https:\/\/api.w.org\/{rel}","templated":true}]}}