{"id":1819,"date":"2023-10-04T13:15:55","date_gmt":"2023-10-04T12:15:55","guid":{"rendered":"https:\/\/conscasablanca.esteri.it\/italia-e-marocco\/diplomazia-economica\/fare-affari-in-italia\/link-utili\/confindustria\/"},"modified":"2024-10-14T10:02:02","modified_gmt":"2024-10-14T09:02:02","slug":"confindustria","status":"publish","type":"page","link":"https:\/\/conscasablanca.esteri.it\/fr\/italia-e-marocco\/diplomazia-economica\/fare-affari-in-italia\/link-utili\/confindustria\/","title":{"rendered":"Confindustria"},"content":{"rendered":"<p><a href=\"http:\/\/www.confindustria.it\/\">Le site web de Confindustria<\/a><\/p>\n<h3><strong>Organisation repr\u00e9sentative des entreprises manufacturi\u00e8res et de services en Italie<\/strong><\/h3>\n<p>Fond\u00e9e en 1910, Confindustria est la principale organisation repr\u00e9sentative des entreprises manufacturi\u00e8res et de services en Italie.<\/p>\n<p>Elle regroupe, sur une base volontaire, plus de 115 000 entreprises de toutes tailles, totalisant environ 4 300 000 employ\u00e9s.<\/p>\n<p>Confindustria, conform\u00e9ment \u00e0 ses statuts, se propose de contribuer, avec les institutions politiques et les organisations \u00e9conomiques, sociales et culturelles, tant nationales qu&rsquo;internationales, \u00e0 la croissance \u00e9conomique et au progr\u00e8s social du pays.<\/p>\n","protected":false},"excerpt":{"rendered":"Le site web de Confindustria Organisation repr\u00e9sentative des entreprises manufacturi\u00e8res et de services en Italie Fond\u00e9e en 1910, Confindustria est la principale organisation repr\u00e9sentative des entreprises manufacturi\u00e8res et de services en Italie. Elle regroupe, sur une base volontaire, plus de 115 000 entreprises de toutes tailles, totalisant environ 4 300 000 employ\u00e9s. Confindustria, conform\u00e9ment \u00e0 [&hellip;]","protected":false},"author":3,"featured_media":0,"parent":1800,"menu_order":0,"comment_status":"closed","ping_status":"closed","template":"","meta":{"footnotes":""},"class_list":["post-1819","page","type-page","status-publish","hentry"],"_links":{"self":[{"href":"https:\/\/conscasablanca.esteri.it\/fr\/wp-json\/wp\/v2\/pages\/1819","targetHints":{"allow":["GET"]}}],"collection":[{"href":"https:\/\/conscasablanca.esteri.it\/fr\/wp-json\/wp\/v2\/pages"}],"about":[{"href":"https:\/\/conscasablanca.esteri.it\/fr\/wp-json\/wp\/v2\/types\/page"}],"author":[{"embeddable":true,"href":"https:\/\/conscasablanca.esteri.it\/fr\/wp-json\/wp\/v2\/users\/3"}],"replies":[{"embeddable":true,"href":"https:\/\/conscasablanca.esteri.it\/fr\/wp-json\/wp\/v2\/comments?post=1819"}],"version-history":[{"count":3,"href":"https:\/\/conscasablanca.esteri.it\/fr\/wp-json\/wp\/v2\/pages\/1819\/revisions"}],"predecessor-version":[{"id":1848,"href":"https:\/\/conscasablanca.esteri.it\/fr\/wp-json\/wp\/v2\/pages\/1819\/revisions\/1848"}],"up":[{"embeddable":true,"href":"https:\/\/conscasablanca.esteri.it\/fr\/wp-json\/wp\/v2\/pages\/1800"}],"wp:attachment":[{"href":"https:\/\/conscasablanca.esteri.it\/fr\/wp-json\/wp\/v2\/media?parent=1819"}],"curies":[{"name":"wp","href":"https:\/\/api.w.org\/{rel}","templated":true}]}}