{"id":1817,"date":"2023-10-04T12:59:19","date_gmt":"2023-10-04T11:59:19","guid":{"rendered":"https:\/\/conscasablanca.esteri.it\/italia-e-marocco\/diplomazia-economica\/fare-affari-in-italia\/link-utili\/unioncamere\/"},"modified":"2024-10-14T09:58:08","modified_gmt":"2024-10-14T08:58:08","slug":"unioncamere","status":"publish","type":"page","link":"https:\/\/conscasablanca.esteri.it\/fr\/italia-e-marocco\/diplomazia-economica\/fare-affari-in-italia\/link-utili\/unioncamere\/","title":{"rendered":"Unioncamere"},"content":{"rendered":"<p><a href=\"http:\/\/www.unioncamere.it\/\">Le site web d&rsquo;Unioncamere<\/a><\/p>\n<p><strong>Union italienne des Chambres de Commerce, d&rsquo;Industrie et d&rsquo;Artisanat<\/strong><\/p>\n<p>L\u2019Union prend soin et repr\u00e9sente les int\u00e9r\u00eats g\u00e9n\u00e9raux des Chambres de Commerce, servant de point de r\u00e9f\u00e9rence pour les secteurs productifs, tant au niveau local que national et international. En outre :<\/p>\n<ul>\n<li>elle promeut, r\u00e9alise et g\u00e8re, directement ou par le biais de ses propres entreprises sp\u00e9ciales, des services et des activit\u00e9s d&rsquo;int\u00e9r\u00eat pour les Chambres de commerce et les cat\u00e9gories \u00e9conomiques ;<\/li>\n<li>elle vise \u00e0 consolider et \u00e0 d\u00e9velopper la collaboration avec le r\u00e9seau des CCIE ;<\/li>\n<li>elle facilite l&rsquo;acc\u00e8s, gr\u00e2ce \u00e0 des technologies de pointe, \u00e0 des initiatives et programmes communautaires, favorisant des accords internationaux pour promouvoir l&rsquo;Italie dans le monde.<\/li>\n<\/ul>\n","protected":false},"excerpt":{"rendered":"Le site web d&rsquo;Unioncamere Union italienne des Chambres de Commerce, d&rsquo;Industrie et d&rsquo;Artisanat L\u2019Union prend soin et repr\u00e9sente les int\u00e9r\u00eats g\u00e9n\u00e9raux des Chambres de Commerce, servant de point de r\u00e9f\u00e9rence pour les secteurs productifs, tant au niveau local que national et international. En outre : elle promeut, r\u00e9alise et g\u00e8re, directement ou par le biais [&hellip;]","protected":false},"author":3,"featured_media":0,"parent":1800,"menu_order":0,"comment_status":"closed","ping_status":"closed","template":"","meta":{"footnotes":""},"class_list":["post-1817","page","type-page","status-publish","hentry"],"_links":{"self":[{"href":"https:\/\/conscasablanca.esteri.it\/fr\/wp-json\/wp\/v2\/pages\/1817","targetHints":{"allow":["GET"]}}],"collection":[{"href":"https:\/\/conscasablanca.esteri.it\/fr\/wp-json\/wp\/v2\/pages"}],"about":[{"href":"https:\/\/conscasablanca.esteri.it\/fr\/wp-json\/wp\/v2\/types\/page"}],"author":[{"embeddable":true,"href":"https:\/\/conscasablanca.esteri.it\/fr\/wp-json\/wp\/v2\/users\/3"}],"replies":[{"embeddable":true,"href":"https:\/\/conscasablanca.esteri.it\/fr\/wp-json\/wp\/v2\/comments?post=1817"}],"version-history":[{"count":1,"href":"https:\/\/conscasablanca.esteri.it\/fr\/wp-json\/wp\/v2\/pages\/1817\/revisions"}],"predecessor-version":[{"id":1838,"href":"https:\/\/conscasablanca.esteri.it\/fr\/wp-json\/wp\/v2\/pages\/1817\/revisions\/1838"}],"up":[{"embeddable":true,"href":"https:\/\/conscasablanca.esteri.it\/fr\/wp-json\/wp\/v2\/pages\/1800"}],"wp:attachment":[{"href":"https:\/\/conscasablanca.esteri.it\/fr\/wp-json\/wp\/v2\/media?parent=1817"}],"curies":[{"name":"wp","href":"https:\/\/api.w.org\/{rel}","templated":true}]}}