{"id":1816,"date":"2023-10-04T12:58:16","date_gmt":"2023-10-04T11:58:16","guid":{"rendered":"https:\/\/conscasablanca.esteri.it\/italia-e-marocco\/diplomazia-economica\/fare-affari-in-italia\/link-utili\/assocamere-estero\/"},"modified":"2024-10-14T09:56:39","modified_gmt":"2024-10-14T08:56:39","slug":"assocamere-estero","status":"publish","type":"page","link":"https:\/\/conscasablanca.esteri.it\/fr\/italia-e-marocco\/diplomazia-economica\/fare-affari-in-italia\/link-utili\/assocamere-estero\/","title":{"rendered":"Assocamere estero"},"content":{"rendered":"<p><a href=\"http:\/\/www.assocamerestero.it\/\">Le site web d&rsquo;Assocamerestero<\/a><\/p>\n<p>Assocamerestero est l&rsquo;association des Chambres de Commerce Italiennes dans le monde, cr\u00e9\u00e9e pour valoriser et d\u00e9velopper les activit\u00e9s des Chambres, en diffusant l&rsquo;int\u00e9r\u00eat et la connaissance de ce r\u00e9seau et de ses sp\u00e9cificit\u00e9s aupr\u00e8s des institutions italiennes et internationales ainsi que des organisations entrepreneuriales. L&rsquo;Association :<\/p>\n<ul>\n<li>repr\u00e9sente les besoins et les potentialit\u00e9s de service des CCIE ;<\/li>\n<li>recherche des collaborations et des alliances strat\u00e9giques avec des entit\u00e9s publiques et priv\u00e9es pour favoriser la connaissance et l&rsquo;utilisation du r\u00e9seau des CCIE ;<\/li>\n<li>synth\u00e9tise les exp\u00e9riences et le savoir-faire acquis par les diff\u00e9rents \u00ab\u00a0n\u0153uds\u00a0\u00bb ;<\/li>\n<li>promeut et diffuse des programmes et des projets dans une logique de r\u00e9seau ;<\/li>\n<li>promeut et diffuse une culture informatique \u00e0 jour ;<\/li>\n<li>m\u00e8ne des actions de communication envers les m\u00e9dias italiens, les institutions et les entreprises ;<\/li>\n<li>promeut et dispense une formation manag\u00e9riale ;<\/li>\n<li>assiste les promoteurs de nouvelles Chambres \u00e0 l&rsquo;\u00e9tranger ;<\/li>\n<li>effectue des activit\u00e9s de r\u00e9seautage avec d&rsquo;autres syst\u00e8mes cameraux bi-nationaux europ\u00e9ens.<\/li>\n<\/ul>\n","protected":false},"excerpt":{"rendered":"Le site web d&rsquo;Assocamerestero Assocamerestero est l&rsquo;association des Chambres de Commerce Italiennes dans le monde, cr\u00e9\u00e9e pour valoriser et d\u00e9velopper les activit\u00e9s des Chambres, en diffusant l&rsquo;int\u00e9r\u00eat et la connaissance de ce r\u00e9seau et de ses sp\u00e9cificit\u00e9s aupr\u00e8s des institutions italiennes et internationales ainsi que des organisations entrepreneuriales. L&rsquo;Association : repr\u00e9sente les besoins et les [&hellip;]","protected":false},"author":3,"featured_media":0,"parent":1800,"menu_order":0,"comment_status":"closed","ping_status":"closed","template":"","meta":{"footnotes":""},"class_list":["post-1816","page","type-page","status-publish","hentry"],"_links":{"self":[{"href":"https:\/\/conscasablanca.esteri.it\/fr\/wp-json\/wp\/v2\/pages\/1816","targetHints":{"allow":["GET"]}}],"collection":[{"href":"https:\/\/conscasablanca.esteri.it\/fr\/wp-json\/wp\/v2\/pages"}],"about":[{"href":"https:\/\/conscasablanca.esteri.it\/fr\/wp-json\/wp\/v2\/types\/page"}],"author":[{"embeddable":true,"href":"https:\/\/conscasablanca.esteri.it\/fr\/wp-json\/wp\/v2\/users\/3"}],"replies":[{"embeddable":true,"href":"https:\/\/conscasablanca.esteri.it\/fr\/wp-json\/wp\/v2\/comments?post=1816"}],"version-history":[{"count":2,"href":"https:\/\/conscasablanca.esteri.it\/fr\/wp-json\/wp\/v2\/pages\/1816\/revisions"}],"predecessor-version":[{"id":1830,"href":"https:\/\/conscasablanca.esteri.it\/fr\/wp-json\/wp\/v2\/pages\/1816\/revisions\/1830"}],"up":[{"embeddable":true,"href":"https:\/\/conscasablanca.esteri.it\/fr\/wp-json\/wp\/v2\/pages\/1800"}],"wp:attachment":[{"href":"https:\/\/conscasablanca.esteri.it\/fr\/wp-json\/wp\/v2\/media?parent=1816"}],"curies":[{"name":"wp","href":"https:\/\/api.w.org\/{rel}","templated":true}]}}