{"id":1813,"date":"2023-10-04T12:57:42","date_gmt":"2023-10-04T11:57:42","guid":{"rendered":"https:\/\/conscasablanca.esteri.it\/italia-e-marocco\/diplomazia-economica\/fare-affari-in-italia\/link-utili\/sviluppo-italia\/"},"modified":"2024-10-14T09:55:37","modified_gmt":"2024-10-14T08:55:37","slug":"sviluppo-italia","status":"publish","type":"page","link":"https:\/\/conscasablanca.esteri.it\/fr\/italia-e-marocco\/diplomazia-economica\/fare-affari-in-italia\/link-utili\/sviluppo-italia\/","title":{"rendered":"Sviluppo Italia"},"content":{"rendered":"<p><a href=\"http:\/\/www.sviluppoitalia.it\/\">Le site web de Sviluppo Italia<\/a><\/p>\n<p>Sviluppo Italia est l&rsquo;Agence nationale pour le d\u00e9veloppement des entreprises et l&rsquo;attraction des investissements, dont la mission est de promouvoir, d&rsquo;acc\u00e9l\u00e9rer et de diffuser le d\u00e9veloppement productif et entrepreneurial dans le pays \u00e0 travers trois axes d&rsquo;intervention :<\/p>\n<ul>\n<li>attraction des investissements\u00a0;<\/li>\n<li>d\u00e9veloppement et cr\u00e9ation d&rsquo;entreprises\u00a0;<\/li>\n<li>soutien \u00e0 la fonction publique.<\/li>\n<\/ul>\n","protected":false},"excerpt":{"rendered":"Le site web de Sviluppo Italia Sviluppo Italia est l&rsquo;Agence nationale pour le d\u00e9veloppement des entreprises et l&rsquo;attraction des investissements, dont la mission est de promouvoir, d&rsquo;acc\u00e9l\u00e9rer et de diffuser le d\u00e9veloppement productif et entrepreneurial dans le pays \u00e0 travers trois axes d&rsquo;intervention : attraction des investissements\u00a0; d\u00e9veloppement et cr\u00e9ation d&rsquo;entreprises\u00a0; soutien \u00e0 la fonction [&hellip;]","protected":false},"author":3,"featured_media":0,"parent":1800,"menu_order":0,"comment_status":"closed","ping_status":"closed","template":"","meta":{"footnotes":""},"class_list":["post-1813","page","type-page","status-publish","hentry"],"_links":{"self":[{"href":"https:\/\/conscasablanca.esteri.it\/fr\/wp-json\/wp\/v2\/pages\/1813","targetHints":{"allow":["GET"]}}],"collection":[{"href":"https:\/\/conscasablanca.esteri.it\/fr\/wp-json\/wp\/v2\/pages"}],"about":[{"href":"https:\/\/conscasablanca.esteri.it\/fr\/wp-json\/wp\/v2\/types\/page"}],"author":[{"embeddable":true,"href":"https:\/\/conscasablanca.esteri.it\/fr\/wp-json\/wp\/v2\/users\/3"}],"replies":[{"embeddable":true,"href":"https:\/\/conscasablanca.esteri.it\/fr\/wp-json\/wp\/v2\/comments?post=1813"}],"version-history":[{"count":1,"href":"https:\/\/conscasablanca.esteri.it\/fr\/wp-json\/wp\/v2\/pages\/1813\/revisions"}],"predecessor-version":[{"id":1825,"href":"https:\/\/conscasablanca.esteri.it\/fr\/wp-json\/wp\/v2\/pages\/1813\/revisions\/1825"}],"up":[{"embeddable":true,"href":"https:\/\/conscasablanca.esteri.it\/fr\/wp-json\/wp\/v2\/pages\/1800"}],"wp:attachment":[{"href":"https:\/\/conscasablanca.esteri.it\/fr\/wp-json\/wp\/v2\/media?parent=1813"}],"curies":[{"name":"wp","href":"https:\/\/api.w.org\/{rel}","templated":true}]}}