{"id":1811,"date":"2023-10-04T12:57:03","date_gmt":"2023-10-04T11:57:03","guid":{"rendered":"https:\/\/conscasablanca.esteri.it\/italia-e-marocco\/diplomazia-economica\/fare-affari-in-italia\/link-utili\/ice\/"},"modified":"2024-10-14T09:54:53","modified_gmt":"2024-10-14T08:54:53","slug":"ice","status":"publish","type":"page","link":"https:\/\/conscasablanca.esteri.it\/fr\/italia-e-marocco\/diplomazia-economica\/fare-affari-in-italia\/link-utili\/ice\/","title":{"rendered":"ICE"},"content":{"rendered":"<p>Le <a href=\"http:\/\/www.ice.it\/\">site web de l&rsquo;ICE<\/a><\/p>\n<p>L&rsquo;ICE, Institut national pour le Commerce Ext\u00e9rieur, est l&rsquo;organisme public charg\u00e9 de d\u00e9velopper, faciliter et promouvoir les relations \u00e9conomiques et commerciales italiennes \u00e0 l&rsquo;\u00e9tranger, en mettant particuli\u00e8rement l&rsquo;accent sur les besoins des petites et moyennes entreprises, de leurs consortiums et regroupements.<\/p>\n<p>Le r\u00e9seau de l&rsquo;ICE dans le monde assure la pr\u00e9sence de l&rsquo;institut dans 80 pays \u00e0 travers l&rsquo;activit\u00e9 de 81 bureaux et 23 points de correspondance, des postes op\u00e9rationnels situ\u00e9s m\u00eame dans des zones \u00e9loign\u00e9es mais d&rsquo;un int\u00e9r\u00eat strat\u00e9gique.<\/p>\n<p>Les activit\u00e9s des unit\u00e9s op\u00e9rationnelles de l&rsquo;ICE \u00e0 l&rsquo;\u00e9tranger visent \u00e0 fournir des services d&rsquo;assistance\/conseil, \u00e0 d\u00e9velopper des actions promotionnelles en faveur des entreprises individuelles et du Syst\u00e8me Italie, ainsi qu&rsquo;\u00e0 produire des informations sur le pays, les opportunit\u00e9s commerciales, les appels d&rsquo;offres internationaux et les investissements en provenance ou \u00e0 destination de l&rsquo;Italie.<\/p>\n","protected":false},"excerpt":{"rendered":"Le site web de l&rsquo;ICE L&rsquo;ICE, Institut national pour le Commerce Ext\u00e9rieur, est l&rsquo;organisme public charg\u00e9 de d\u00e9velopper, faciliter et promouvoir les relations \u00e9conomiques et commerciales italiennes \u00e0 l&rsquo;\u00e9tranger, en mettant particuli\u00e8rement l&rsquo;accent sur les besoins des petites et moyennes entreprises, de leurs consortiums et regroupements. Le r\u00e9seau de l&rsquo;ICE dans le monde assure la [&hellip;]","protected":false},"author":3,"featured_media":0,"parent":1800,"menu_order":0,"comment_status":"closed","ping_status":"closed","template":"","meta":{"footnotes":""},"class_list":["post-1811","page","type-page","status-publish","hentry"],"_links":{"self":[{"href":"https:\/\/conscasablanca.esteri.it\/fr\/wp-json\/wp\/v2\/pages\/1811","targetHints":{"allow":["GET"]}}],"collection":[{"href":"https:\/\/conscasablanca.esteri.it\/fr\/wp-json\/wp\/v2\/pages"}],"about":[{"href":"https:\/\/conscasablanca.esteri.it\/fr\/wp-json\/wp\/v2\/types\/page"}],"author":[{"embeddable":true,"href":"https:\/\/conscasablanca.esteri.it\/fr\/wp-json\/wp\/v2\/users\/3"}],"replies":[{"embeddable":true,"href":"https:\/\/conscasablanca.esteri.it\/fr\/wp-json\/wp\/v2\/comments?post=1811"}],"version-history":[{"count":1,"href":"https:\/\/conscasablanca.esteri.it\/fr\/wp-json\/wp\/v2\/pages\/1811\/revisions"}],"predecessor-version":[{"id":1823,"href":"https:\/\/conscasablanca.esteri.it\/fr\/wp-json\/wp\/v2\/pages\/1811\/revisions\/1823"}],"up":[{"embeddable":true,"href":"https:\/\/conscasablanca.esteri.it\/fr\/wp-json\/wp\/v2\/pages\/1800"}],"wp:attachment":[{"href":"https:\/\/conscasablanca.esteri.it\/fr\/wp-json\/wp\/v2\/media?parent=1811"}],"curies":[{"name":"wp","href":"https:\/\/api.w.org\/{rel}","templated":true}]}}