{"id":1797,"date":"2023-10-04T12:55:51","date_gmt":"2023-10-04T11:55:51","guid":{"rendered":"https:\/\/conscasablanca.esteri.it\/italia-e-marocco\/diplomazia-economica\/fare-affari-in-italia\/quadro-macroeconomico\/"},"modified":"2024-10-14T09:50:39","modified_gmt":"2024-10-14T08:50:39","slug":"quadro-macroeconomico","status":"publish","type":"page","link":"https:\/\/conscasablanca.esteri.it\/fr\/italia-e-marocco\/diplomazia-economica\/fare-affari-in-italia\/quadro-macroeconomico\/","title":{"rendered":"Cadre macro\u00e9conomique"},"content":{"rendered":"<p><a href=\"http:\/\/www.bancaditalia.it\/\">Le site web de la Banque d&rsquo;Italie<\/a><\/p>\n<p>Sur la page d&rsquo;accueil du site de la Banque d&rsquo;Italie, il existe un lien vers la section des publications, permettant d&rsquo;acc\u00e9der aux services d&rsquo;ordre \u00e9conomique et statistique ainsi qu&rsquo;\u00e0 ceux de la politique mon\u00e9taire concernant l&rsquo;Italie.<\/p>\n<p>D&rsquo;un int\u00e9r\u00eat particulier pour une analyse pr\u00e9cise et actualis\u00e9e du cadre \u00e9conomique national, on signale, dans cette section, le Bulletin \u00c9conomique, qui est mis \u00e0 jour par l&rsquo;Institut en novembre et en mars de chaque ann\u00e9e.<\/p>\n","protected":false},"excerpt":{"rendered":"Le site web de la Banque d&rsquo;Italie Sur la page d&rsquo;accueil du site de la Banque d&rsquo;Italie, il existe un lien vers la section des publications, permettant d&rsquo;acc\u00e9der aux services d&rsquo;ordre \u00e9conomique et statistique ainsi qu&rsquo;\u00e0 ceux de la politique mon\u00e9taire concernant l&rsquo;Italie. D&rsquo;un int\u00e9r\u00eat particulier pour une analyse pr\u00e9cise et actualis\u00e9e du cadre \u00e9conomique [&hellip;]","protected":false},"author":3,"featured_media":0,"parent":155,"menu_order":0,"comment_status":"closed","ping_status":"closed","template":"","meta":{"footnotes":""},"class_list":["post-1797","page","type-page","status-publish","hentry"],"_links":{"self":[{"href":"https:\/\/conscasablanca.esteri.it\/fr\/wp-json\/wp\/v2\/pages\/1797","targetHints":{"allow":["GET"]}}],"collection":[{"href":"https:\/\/conscasablanca.esteri.it\/fr\/wp-json\/wp\/v2\/pages"}],"about":[{"href":"https:\/\/conscasablanca.esteri.it\/fr\/wp-json\/wp\/v2\/types\/page"}],"author":[{"embeddable":true,"href":"https:\/\/conscasablanca.esteri.it\/fr\/wp-json\/wp\/v2\/users\/3"}],"replies":[{"embeddable":true,"href":"https:\/\/conscasablanca.esteri.it\/fr\/wp-json\/wp\/v2\/comments?post=1797"}],"version-history":[{"count":1,"href":"https:\/\/conscasablanca.esteri.it\/fr\/wp-json\/wp\/v2\/pages\/1797\/revisions"}],"predecessor-version":[{"id":1805,"href":"https:\/\/conscasablanca.esteri.it\/fr\/wp-json\/wp\/v2\/pages\/1797\/revisions\/1805"}],"up":[{"embeddable":true,"href":"https:\/\/conscasablanca.esteri.it\/fr\/wp-json\/wp\/v2\/pages\/155"}],"wp:attachment":[{"href":"https:\/\/conscasablanca.esteri.it\/fr\/wp-json\/wp\/v2\/media?parent=1797"}],"curies":[{"name":"wp","href":"https:\/\/api.w.org\/{rel}","templated":true}]}}