{"id":179,"date":"2023-04-03T19:30:48","date_gmt":"2023-04-03T19:30:48","guid":{"rendered":"https:\/\/conscasablanca.esteri.it\/servizi-consolari-e-visti\/servizi-per-il-cittadino-straniero\/visti\/"},"modified":"2025-08-14T13:30:33","modified_gmt":"2025-08-14T12:30:33","slug":"visti","status":"publish","type":"page","link":"https:\/\/conscasablanca.esteri.it\/fr\/servizi-consolari-e-visti\/servizi-per-il-cittadino-straniero\/visti\/","title":{"rendered":"Visas"},"content":{"rendered":"<p>Dal 2023 il Consolato Generale d\u2019Italia a Casablanca si avvale di una societ\u00e0 esterna di servizi (VFS Globlal) per la raccolta delle domande di visto.<\/p>\n<p>Per accedere ai servizi di VFS, occorre prendere appuntamento sul loro sito internet, verificando previamente con attenzione la tipologia di visto richiesto.<\/p>\n<p><strong>AVVISO IMPORTANTE<\/strong><\/p>\n<p><strong>\u00a0<\/strong>La falsificazione dei documenti, firme e timbri \u00e8 un reato perseguibile ai sensi della vigente normativa. Eventuali fatti che costituiscano reato saranno denunciati alle competenti autorit\u00e0.<\/p>\n<p><u>Non<\/u> affidatevi ad intermediari. Gli unici canali ufficiali per gli appuntamenti e la presentazione delle domande di visto sono la societ\u00e0 di esternalizzazione visti VFS GLOBAL (<a href=\"https:\/\/visa.vfsglobal.com\/mar\/it\/ita\/\">Welcome to VFS Global | vfsglobal<\/a>) e questo Consolato Generale.<\/p>\n<p>&nbsp;<\/p>\n<p><strong>AVIS IMPORTANT<\/strong><strong>\u00a0<\/strong><\/p>\n<p>La falsification de documents, de signatures et de cachets est un d\u00e9lit puni par la l\u00e9gislation en vigueur. Tout acte constitutif d&rsquo;un d\u00e9lit sera signal\u00e9 aux autorit\u00e9s comp\u00e9tentes.<\/p>\n<p>Ne faites pas appel \u00e0 des interm\u00e9diaires. Les seuls canaux officiels pour les rendez-vous et le d\u00e9p\u00f4t des demandes de visa sont VFS GLOBAL (<a href=\"https:\/\/visa.vfsglobal.com\/mar\/fr\/ita\/\">Welcome to VFS Global | vfsglobal<\/a>) et ce consulat g\u00e9n\u00e9ral.<\/p>\n<p>&nbsp;<\/p>\n<p style=\"text-align: right;\"><strong><u>\u062a\u0646\u0628\u064a\u0647 <\/u><\/strong><strong><u>\u0647\u0627\u0645<\/u><\/strong><\/p>\n<p style=\"text-align: right;\"><strong>\u062a\u0632\u0648\u064a\u0631 <\/strong><strong>\u0627\u0644\u0648\u062b\u0627\u0626\u0642 <\/strong><strong>\u0648\u0627\u0644\u062a\u0648\u0642\u064a\u0639\u0627\u062a <\/strong><strong>\u0648\u0627\u0644\u0623\u062e\u062a\u0627\u0645 <\/strong><strong>\u062c\u0631\u064a\u0645\u0629 <\/strong><strong>\u064a\u0639\u0627\u0642\u0628 <\/strong><strong>\u0639\u0644\u064a\u0647\u0627 <\/strong><strong>\u0627\u0644\u0642\u0627\u0646\u0648\u0646<\/strong><strong>. <\/strong><strong>\u0633\u064a\u062a\u0645 <\/strong><strong>\u0627\u0644\u0625\u0628\u0644\u0627\u063a <\/strong><strong>\u0639\u0646 <\/strong><strong>\u0623\u064a <\/strong><strong>\u0648\u0642\u0627\u0626\u0639 <\/strong><strong>\u062a\u0634\u0643\u0644 <\/strong><strong>\u062c\u0631\u064a\u0645\u0629 <\/strong><strong>\u0625\u0644\u0649 <\/strong><strong>\u0627\u0644\u0633\u0644\u0637\u0627\u062a <\/strong><strong>\u0627\u0644\u0645\u062e\u062a\u0635\u0629<\/strong><\/p>\n<p style=\"text-align: right;\"><strong>\u0644\u0627 <\/strong><strong>\u062a\u0639\u062a\u0645\u062f\u0648\u0627 <\/strong><strong>\u0639\u0644\u0649 <\/strong><strong>\u0627\u0644\u0648\u0633\u0637\u0627\u0621<\/strong><strong>. <\/strong><strong>\u0627\u0644\u0642\u0646\u0648\u0627\u062a <\/strong><strong>\u0627\u0644\u0631\u0633\u0645\u064a\u0629 <\/strong><strong>\u0627\u0644\u0648\u062d\u064a\u062f\u0629 <\/strong><strong>\u0644\u062a\u062d\u062f\u064a\u062f <\/strong><strong>\u0627\u0644\u0645\u0648\u0627\u0639\u064a\u062f <\/strong><strong>\u0648\u062a\u0642\u062f\u064a\u0645 <\/strong><strong>\u0637\u0644\u0628\u0627\u062a <\/strong><strong>\u0627\u0644\u062a\u0623\u0634\u064a\u0631\u0629 <\/strong><strong>\u0647\u064a <\/strong><strong>\u0634\u0631\u0643\u0629 <\/strong><strong>\u0627\u0644\u0645\u062a\u062e\u0635\u0635\u0629<\/strong><strong>) <\/strong><strong>\u0641\u064a <\/strong><strong>\u0625\u0641 <\/strong><strong>\u0625\u0633 <\/strong><strong>\u063a\u0644\u0648\u0628\u0627\u0644<\/strong><strong>( <\/strong><strong>\u0641\u064a <\/strong><strong>\u062e\u062f\u0645\u0627\u062a <\/strong><strong>\u0627\u0644\u062a\u0623\u0634\u064a\u0631\u0627\u062a <\/strong><strong>\u0648\u0627\u0644\u0642\u0646\u0635\u0644\u064a\u0629 <\/strong><strong>\u0627\u0644\u0639\u0627\u0645\u0629 <\/strong><strong>\u0647\u0630\u0647<\/strong><\/p>\n<p>&nbsp;<\/p>\n<p><a href=\"https:\/\/visa.vfsglobal.com\/mar\/ar\/ita\/\">Welcome to VFS Global | vfsglobal<\/a><\/p>\n<p>Si raccomanda, quindi, anzitutto di consultare il sito del Ministero degli Affari Esteri e della Cooperazione Internazionale \u201cIl Visto per l\u2019Italia\u201d disponibile anche in lingua araba.<\/p>\n<p>ITALIANO:\u00a0<a href=\"https:\/\/vistoperitalia.esteri.it\/home.aspx\">Visto per l\u2019Italia<\/a><br \/>\nARABO:\u00a0<a href=\"https:\/\/vistoperitalia.esteri.it\/home\/ar\">\u00a0\u0627\u0644\u062a\u0623\u0634\u064a\u0631\u0629 \u0644\u0627\u064a\u0637\u0627\u0644\u064a\u0627<\/a><\/p>\n<p><u>\u00a0<\/u><\/p>\n<p>E\u2019 possibile prendere visione della documentazione necessaria, divisa per tipologia di visto, nella sezione\u00a0<a href=\"https:\/\/conscasablanca.esteri.it\/it\/servizi-consolari-e-visti\/servizi-per-il-cittadino-straniero\/visti\/lista-documentazione-per-tipologia-di-visto\/\" target=\"_blank\" rel=\"noopener noreferrer\">Lista Documentazione per Tipologia di Visto<\/a><\/p>\n<p>In particolare <strong>per i visti per LAVORO SUBORDINATO E RICONGIUNGIMENTO FAMILIARE CON NULLA OSTA<\/strong>, gli appuntamenti vengono assegnati sulla base di un precheck documentale (in particolare, passaporto e nulla osta) che \u00e8 necessario caricare sul webform a questo indirizzo: <a href=\"https:\/\/euonline.vfsevisa.com\/itamar\/en\/login\">https:\/\/euonline.vfsevisa.com\/itamar\/en\/login<\/a><\/p>\n<p>Una volta compilato il webform, gli appuntamenti verranno assegnati in base all\u2019ordine di ricezione e ne verr\u00e0 data conferma direttamente al richiedente.<\/p>\n<p><strong>Si informa che tutte le domande di visto di lavoro subordinato sono tuttora in corso di verifica (art.3 del DL 145\/2024). Si conferma che al termine di tutti i controlli previsti dalla vigente normativa si proceder\u00e0 alla trattazione di tutte le domande in attesa.<\/strong><\/p>\n<p><strong>Veuillez noter que toutes les demandes de visa de travail sont toujours en cours d&rsquo;\u00e9xamen (article 3 du d\u00e9cret l\u00e9gislatif 145\/2024). Nous vous confirmons qu&rsquo;une fois termin\u00e9es les v\u00e9rifications requises par la l\u00e9gislation en vigueur, les demandes en attente seront trait\u00e9es.<\/strong><strong>\u00a0<\/strong><\/p>\n<p style=\"text-align: right;\"><strong>\u0646\u0648\u062f <\/strong><strong>\u0625\u0639\u0644\u0627\u0645\u0643\u0645 <\/strong><strong>\u0628\u0623\u0646 <\/strong><strong>\u062c\u0645\u064a\u0639 <\/strong><strong>\u0637\u0644\u0628\u0627\u062a <\/strong><strong>\u062a\u0623\u0634\u064a\u0631\u0627\u062a <\/strong><strong>\u0627\u0644\u0639\u0645\u0644 <\/strong><strong>\u0645\u0627 <\/strong><strong>\u0632\u0627\u0644\u062a <\/strong><strong>\u062e\u0627\u0636\u0639\u0629 <\/strong><strong>\u0644\u0644\u062a\u062f\u0642\u064a\u0642<\/strong><strong> (<\/strong><strong>\u0627\u0644\u0645\u0627\u062f\u0629<\/strong><strong> 3 <\/strong><strong>\u0645\u0646 <\/strong><strong>\u0627\u0644\u0645\u0631\u0633\u0648\u0645 <\/strong><strong>\u0627\u0644\u062a\u0646\u0641\u064a\u0630\u064a<\/strong><strong> 145\/2024). <\/strong><strong>\u0648\u0646\u0624\u0643\u062f <\/strong><strong>\u0623\u0646\u0647 <\/strong><strong>\u0639\u0646\u062f <\/strong><strong>\u0627\u0644\u0627\u0646\u062a\u0647\u0627\u0621 <\/strong><strong>\u0645\u0646 <\/strong><strong>\u062c\u0645\u064a\u0639 <\/strong><strong>\u0627\u0644\u0636\u0648\u0627\u0628\u0637 <\/strong><strong>\u0627\u0644\u0645\u0646\u0635\u0648\u0635 <\/strong><strong>\u0639\u0644\u064a\u0647\u0627 <\/strong><strong>\u0641\u064a <\/strong><strong>\u0627\u0644\u062a\u0634\u0631\u064a\u0639\u0627\u062a <\/strong><strong>\u0627\u0644\u0633\u0627\u0631\u064a\u0629\u060c <\/strong><strong>\u0633\u064a\u062a\u0645 <\/strong><strong>\u0627\u0644\u0639\u0645\u0644 <\/strong><strong>\u0639\u0644\u0649 <\/strong><strong>\u0645\u0639\u0627\u0644\u062c\u0629 <\/strong><strong>\u062c\u0645\u064a\u0639 <\/strong><strong>\u0627\u0644\u0637\u0644\u0628\u0627\u062a <\/strong><strong>\u0627\u0644\u0645\u0639\u0644\u0642\u0629<\/strong><\/p>\n<p>&nbsp;<\/p>\n<p><strong>Per TUTTE LE ALTRE TIPOLOGIE DI VISTO\u00a0<\/strong>si pu\u00f2 procedere direttamente sul motore di ricerca di appuntamenti di VFS: <a href=\"https:\/\/visa.vfsglobal.com\/mar\/fr\/ita\/book-an-appointment\">https:\/\/visa.vfsglobal.com\/mar\/fr\/ita\/book-an-appointment<\/a><\/p>\n<p>Attenzione: se l\u2019istanza non \u00e8 completa dei citati documenti o fotocopie verr\u00e0 direttamente respinta con provvedimento di diniego senza preavviso.<\/p>\n<p>&nbsp;<\/p>\n<p><u>Centri Visti a cui rivolgersi per la domanda di visto<\/u><\/p>\n<p>Gli appuntamenti possono essere chiesti direttamente a <a href=\"https:\/\/visa.vfsglobal.com\/mar\/en\/ita\">VFS Global<\/a>, che il giorno 11 e il giorno 21 di ogni mese alle ore 10:00 (se festivi, il primo giorno lavorativo che segue), apre la richiesta degli appuntamenti.<\/p>\n<p>In particolare per i visti di Lavoro e per quelli di Ricongiungimento familiare, il numero di ticket che si ottiene richiedendo l\u2019appuntamento sospende i termini di scadenza del Nulla Osta rilasciato in Italia dal S.U.I., che quindi rimarr\u00e0 valido anche oltre 6 mesi dal suo rilascio.<\/p>\n<p>Gli interessati devono presentare domanda di visto al Visa Application Centre (VAC) di VFS relativo al luogo di residenza cos\u00ec come risulta sul passaporto e come indicato di seguito:<\/p>\n<p>&#8211;\u00a0Per i residenti nelle regioni di Guelmim-Oued, Laayoune-Sakia el Hamra, Marrakech-Safi, Souss-Massa, Dakhla-Oued Ed Dahab occorre selezionare il VAC di <strong>MARRAKECH.<\/strong><\/p>\n<p>&#8211;\u00a0Per tutti i residenti in Marocco per le sole domande di visto per Lavoro subordinato, rivolgersi al VAC di <strong>BENI MELLAL.<\/strong><\/p>\n<p>&#8211; Per i residenti a\u00a0<strong>RABAT\u00a0<\/strong>si prega infine di fare riferimento al sito internet del VAC di Rabat e dell\u2019Ambasciata\u00a0<a href=\"https:\/\/ambrabat.esteri.it\/\">https:\/\/ambrabat.esteri.it<\/a>, che in particolare gestisce in via esclusiva i visti per\u00a0<strong>IMMATRICOLAZIONE UNIVERSITARIA<\/strong>\u00a0(laurea, laurea magistrale, Master, dottorati, postdoc, foundation courses) per i residenti in tutto il Marocco.<\/p>\n<p>&#8211; Per i\u00a0residenti nelle restanti regioni del Marocco, occorre selezionare il VAC di <strong>CASABLANCA<\/strong>.<\/p>\n<p>Attenzione: errori nella selezione del VAC potrebbero determinare la non validit\u00e0 dell\u2019appuntamento. Si prega di vedere anche le indicazioni della societ\u00e0 VFS al riguardo:\u00a0<a href=\"https:\/\/assets.ctfassets.net\/xxg4p8gt3sg6\/1LqeVBDrBvFOXNtx788AiQ\/7720777a45fd14d731c4d2d35d562bb8\/Jurisdction_French.pdf\">https:\/\/assets.ctfassets.net\/xxg4p8gt3sg6\/1LqeVBDrBvFOXNtx788AiQ\/7720777a45fd14d731c4d2d35d562bb8\/Jurisdction_French.pdf<\/a><\/p>\n","protected":false},"excerpt":{"rendered":"Dal 2023 il Consolato Generale d\u2019Italia a Casablanca si avvale di una societ\u00e0 esterna di servizi (VFS Globlal) per la raccolta delle domande di visto. Per accedere ai servizi di VFS, occorre prendere appuntamento sul loro sito internet, verificando previamente con attenzione la tipologia di visto richiesto. AVVISO IMPORTANTE \u00a0La falsificazione dei documenti, firme e [&hellip;]","protected":false},"author":1,"featured_media":0,"parent":178,"menu_order":0,"comment_status":"closed","ping_status":"closed","template":"","meta":{"footnotes":""},"class_list":["post-179","page","type-page","status-publish","hentry"],"_links":{"self":[{"href":"https:\/\/conscasablanca.esteri.it\/fr\/wp-json\/wp\/v2\/pages\/179","targetHints":{"allow":["GET"]}}],"collection":[{"href":"https:\/\/conscasablanca.esteri.it\/fr\/wp-json\/wp\/v2\/pages"}],"about":[{"href":"https:\/\/conscasablanca.esteri.it\/fr\/wp-json\/wp\/v2\/types\/page"}],"author":[{"embeddable":true,"href":"https:\/\/conscasablanca.esteri.it\/fr\/wp-json\/wp\/v2\/users\/1"}],"replies":[{"embeddable":true,"href":"https:\/\/conscasablanca.esteri.it\/fr\/wp-json\/wp\/v2\/comments?post=179"}],"version-history":[{"count":4,"href":"https:\/\/conscasablanca.esteri.it\/fr\/wp-json\/wp\/v2\/pages\/179\/revisions"}],"predecessor-version":[{"id":2606,"href":"https:\/\/conscasablanca.esteri.it\/fr\/wp-json\/wp\/v2\/pages\/179\/revisions\/2606"}],"up":[{"embeddable":true,"href":"https:\/\/conscasablanca.esteri.it\/fr\/wp-json\/wp\/v2\/pages\/178"}],"wp:attachment":[{"href":"https:\/\/conscasablanca.esteri.it\/fr\/wp-json\/wp\/v2\/media?parent=179"}],"curies":[{"name":"wp","href":"https:\/\/api.w.org\/{rel}","templated":true}]}}