{"id":1783,"date":"2023-10-04T12:53:27","date_gmt":"2023-10-04T11:53:27","guid":{"rendered":"https:\/\/conscasablanca.esteri.it\/italia-e-marocco\/diplomazia-economica\/fare-affari-in-italia\/norme-ed-incentivi\/"},"modified":"2024-10-14T09:48:47","modified_gmt":"2024-10-14T08:48:47","slug":"norme-ed-incentivi","status":"publish","type":"page","link":"https:\/\/conscasablanca.esteri.it\/fr\/italia-e-marocco\/diplomazia-economica\/fare-affari-in-italia\/norme-ed-incentivi\/","title":{"rendered":"Normes et incitations"},"content":{"rendered":"<p><a href=\"http:\/\/www.invitalia.it\/\">Le site web d&rsquo;Invitalia<\/a><\/p>\n<p>Au cours des ann\u00e9es 90, des r\u00e9formes structurelles ont \u00e9t\u00e9 introduites, permettant \u00e0 l&rsquo;Italie d&rsquo;harmoniser son cadre l\u00e9gislatif, fiscal et incitatif aux standards europ\u00e9ens.<\/p>\n<p>En particulier, des r\u00e9formes importantes ont \u00e9t\u00e9 mises en \u0153uvre dans les domaines du march\u00e9 du travail, du cr\u00e9dit, de l&rsquo;\u00e9nergie et de la fonction publique.<\/p>\n<p>Les trois principaux secteurs de la l\u00e9gislation \u00e9conomique ont \u00e9t\u00e9 r\u00e9volutionn\u00e9s. Le fil conducteur des interventions a \u00e9t\u00e9 l&rsquo;adaptation des r\u00e8gles \u00e0 celles des pays les plus avanc\u00e9s, afin de rendre le syst\u00e8me italien plus attractif pour les op\u00e9rateurs \u00e9conomiques et plus comp\u00e9titif dans le contexte international.<\/p>\n","protected":false},"excerpt":{"rendered":"Le site web d&rsquo;Invitalia Au cours des ann\u00e9es 90, des r\u00e9formes structurelles ont \u00e9t\u00e9 introduites, permettant \u00e0 l&rsquo;Italie d&rsquo;harmoniser son cadre l\u00e9gislatif, fiscal et incitatif aux standards europ\u00e9ens. En particulier, des r\u00e9formes importantes ont \u00e9t\u00e9 mises en \u0153uvre dans les domaines du march\u00e9 du travail, du cr\u00e9dit, de l&rsquo;\u00e9nergie et de la fonction publique. Les [&hellip;]","protected":false},"author":3,"featured_media":0,"parent":155,"menu_order":0,"comment_status":"closed","ping_status":"closed","template":"","meta":{"footnotes":""},"class_list":["post-1783","page","type-page","status-publish","hentry"],"_links":{"self":[{"href":"https:\/\/conscasablanca.esteri.it\/fr\/wp-json\/wp\/v2\/pages\/1783","targetHints":{"allow":["GET"]}}],"collection":[{"href":"https:\/\/conscasablanca.esteri.it\/fr\/wp-json\/wp\/v2\/pages"}],"about":[{"href":"https:\/\/conscasablanca.esteri.it\/fr\/wp-json\/wp\/v2\/types\/page"}],"author":[{"embeddable":true,"href":"https:\/\/conscasablanca.esteri.it\/fr\/wp-json\/wp\/v2\/users\/3"}],"replies":[{"embeddable":true,"href":"https:\/\/conscasablanca.esteri.it\/fr\/wp-json\/wp\/v2\/comments?post=1783"}],"version-history":[{"count":1,"href":"https:\/\/conscasablanca.esteri.it\/fr\/wp-json\/wp\/v2\/pages\/1783\/revisions"}],"predecessor-version":[{"id":1801,"href":"https:\/\/conscasablanca.esteri.it\/fr\/wp-json\/wp\/v2\/pages\/1783\/revisions\/1801"}],"up":[{"embeddable":true,"href":"https:\/\/conscasablanca.esteri.it\/fr\/wp-json\/wp\/v2\/pages\/155"}],"wp:attachment":[{"href":"https:\/\/conscasablanca.esteri.it\/fr\/wp-json\/wp\/v2\/media?parent=1783"}],"curies":[{"name":"wp","href":"https:\/\/api.w.org\/{rel}","templated":true}]}}