{"id":178,"date":"2023-04-03T19:25:23","date_gmt":"2023-04-03T19:25:23","guid":{"rendered":"https:\/\/conscasablanca.esteri.it\/servizi-consolari-e-visti\/servizi-per-il-cittadino-straniero\/"},"modified":"2024-10-15T13:12:54","modified_gmt":"2024-10-15T12:12:54","slug":"servizi-per-il-cittadino-straniero","status":"publish","type":"page","link":"https:\/\/conscasablanca.esteri.it\/fr\/servizi-consolari-e-visti\/servizi-per-il-cittadino-straniero\/","title":{"rendered":"Services aux citoyens \u00e9trangers"},"content":{"rendered":"<p>Les Ambassades et Consulats offrent \u00e9galement des services en faveur des citoyens \u00e9trangers.<\/p>\n<p>Parmi ces services, l&rsquo;\u00e9mission de visas d&rsquo;entr\u00e9e en Italie et dans l&rsquo;espace Schengen, la d\u00e9livrance de documents administratifs tels que la l\u00e9galisation de documents, les certificats de vie et la conformit\u00e9 des traductions d&rsquo;actes. De plus, dans les cas pr\u00e9vus par la l\u00e9gislation en vigueur, les Ambassades et Consulats se chargent de la transmission d&rsquo;actes et de documents aux Autorit\u00e9s italiennes.<\/p>\n","protected":false},"excerpt":{"rendered":"Les Ambassades et Consulats offrent \u00e9galement des services en faveur des citoyens \u00e9trangers. Parmi ces services, l&rsquo;\u00e9mission de visas d&rsquo;entr\u00e9e en Italie et dans l&rsquo;espace Schengen, la d\u00e9livrance de documents administratifs tels que la l\u00e9galisation de documents, les certificats de vie et la conformit\u00e9 des traductions d&rsquo;actes. De plus, dans les cas pr\u00e9vus par la [&hellip;]","protected":false},"author":1,"featured_media":0,"parent":161,"menu_order":2,"comment_status":"closed","ping_status":"closed","template":"","meta":{"footnotes":""},"class_list":["post-178","page","type-page","status-publish","hentry"],"_links":{"self":[{"href":"https:\/\/conscasablanca.esteri.it\/fr\/wp-json\/wp\/v2\/pages\/178","targetHints":{"allow":["GET"]}}],"collection":[{"href":"https:\/\/conscasablanca.esteri.it\/fr\/wp-json\/wp\/v2\/pages"}],"about":[{"href":"https:\/\/conscasablanca.esteri.it\/fr\/wp-json\/wp\/v2\/types\/page"}],"author":[{"embeddable":true,"href":"https:\/\/conscasablanca.esteri.it\/fr\/wp-json\/wp\/v2\/users\/1"}],"replies":[{"embeddable":true,"href":"https:\/\/conscasablanca.esteri.it\/fr\/wp-json\/wp\/v2\/comments?post=178"}],"version-history":[{"count":2,"href":"https:\/\/conscasablanca.esteri.it\/fr\/wp-json\/wp\/v2\/pages\/178\/revisions"}],"predecessor-version":[{"id":2012,"href":"https:\/\/conscasablanca.esteri.it\/fr\/wp-json\/wp\/v2\/pages\/178\/revisions\/2012"}],"up":[{"embeddable":true,"href":"https:\/\/conscasablanca.esteri.it\/fr\/wp-json\/wp\/v2\/pages\/161"}],"wp:attachment":[{"href":"https:\/\/conscasablanca.esteri.it\/fr\/wp-json\/wp\/v2\/media?parent=178"}],"curies":[{"name":"wp","href":"https:\/\/api.w.org\/{rel}","templated":true}]}}