{"id":1760,"date":"2023-10-06T11:28:07","date_gmt":"2023-10-06T10:28:07","guid":{"rendered":"https:\/\/conscasablanca.esteri.it\/italia-e-marocco\/diplomazia-economica\/fare-affari-in-marocco\/servizi-per-le-imprese\/informazioni-settoriali\/"},"modified":"2024-10-14T09:39:09","modified_gmt":"2024-10-14T08:39:09","slug":"informazioni-settoriali","status":"publish","type":"page","link":"https:\/\/conscasablanca.esteri.it\/fr\/italia-e-marocco\/diplomazia-economica\/fare-affari-in-marocco\/servizi-per-le-imprese\/informazioni-settoriali\/","title":{"rendered":"Informations sectorielles"},"content":{"rendered":"<h2><strong>1. Organismes publics non \u00e9conomiques<\/strong><\/h2>\n<p><strong>INFORMEST \u2013 Centre de services et de documentation pour la coop\u00e9ration \u00e9conomique internationale<\/strong><\/p>\n<p>Structure publique \u00e0 but non lucratif cr\u00e9\u00e9e pour offrir aux op\u00e9rateurs de march\u00e9 des services d&rsquo;information, de documentation, de formation, d&rsquo;assistance et de conseil sur les pays d&rsquo;Europe de l&rsquo;Est (Balkans, Europe centrale et orientale, CEI) ainsi que d&rsquo;Asie centrale et orientale (Chine, Mongolie, Vietnam) ;<br \/>\nles services d&rsquo;Informest pour l&rsquo;utilisation des instruments d&rsquo;aide publique \u00e0 l&rsquo;internationalisation incluent l&rsquo;assistance aux entreprises pour la demande de financements ou de subventions jusqu&rsquo;\u00e0 l&rsquo;ach\u00e8vement de la proc\u00e9dure correspondante.<\/p>\n<p><a href=\"http:\/\/www.informest.it\">www.informest.it<\/a><\/p>\n<p><strong>IPI \u2013 Institut pour la promotion industrielle<\/strong><\/p>\n<p>Agence gouvernementale, sous la tutelle du Minist\u00e8re des Activit\u00e9s Productives, sp\u00e9cialis\u00e9e dans la promotion de la croissance et de la comp\u00e9titivit\u00e9 des syst\u00e8mes de production et \u00e9conomiques dans un contexte international mondialis\u00e9 ;<br \/>\nelle intervient dans la conception, la r\u00e9alisation et la gestion de programmes, d&rsquo;actions syst\u00e9miques et d&rsquo;instruments visant \u00e0 soutenir le d\u00e9veloppement de l&rsquo;entrepreneuriat italien ;<br \/>\nelle op\u00e8re dans le cadre des processus de coop\u00e9ration industrielle internationale multilat\u00e9rale et bilat\u00e9rale promus par le gouvernement italien.<\/p>\n<h2><strong>2. Quelques principales organisations repr\u00e9sentatives<\/strong><\/h2>\n<p><strong>CONFINDUSTRIA \u2013 Organisation repr\u00e9sentative des entreprises manufacturi\u00e8res et de services en Italie<\/strong><\/p>\n<p>Conf\u00e9d\u00e9ration g\u00e9n\u00e9rale de l&rsquo;industrie italienne qui contribue, avec les institutions politiques et les organisations \u00e9conomiques, sociales et culturelles, nationales et internationales, \u00e0 la croissance \u00e9conomique et au progr\u00e8s social du pays ;<br \/>\nelle intervient pour soutenir les organisations \u00e9conomiques, politiques, sociales et culturelles du pays et de l&rsquo;Union europ\u00e9enne ;<br \/>\nelle repr\u00e9sente et d\u00e9fend le secteur de la production de biens et de services.<\/p>\n<p><a href=\"http:\/\/www.confindustria.it\">www.confindustria.it<\/a><\/p>\n<p>&nbsp;<\/p>\n<p><strong>CONFAPI \u2013 Conf\u00e9d\u00e9ration italienne de la petite et moyenne industrie<\/strong><\/p>\n<p>Conf\u00e9d\u00e9ration qui promeut les int\u00e9r\u00eats de la petite et moyenne industrie ;<br \/>\nelle favorise le d\u00e9veloppement \u00e9conomique et social du pays en liaison avec des organisations et institutions nationales et \u00e9trang\u00e8res.<\/p>\n<p><a href=\"http:\/\/www.confapi.it\">www.confapi.it<\/a><\/p>\n<p>&nbsp;<\/p>\n<p><strong>CONFCOMMERCIO<br \/>\nConf\u00e9d\u00e9ration g\u00e9n\u00e9rale italienne du commerce, du tourisme, des services et des PME<\/strong><\/p>\n<p>Conf\u00e9d\u00e9ration qui d\u00e9finit les politiques communautaires du secteur en collaboration avec l&rsquo;Union europ\u00e9enne ;<br \/>\nelle assiste et g\u00e8re les proc\u00e9dures li\u00e9es \u00e0 l&rsquo;octroi de subventions pour les activit\u00e9s promotionnelles \u00e0 l&rsquo;\u00e9tranger ;<br \/>\nelle recherche des d\u00e9bouch\u00e9s et identifie des acheteurs potentiels sur les march\u00e9s internationaux.<\/p>\n<p><a href=\"http:\/\/www.confcommercio.it\">www.confcommercio.it<\/a><\/p>\n<p>&nbsp;<\/p>\n<p><strong>CONFARTIGIANATO<br \/>\nOrganisation d&rsquo;information et de repr\u00e9sentation des entreprises artisanales<\/strong><\/p>\n<p>Conf\u00e9d\u00e9ration qui soutient le d\u00e9veloppement des nouvelles entreprises par des activit\u00e9s de formation, d&rsquo;information sur les opportunit\u00e9s et les facilit\u00e9s nationales et locales ;<br \/>\nelle offre une premi\u00e8re \u00e9valuation de la qualit\u00e9 du projet entrepreneurial et fournit des conseils de base en mati\u00e8re de l\u00e9gislation, de cr\u00e9dit, de fiscalit\u00e9 et d&rsquo;environnement ;<br \/>\nelle accorde des financements \u00e0 des conditions pr\u00e9f\u00e9rentielles pour doter le projet d&rsquo;entreprise des outils n\u00e9cessaires \u00e0 sa concr\u00e9tisation.<\/p>\n<p><a href=\"http:\/\/www.confartigianato.it\">www.confartigianato.it<\/a><\/p>\n<p>&nbsp;<\/p>\n<p><strong>CNA<br \/>\nConf\u00e9d\u00e9ration nationale de l&rsquo;artisanat et des petites et moyennes entreprises<\/strong><\/p>\n<p>Organisation repr\u00e9sentative des entreprises artisanales ;<br \/>\nen formulant des strat\u00e9gies pour le secteur, elle fournit un service d&rsquo;information sur les opportunit\u00e9s, programmes et appels d&rsquo;offres propos\u00e9s par l&rsquo;Union europ\u00e9enne ;<br \/>\nelle repr\u00e9sente le monde de l&rsquo;auto-entrepreneuriat, en r\u00e9unissant sous l&rsquo;appellation \u00ab\u00a0CNA en propre\u00a0\u00bb des consultants, professionnels et collaborateurs.<\/p>\n<p><a href=\"http:\/\/www.cna.it\">www.cna.it<\/a><\/p>\n<p>&nbsp;<\/p>\n<p><strong>CONFAGRICOLTURA<br \/>\nOrganisation agricole italienne<\/strong><\/p>\n<ul>\n<li>Conf\u00e9d\u00e9ration qui promeut, assiste et coordonne les activit\u00e9s \u00e9conomiques pour chaque produit ou secteur de production ;<\/li>\n<li>elle repr\u00e9sente et d\u00e9fend les entreprises associ\u00e9es aupr\u00e8s des institutions ;<\/li>\n<li>elle fournit \u00e0 ses membres des services qualifi\u00e9s de nature diverse (conseils juridiques, formation et assistance technique pour la gestion de l&rsquo;exploitation agricole).<\/li>\n<\/ul>\n<p><a href=\"http:\/\/www.confagricoltura.it\">www.confagricoltura.it<\/a><\/p>\n","protected":false},"excerpt":{"rendered":"1. Organismes publics non \u00e9conomiques INFORMEST \u2013 Centre de services et de documentation pour la coop\u00e9ration \u00e9conomique internationale Structure publique \u00e0 but non lucratif cr\u00e9\u00e9e pour offrir aux op\u00e9rateurs de march\u00e9 des services d&rsquo;information, de documentation, de formation, d&rsquo;assistance et de conseil sur les pays d&rsquo;Europe de l&rsquo;Est (Balkans, Europe centrale et orientale, CEI) ainsi [&hellip;]","protected":false},"author":3,"featured_media":0,"parent":1750,"menu_order":0,"comment_status":"closed","ping_status":"closed","template":"","meta":{"footnotes":""},"class_list":["post-1760","page","type-page","status-publish","hentry"],"_links":{"self":[{"href":"https:\/\/conscasablanca.esteri.it\/fr\/wp-json\/wp\/v2\/pages\/1760","targetHints":{"allow":["GET"]}}],"collection":[{"href":"https:\/\/conscasablanca.esteri.it\/fr\/wp-json\/wp\/v2\/pages"}],"about":[{"href":"https:\/\/conscasablanca.esteri.it\/fr\/wp-json\/wp\/v2\/types\/page"}],"author":[{"embeddable":true,"href":"https:\/\/conscasablanca.esteri.it\/fr\/wp-json\/wp\/v2\/users\/3"}],"replies":[{"embeddable":true,"href":"https:\/\/conscasablanca.esteri.it\/fr\/wp-json\/wp\/v2\/comments?post=1760"}],"version-history":[{"count":2,"href":"https:\/\/conscasablanca.esteri.it\/fr\/wp-json\/wp\/v2\/pages\/1760\/revisions"}],"predecessor-version":[{"id":1780,"href":"https:\/\/conscasablanca.esteri.it\/fr\/wp-json\/wp\/v2\/pages\/1760\/revisions\/1780"}],"up":[{"embeddable":true,"href":"https:\/\/conscasablanca.esteri.it\/fr\/wp-json\/wp\/v2\/pages\/1750"}],"wp:attachment":[{"href":"https:\/\/conscasablanca.esteri.it\/fr\/wp-json\/wp\/v2\/media?parent=1760"}],"curies":[{"name":"wp","href":"https:\/\/api.w.org\/{rel}","templated":true}]}}