{"id":1758,"date":"2023-10-06T11:21:43","date_gmt":"2023-10-06T10:21:43","guid":{"rendered":"https:\/\/conscasablanca.esteri.it\/italia-e-marocco\/diplomazia-economica\/fare-affari-in-marocco\/servizi-per-le-imprese\/formazione\/"},"modified":"2024-10-14T09:35:34","modified_gmt":"2024-10-14T08:35:34","slug":"formazione","status":"publish","type":"page","link":"https:\/\/conscasablanca.esteri.it\/fr\/italia-e-marocco\/diplomazia-economica\/fare-affari-in-marocco\/servizi-per-le-imprese\/formazione\/","title":{"rendered":"Formation"},"content":{"rendered":"<p><strong>FORMEZ \u2013 Centre de Formation et d&rsquo;\u00c9tudes<\/strong><\/p>\n<p>Institut qui fournit une assistance technique ainsi que des services de formation et d&rsquo;information, principalement aux administrations locales ; il participe \u00e0 des initiatives d&rsquo;assistance technique et de formation au niveau national et international, en collaboration avec des organismes publics et priv\u00e9s.<\/p>\n<p>Le service \u00ab\u00a0Sportello Impresa\u00a0\u00bb (\u00ab\u00a0Guichet Entreprise\u00a0\u00bb) de Formez offre une formation continue, ainsi qu&rsquo;une assistance et des conseils, afin de soutenir les collectivit\u00e9s locales dans la cr\u00e9ation et le d\u00e9veloppement des guichets uniques pour les activit\u00e9s productives.<\/p>\n<p><a href=\"http:\/\/www.formez.it\/\">Site web FORMEZ<\/a><\/p>\n<p>&nbsp;<\/p>\n","protected":false},"excerpt":{"rendered":"FORMEZ \u2013 Centre de Formation et d&rsquo;\u00c9tudes Institut qui fournit une assistance technique ainsi que des services de formation et d&rsquo;information, principalement aux administrations locales ; il participe \u00e0 des initiatives d&rsquo;assistance technique et de formation au niveau national et international, en collaboration avec des organismes publics et priv\u00e9s. Le service \u00ab\u00a0Sportello Impresa\u00a0\u00bb (\u00ab\u00a0Guichet Entreprise\u00a0\u00bb) [&hellip;]","protected":false},"author":3,"featured_media":0,"parent":1750,"menu_order":0,"comment_status":"closed","ping_status":"closed","template":"","meta":{"footnotes":""},"class_list":["post-1758","page","type-page","status-publish","hentry"],"_links":{"self":[{"href":"https:\/\/conscasablanca.esteri.it\/fr\/wp-json\/wp\/v2\/pages\/1758","targetHints":{"allow":["GET"]}}],"collection":[{"href":"https:\/\/conscasablanca.esteri.it\/fr\/wp-json\/wp\/v2\/pages"}],"about":[{"href":"https:\/\/conscasablanca.esteri.it\/fr\/wp-json\/wp\/v2\/types\/page"}],"author":[{"embeddable":true,"href":"https:\/\/conscasablanca.esteri.it\/fr\/wp-json\/wp\/v2\/users\/3"}],"replies":[{"embeddable":true,"href":"https:\/\/conscasablanca.esteri.it\/fr\/wp-json\/wp\/v2\/comments?post=1758"}],"version-history":[{"count":2,"href":"https:\/\/conscasablanca.esteri.it\/fr\/wp-json\/wp\/v2\/pages\/1758\/revisions"}],"predecessor-version":[{"id":1777,"href":"https:\/\/conscasablanca.esteri.it\/fr\/wp-json\/wp\/v2\/pages\/1758\/revisions\/1777"}],"up":[{"embeddable":true,"href":"https:\/\/conscasablanca.esteri.it\/fr\/wp-json\/wp\/v2\/pages\/1750"}],"wp:attachment":[{"href":"https:\/\/conscasablanca.esteri.it\/fr\/wp-json\/wp\/v2\/media?parent=1758"}],"curies":[{"name":"wp","href":"https:\/\/api.w.org\/{rel}","templated":true}]}}