{"id":1757,"date":"2023-10-06T11:20:11","date_gmt":"2023-10-06T10:20:11","guid":{"rendered":"https:\/\/conscasablanca.esteri.it\/italia-e-marocco\/diplomazia-economica\/fare-affari-in-marocco\/servizi-per-le-imprese\/finanziamenti-e-investimenti\/"},"modified":"2024-10-14T09:34:19","modified_gmt":"2024-10-14T08:34:19","slug":"finanziamenti-e-investimenti","status":"publish","type":"page","link":"https:\/\/conscasablanca.esteri.it\/fr\/italia-e-marocco\/diplomazia-economica\/fare-affari-in-marocco\/servizi-per-le-imprese\/finanziamenti-e-investimenti\/","title":{"rendered":"Financements et investissements"},"content":{"rendered":"<p><strong>SIMEST S.p.A. \u2013 Soci\u00e9t\u00e9 financi\u00e8re de d\u00e9veloppement et de promotion des entreprises italiennes \u00e0 l&rsquo;\u00e9tranger<\/strong><\/p>\n<ul>\n<li>Soci\u00e9t\u00e9 contr\u00f4l\u00e9e par le gouvernement italien, qui d\u00e9tient 76 % du paquet d\u2019actions, avec la participation de banques, d&rsquo;entreprises, d&rsquo;associations professionnelles et sectorielles ;<\/li>\n<li>elle promeut et soutient les activit\u00e9s \u00e0 l&rsquo;\u00e9tranger de toutes les entreprises italiennes, en particulier les petites et moyennes entreprises, y compris celles du commerce, de l&rsquo;artisanat et du tourisme, ainsi que des coop\u00e9ratives, des consortiums et d&rsquo;autres organismes \u00e9conomiques, \u00e0 travers deux principaux axes d&rsquo;activit\u00e9 : le soutien aux \u00e9changes commerciaux et le soutien aux investissements \u00e0 l&rsquo;\u00e9tranger ;<\/li>\n<li>elle fournit des services d&rsquo;assistance et de conseil pour toutes les \u00e9tapes de d\u00e9marrage et de r\u00e9alisation des investissements \u00e0 l&rsquo;\u00e9tranger ;<\/li>\n<li>elle apporte un soutien financier aux investissements des entreprises italiennes \u00e0 l&rsquo;\u00e9tranger gr\u00e2ce \u00e0 la gestion d&rsquo;incitations et d&rsquo;aides directes ;<\/li>\n<li>la participation de SIMEST au capital des entreprises \u00e9trang\u00e8res permet de partager le risque potentiel de la nouvelle initiative avec un partenaire institutionnel qui injecte ses propres capitaux et met \u00e0 disposition son exp\u00e9rience de longue date sur les march\u00e9s \u00e9trangers, bas\u00e9e sur la participation \u00e0 des centaines de projets dans le monde entier ;<\/li>\n<li>elle g\u00e8re les fonds de capital-risque du Minist\u00e8re des Activit\u00e9s Productives ;<\/li>\n<li>elle accorde des subventions aux int\u00e9r\u00eats sur les financements accord\u00e9s aux exportateurs italiens ;<\/li>\n<li>elle finance les d\u00e9penses li\u00e9es \u00e0 la cr\u00e9ation de structures commerciales permanentes ;<\/li>\n<li>elle accorde des financements pour des \u00e9tudes de faisabilit\u00e9 et pour l&rsquo;assistance technique ;<\/li>\n<li>elle finance les co\u00fbts li\u00e9s aux appels d&rsquo;offres internationaux ;<\/li>\n<li>elle r\u00e9alise des op\u00e9rations de prospection commerciale.<\/li>\n<\/ul>\n<p><a href=\"http:\/\/www.simest.it\/\">Site web SIMEST<\/a><\/p>\n<p>&nbsp;<\/p>\n","protected":false},"excerpt":{"rendered":"SIMEST S.p.A. \u2013 Soci\u00e9t\u00e9 financi\u00e8re de d\u00e9veloppement et de promotion des entreprises italiennes \u00e0 l&rsquo;\u00e9tranger Soci\u00e9t\u00e9 contr\u00f4l\u00e9e par le gouvernement italien, qui d\u00e9tient 76 % du paquet d\u2019actions, avec la participation de banques, d&rsquo;entreprises, d&rsquo;associations professionnelles et sectorielles ; elle promeut et soutient les activit\u00e9s \u00e0 l&rsquo;\u00e9tranger de toutes les entreprises italiennes, en particulier les [&hellip;]","protected":false},"author":3,"featured_media":0,"parent":1750,"menu_order":0,"comment_status":"closed","ping_status":"closed","template":"","meta":{"footnotes":""},"class_list":["post-1757","page","type-page","status-publish","hentry"],"_links":{"self":[{"href":"https:\/\/conscasablanca.esteri.it\/fr\/wp-json\/wp\/v2\/pages\/1757","targetHints":{"allow":["GET"]}}],"collection":[{"href":"https:\/\/conscasablanca.esteri.it\/fr\/wp-json\/wp\/v2\/pages"}],"about":[{"href":"https:\/\/conscasablanca.esteri.it\/fr\/wp-json\/wp\/v2\/types\/page"}],"author":[{"embeddable":true,"href":"https:\/\/conscasablanca.esteri.it\/fr\/wp-json\/wp\/v2\/users\/3"}],"replies":[{"embeddable":true,"href":"https:\/\/conscasablanca.esteri.it\/fr\/wp-json\/wp\/v2\/comments?post=1757"}],"version-history":[{"count":1,"href":"https:\/\/conscasablanca.esteri.it\/fr\/wp-json\/wp\/v2\/pages\/1757\/revisions"}],"predecessor-version":[{"id":1773,"href":"https:\/\/conscasablanca.esteri.it\/fr\/wp-json\/wp\/v2\/pages\/1757\/revisions\/1773"}],"up":[{"embeddable":true,"href":"https:\/\/conscasablanca.esteri.it\/fr\/wp-json\/wp\/v2\/pages\/1750"}],"wp:attachment":[{"href":"https:\/\/conscasablanca.esteri.it\/fr\/wp-json\/wp\/v2\/media?parent=1757"}],"curies":[{"name":"wp","href":"https:\/\/api.w.org\/{rel}","templated":true}]}}