{"id":1756,"date":"2023-10-06T11:16:23","date_gmt":"2023-10-06T10:16:23","guid":{"rendered":"https:\/\/conscasablanca.esteri.it\/italia-e-marocco\/diplomazia-economica\/fare-affari-in-marocco\/servizi-per-le-imprese\/assicurazione-allexport\/"},"modified":"2024-10-14T09:31:44","modified_gmt":"2024-10-14T08:31:44","slug":"assicurazione-allexport","status":"publish","type":"page","link":"https:\/\/conscasablanca.esteri.it\/fr\/italia-e-marocco\/diplomazia-economica\/fare-affari-in-marocco\/servizi-per-le-imprese\/assicurazione-allexport\/","title":{"rendered":"Assurance \u00e0 l&rsquo;exportation"},"content":{"rendered":"<p><strong>SACE S.p.A. \u2013 Services d&rsquo;Assurance du Commerce Ext\u00e9rieur<\/strong><\/p>\n<ul>\n<li>Soci\u00e9t\u00e9 d&rsquo;assurance des cr\u00e9dits \u00e0 l&rsquo;exportation, avec un capital social souscrit par le Minist\u00e8re de l&rsquo;\u00c9conomie et des Finances ;<\/li>\n<li>elle assure et r\u00e9assure les risques de nature politique, \u00e9conomique et commerciale auxquels les op\u00e9rateurs italiens sont expos\u00e9s dans leurs transactions internationales ;<\/li>\n<li>elle soutient les exportations des petites et moyennes entreprises italiennes en facilitant l&rsquo;acc\u00e8s \u00e0 la garantie d&rsquo;assurance \u00e0 travers deux strat\u00e9gies bas\u00e9es sur la libert\u00e9 laiss\u00e9e aux entreprises de choisir le type de relation \u00e0 \u00e9tablir avec SACE :\n<ul>\n<li>strat\u00e9gie directe : parmi les divers instruments d&rsquo;assurance disponibles, se distingue la Polizza Globale, destin\u00e9e aux soci\u00e9t\u00e9s ayant des relations commerciales continues avec plusieurs d\u00e9biteurs \u00e9trangers ;<\/li>\n<li>strat\u00e9gie indirecte : activit\u00e9 m\u00e9di\u00e9e par des banques et\/ou des soci\u00e9t\u00e9s d&rsquo;assurance priv\u00e9es.<\/li>\n<\/ul>\n<\/li>\n<\/ul>\n<h4><a href=\"http:\/\/www.sace.it\/\">Site web SACE<\/a><\/h4>\n<p>&nbsp;<\/p>\n","protected":false},"excerpt":{"rendered":"SACE S.p.A. \u2013 Services d&rsquo;Assurance du Commerce Ext\u00e9rieur Soci\u00e9t\u00e9 d&rsquo;assurance des cr\u00e9dits \u00e0 l&rsquo;exportation, avec un capital social souscrit par le Minist\u00e8re de l&rsquo;\u00c9conomie et des Finances ; elle assure et r\u00e9assure les risques de nature politique, \u00e9conomique et commerciale auxquels les op\u00e9rateurs italiens sont expos\u00e9s dans leurs transactions internationales ; elle soutient les exportations [&hellip;]","protected":false},"author":3,"featured_media":0,"parent":1750,"menu_order":0,"comment_status":"closed","ping_status":"closed","template":"","meta":{"footnotes":""},"class_list":["post-1756","page","type-page","status-publish","hentry"],"_links":{"self":[{"href":"https:\/\/conscasablanca.esteri.it\/fr\/wp-json\/wp\/v2\/pages\/1756","targetHints":{"allow":["GET"]}}],"collection":[{"href":"https:\/\/conscasablanca.esteri.it\/fr\/wp-json\/wp\/v2\/pages"}],"about":[{"href":"https:\/\/conscasablanca.esteri.it\/fr\/wp-json\/wp\/v2\/types\/page"}],"author":[{"embeddable":true,"href":"https:\/\/conscasablanca.esteri.it\/fr\/wp-json\/wp\/v2\/users\/3"}],"replies":[{"embeddable":true,"href":"https:\/\/conscasablanca.esteri.it\/fr\/wp-json\/wp\/v2\/comments?post=1756"}],"version-history":[{"count":1,"href":"https:\/\/conscasablanca.esteri.it\/fr\/wp-json\/wp\/v2\/pages\/1756\/revisions"}],"predecessor-version":[{"id":1772,"href":"https:\/\/conscasablanca.esteri.it\/fr\/wp-json\/wp\/v2\/pages\/1756\/revisions\/1772"}],"up":[{"embeddable":true,"href":"https:\/\/conscasablanca.esteri.it\/fr\/wp-json\/wp\/v2\/pages\/1750"}],"wp:attachment":[{"href":"https:\/\/conscasablanca.esteri.it\/fr\/wp-json\/wp\/v2\/media?parent=1756"}],"curies":[{"name":"wp","href":"https:\/\/api.w.org\/{rel}","templated":true}]}}