{"id":1753,"date":"2023-10-06T11:15:05","date_gmt":"2023-10-06T10:15:05","guid":{"rendered":"https:\/\/conscasablanca.esteri.it\/italia-e-marocco\/diplomazia-economica\/fare-affari-in-marocco\/servizi-per-le-imprese\/gare\/"},"modified":"2024-10-14T09:31:00","modified_gmt":"2024-10-14T08:31:00","slug":"gare","status":"publish","type":"page","link":"https:\/\/conscasablanca.esteri.it\/fr\/italia-e-marocco\/diplomazia-economica\/fare-affari-in-marocco\/servizi-per-le-imprese\/gare\/","title":{"rendered":"Appels d&rsquo;offres"},"content":{"rendered":"<p><strong>EXTENDER<br \/>\nSyst\u00e8me d&rsquo;information pour la pr\u00e9vision des appels d&rsquo;offres et grands projets<\/strong><\/p>\n<p>Syst\u00e8me d&rsquo;information gratuit, promu dans le cadre d&rsquo;un accord entre le Minist\u00e8re des Affaires \u00c9trang\u00e8res, l&rsquo;Union des Chambres de Commerce Italiennes et l&rsquo;Association des Chambres de Commerce Italiennes \u00e0 l&rsquo;\u00c9tranger, visant \u00e0 la diffusion cibl\u00e9e des informations \u00e9conomiques et des opportunit\u00e9s d&rsquo;affaires signal\u00e9es par les institutions italiennes \u00e0 l&rsquo;\u00e9tranger, au b\u00e9n\u00e9fice des entreprises italiennes\u00a0; gr\u00e2ce \u00e0 une inscription gratuite sur le site, l&rsquo;utilisateur re\u00e7oit en temps r\u00e9el, par e-mail, des informations personnalis\u00e9es concernant les march\u00e9s et les secteurs d&rsquo;int\u00e9r\u00eat indiqu\u00e9s lors de l&rsquo;inscription.<\/p>\n<p>Les types d&rsquo;informations que le syst\u00e8me met \u00e0 disposition des inscrits sont :<\/p>\n<ul>\n<li>appels d&rsquo;offres internationaux ;<\/li>\n<li>early warning : pr\u00e9visions d&rsquo;appels d&rsquo;offres et de grands projets.<\/li>\n<\/ul>\n","protected":false},"excerpt":{"rendered":"EXTENDER Syst\u00e8me d&rsquo;information pour la pr\u00e9vision des appels d&rsquo;offres et grands projets Syst\u00e8me d&rsquo;information gratuit, promu dans le cadre d&rsquo;un accord entre le Minist\u00e8re des Affaires \u00c9trang\u00e8res, l&rsquo;Union des Chambres de Commerce Italiennes et l&rsquo;Association des Chambres de Commerce Italiennes \u00e0 l&rsquo;\u00c9tranger, visant \u00e0 la diffusion cibl\u00e9e des informations \u00e9conomiques et des opportunit\u00e9s d&rsquo;affaires signal\u00e9es [&hellip;]","protected":false},"author":3,"featured_media":0,"parent":1750,"menu_order":0,"comment_status":"closed","ping_status":"closed","template":"","meta":{"footnotes":""},"class_list":["post-1753","page","type-page","status-publish","hentry"],"_links":{"self":[{"href":"https:\/\/conscasablanca.esteri.it\/fr\/wp-json\/wp\/v2\/pages\/1753","targetHints":{"allow":["GET"]}}],"collection":[{"href":"https:\/\/conscasablanca.esteri.it\/fr\/wp-json\/wp\/v2\/pages"}],"about":[{"href":"https:\/\/conscasablanca.esteri.it\/fr\/wp-json\/wp\/v2\/types\/page"}],"author":[{"embeddable":true,"href":"https:\/\/conscasablanca.esteri.it\/fr\/wp-json\/wp\/v2\/users\/3"}],"replies":[{"embeddable":true,"href":"https:\/\/conscasablanca.esteri.it\/fr\/wp-json\/wp\/v2\/comments?post=1753"}],"version-history":[{"count":1,"href":"https:\/\/conscasablanca.esteri.it\/fr\/wp-json\/wp\/v2\/pages\/1753\/revisions"}],"predecessor-version":[{"id":1769,"href":"https:\/\/conscasablanca.esteri.it\/fr\/wp-json\/wp\/v2\/pages\/1753\/revisions\/1769"}],"up":[{"embeddable":true,"href":"https:\/\/conscasablanca.esteri.it\/fr\/wp-json\/wp\/v2\/pages\/1750"}],"wp:attachment":[{"href":"https:\/\/conscasablanca.esteri.it\/fr\/wp-json\/wp\/v2\/media?parent=1753"}],"curies":[{"name":"wp","href":"https:\/\/api.w.org\/{rel}","templated":true}]}}