{"id":175,"date":"2023-04-03T19:30:19","date_gmt":"2023-04-03T19:30:19","guid":{"rendered":"https:\/\/conscasablanca.esteri.it\/servizi-consolari-e-visti\/servizi-per-il-cittadino-italiano\/pensioni-e-sicurezza-sociale\/"},"modified":"2024-10-15T12:41:24","modified_gmt":"2024-10-15T11:41:24","slug":"pensioni-e-sicurezza-sociale","status":"publish","type":"page","link":"https:\/\/conscasablanca.esteri.it\/fr\/servizi-consolari-e-visti\/servizi-per-il-cittadino-italiano\/pensioni-e-sicurezza-sociale\/","title":{"rendered":"Retraites et s\u00e9curit\u00e9 sociale"},"content":{"rendered":"<p>Lien Informations G\u00e9n\u00e9rales : <a href=\"https:\/\/www.esteri.it\/it\/servizi-consolari-e-visti\/italiani-all-estero\/sicurezzasociale\/\">MAECI \u2013 Retraites et s\u00e9curit\u00e9 sociale<\/a><\/p>\n<p><strong>AVIS<\/strong><\/p>\n<p><strong>INPS<\/strong><\/p>\n<p><strong>NOUVELLE PROLONGATION DE LA V\u00c9RIFICATION DE L&rsquo;EXISTENCE EN VIE<\/strong><\/p>\n<p>La v\u00e9rification de l&rsquo;existence en vie des retrait\u00e9s qui per\u00e7oivent leur pension \u00e0 l&rsquo;\u00e9tranger est effectu\u00e9e par Citibank NA. Cette v\u00e9rification est d&rsquo;une importance capitale car elle contribue \u00e0 garantir la r\u00e9gularit\u00e9 des flux de paiements.<\/p>\n<p>Compte tenu de l&rsquo;urgence sanitaire internationale toujours en cours, la banque payeuse Citibank, en accord avec l&rsquo;INPS, a \u00e9tabli de nouvelles \u00e9ch\u00e9ances pour les processus de v\u00e9rification de l&rsquo;existence en vie des personnes percevant des pensions \u00e0 l&rsquo;\u00e9tranger.<\/p>\n<p>Pour les retrait\u00e9s r\u00e9sidant au Maroc, qui n&rsquo;ont pas pu finaliser les v\u00e9rifications commenc\u00e9es en octobre 2019 et concernant les ann\u00e9es 2019-2020, la date limite pour la restitution des attestations est d\u00e9sormais fix\u00e9e au 7 mai 2021. Si le processus n&rsquo;est pas termin\u00e9 d&rsquo;ici cette date, le paiement de la pension de juin 2021 sera effectu\u00e9 en esp\u00e8ces dans les agences Western Union et, en cas de non-r\u00e9cup\u00e9ration personnelle ou de non-production de l&rsquo;attestation d&rsquo;existence en vie avant le 19 juin 2021, le paiement de la pension sera suspendu \u00e0 partir de la pension suivante de juillet 2021.<\/p>\n<p>Pour la v\u00e9rification concernant les ann\u00e9es 2020-2021, le lancement de la campagne de v\u00e9rification de l&rsquo;existence en vie est pr\u00e9vu pour la premi\u00e8re semaine de mai 2021. L&rsquo;attestation devra parvenir \u00e0 la banque avant le 7 septembre 2021. Si le processus n&rsquo;est pas termin\u00e9 d&rsquo;ici cette date, le paiement de la pension d&rsquo;octobre 2021 sera effectu\u00e9 en esp\u00e8ces dans les agences Western Union et, en cas de non-r\u00e9cup\u00e9ration personnelle ou de non-production de l&rsquo;attestation d&rsquo;existence en vie avant le 19 octobre 2021, le paiement de la pension sera suspendu par la banque \u00e0 partir de la pension suivante de novembre 2021.<\/p>\n","protected":false},"excerpt":{"rendered":"Lien Informations G\u00e9n\u00e9rales : MAECI \u2013 Retraites et s\u00e9curit\u00e9 sociale AVIS INPS NOUVELLE PROLONGATION DE LA V\u00c9RIFICATION DE L&rsquo;EXISTENCE EN VIE La v\u00e9rification de l&rsquo;existence en vie des retrait\u00e9s qui per\u00e7oivent leur pension \u00e0 l&rsquo;\u00e9tranger est effectu\u00e9e par Citibank NA. Cette v\u00e9rification est d&rsquo;une importance capitale car elle contribue \u00e0 garantir la r\u00e9gularit\u00e9 des flux [&hellip;]","protected":false},"author":1,"featured_media":0,"parent":162,"menu_order":20,"comment_status":"closed","ping_status":"closed","template":"","meta":{"footnotes":""},"class_list":["post-175","page","type-page","status-publish","hentry"],"_links":{"self":[{"href":"https:\/\/conscasablanca.esteri.it\/fr\/wp-json\/wp\/v2\/pages\/175","targetHints":{"allow":["GET"]}}],"collection":[{"href":"https:\/\/conscasablanca.esteri.it\/fr\/wp-json\/wp\/v2\/pages"}],"about":[{"href":"https:\/\/conscasablanca.esteri.it\/fr\/wp-json\/wp\/v2\/types\/page"}],"author":[{"embeddable":true,"href":"https:\/\/conscasablanca.esteri.it\/fr\/wp-json\/wp\/v2\/users\/1"}],"replies":[{"embeddable":true,"href":"https:\/\/conscasablanca.esteri.it\/fr\/wp-json\/wp\/v2\/comments?post=175"}],"version-history":[{"count":2,"href":"https:\/\/conscasablanca.esteri.it\/fr\/wp-json\/wp\/v2\/pages\/175\/revisions"}],"predecessor-version":[{"id":1994,"href":"https:\/\/conscasablanca.esteri.it\/fr\/wp-json\/wp\/v2\/pages\/175\/revisions\/1994"}],"up":[{"embeddable":true,"href":"https:\/\/conscasablanca.esteri.it\/fr\/wp-json\/wp\/v2\/pages\/162"}],"wp:attachment":[{"href":"https:\/\/conscasablanca.esteri.it\/fr\/wp-json\/wp\/v2\/media?parent=175"}],"curies":[{"name":"wp","href":"https:\/\/api.w.org\/{rel}","templated":true}]}}