{"id":1749,"date":"2023-10-06T10:53:14","date_gmt":"2023-10-06T09:53:14","guid":{"rendered":"https:\/\/conscasablanca.esteri.it\/italia-e-marocco\/diplomazia-economica\/fare-affari-in-marocco\/guida-strumenti\/"},"modified":"2024-10-14T09:27:19","modified_gmt":"2024-10-14T08:27:19","slug":"guida-strumenti","status":"publish","type":"page","link":"https:\/\/conscasablanca.esteri.it\/fr\/italia-e-marocco\/diplomazia-economica\/fare-affari-in-marocco\/guida-strumenti\/","title":{"rendered":"Guide des instruments"},"content":{"rendered":"<p>Les entreprises italiennes peuvent b\u00e9n\u00e9ficier d&rsquo;une large gamme d&rsquo;instruments publics en soutien \u00e0 l&rsquo;internationalisation.<\/p>\n<p>Le Minist\u00e8re des Activit\u00e9s Productives a \u00e9labor\u00e9 un guide destin\u00e9 \u00e0 fournir aux op\u00e9rateurs une base d&rsquo;information simple sur les instruments incitatifs que le Syst\u00e8me Public met \u00e0 disposition des entreprises italiennes pour soutenir leurs projets d&rsquo;internationalisation. Outre les instruments \u00ab\u00a0traditionnels\u00a0\u00bb, con\u00e7us pour soutenir l&rsquo;entreprise dans la phase soi-disant \u00ab\u00a0commerciale\u00a0\u00bb de son internationalisation, caract\u00e9ris\u00e9e par l&rsquo;activation des flux d&rsquo;exportation de ses produits vers des march\u00e9s \u00e9trangers, le guide analyse les nouveaux instruments incitatifs, cr\u00e9\u00e9s au cours des derni\u00e8res ann\u00e9es pour soutenir l&rsquo;internationalisation \u00ab\u00a0productive\u00a0\u00bb des entreprises. Cette internationalisation productive implique le transfert \u00e0 l&rsquo;\u00e9tranger de certaines \u00e9tapes ou cha\u00eenes de production, dans une logique de \u00ab\u00a0multilocalisation\u00a0\u00bb qui permet aux entreprises de s&rsquo;implanter sur plusieurs march\u00e9s et de devenir de plus en plus comp\u00e9titives.<\/p>\n<p>Les fonds de capital-risque sont con\u00e7us pour soutenir les investissements des entreprises italiennes dans des zones g\u00e9ographiques jug\u00e9es de grande importance strat\u00e9gique pour le d\u00e9veloppement de notre syst\u00e8me national. Le caract\u00e8re renouvelable de ces fonds permet l&rsquo;activation d&rsquo;un m\u00e9canisme d&rsquo;auto-alimentation qui garantit la p\u00e9rennit\u00e9 des ressources financi\u00e8res allou\u00e9es \u00e0 cet effet.<\/p>\n<p>Le choix d\u00e9lib\u00e9r\u00e9 a \u00e9t\u00e9 fait de privil\u00e9gier la clart\u00e9 et la compr\u00e9hension plut\u00f4t que l&rsquo;exhaustivit\u00e9. \u00c0 cette fin, la description des instruments incitatifs est organis\u00e9e sous forme de fiches, qui pr\u00e9sentent de mani\u00e8re synth\u00e9tique les types d&rsquo;interventions pr\u00e9vues, les principales r\u00e9f\u00e9rences l\u00e9gislatives, les ressources disponibles, ainsi que les proc\u00e9dures et d\u00e9lais n\u00e9cessaires pour obtenir l&rsquo;incitation.<\/p>\n<p>Pour plus d&rsquo;informations : <a href=\"https:\/\/www.esteri.it\/it\/diplomazia-economica-e-politica-commerciale\/diplomaziaeconomica\/sostegno-all-internazionalizzazione\/\">MAECI \u2013 Soutien \u00e0 l&rsquo;internationalisation des entreprises<\/a>.<\/p>\n","protected":false},"excerpt":{"rendered":"Les entreprises italiennes peuvent b\u00e9n\u00e9ficier d&rsquo;une large gamme d&rsquo;instruments publics en soutien \u00e0 l&rsquo;internationalisation. Le Minist\u00e8re des Activit\u00e9s Productives a \u00e9labor\u00e9 un guide destin\u00e9 \u00e0 fournir aux op\u00e9rateurs une base d&rsquo;information simple sur les instruments incitatifs que le Syst\u00e8me Public met \u00e0 disposition des entreprises italiennes pour soutenir leurs projets d&rsquo;internationalisation. Outre les instruments \u00ab\u00a0traditionnels\u00a0\u00bb, [&hellip;]","protected":false},"author":3,"featured_media":0,"parent":165,"menu_order":0,"comment_status":"closed","ping_status":"closed","template":"","meta":{"footnotes":""},"class_list":["post-1749","page","type-page","status-publish","hentry"],"_links":{"self":[{"href":"https:\/\/conscasablanca.esteri.it\/fr\/wp-json\/wp\/v2\/pages\/1749","targetHints":{"allow":["GET"]}}],"collection":[{"href":"https:\/\/conscasablanca.esteri.it\/fr\/wp-json\/wp\/v2\/pages"}],"about":[{"href":"https:\/\/conscasablanca.esteri.it\/fr\/wp-json\/wp\/v2\/types\/page"}],"author":[{"embeddable":true,"href":"https:\/\/conscasablanca.esteri.it\/fr\/wp-json\/wp\/v2\/users\/3"}],"replies":[{"embeddable":true,"href":"https:\/\/conscasablanca.esteri.it\/fr\/wp-json\/wp\/v2\/comments?post=1749"}],"version-history":[{"count":1,"href":"https:\/\/conscasablanca.esteri.it\/fr\/wp-json\/wp\/v2\/pages\/1749\/revisions"}],"predecessor-version":[{"id":1764,"href":"https:\/\/conscasablanca.esteri.it\/fr\/wp-json\/wp\/v2\/pages\/1749\/revisions\/1764"}],"up":[{"embeddable":true,"href":"https:\/\/conscasablanca.esteri.it\/fr\/wp-json\/wp\/v2\/pages\/165"}],"wp:attachment":[{"href":"https:\/\/conscasablanca.esteri.it\/fr\/wp-json\/wp\/v2\/media?parent=1749"}],"curies":[{"name":"wp","href":"https:\/\/api.w.org\/{rel}","templated":true}]}}