{"id":1746,"date":"2023-10-06T10:51:34","date_gmt":"2023-10-06T09:51:34","guid":{"rendered":"https:\/\/conscasablanca.esteri.it\/italia-e-marocco\/diplomazia-economica\/fare-affari-in-marocco\/rapporto-congiunto\/"},"modified":"2024-10-14T09:26:40","modified_gmt":"2024-10-14T08:26:40","slug":"rapporto-congiunto","status":"publish","type":"page","link":"https:\/\/conscasablanca.esteri.it\/fr\/italia-e-marocco\/diplomazia-economica\/fare-affari-in-marocco\/rapporto-congiunto\/","title":{"rendered":"Rapport conjoint"},"content":{"rendered":"<p>Les rapports-pays conjoints sont un instrument qui compl\u00e8te le soutien apport\u00e9 par les Ambassades, les Consulats et les bureaux de l&rsquo;ICE au syst\u00e8me des entreprises \u00e0 l&rsquo;\u00e9tranger. Semestriellement, l&rsquo;Ambassade d&rsquo;Italie et le bureau ICE de Casablanca dressent un tableau synth\u00e9tique de la situation macro\u00e9conomique du Maroc, de l&rsquo;\u00e9volution des \u00e9changes commerciaux, des principales opportunit\u00e9s pour les entreprises italiennes, ainsi que des initiatives promotionnelles que les diff\u00e9rentes composantes du \u00ab\u00a0Syst\u00e8me Italie\u00a0\u00bb envisagent de r\u00e9aliser au cours de l&rsquo;ann\u00e9e.<\/p>\n","protected":false},"excerpt":{"rendered":"Les rapports-pays conjoints sont un instrument qui compl\u00e8te le soutien apport\u00e9 par les Ambassades, les Consulats et les bureaux de l&rsquo;ICE au syst\u00e8me des entreprises \u00e0 l&rsquo;\u00e9tranger. Semestriellement, l&rsquo;Ambassade d&rsquo;Italie et le bureau ICE de Casablanca dressent un tableau synth\u00e9tique de la situation macro\u00e9conomique du Maroc, de l&rsquo;\u00e9volution des \u00e9changes commerciaux, des principales opportunit\u00e9s pour [&hellip;]","protected":false},"author":3,"featured_media":0,"parent":165,"menu_order":0,"comment_status":"closed","ping_status":"closed","template":"","meta":{"footnotes":""},"class_list":["post-1746","page","type-page","status-publish","hentry"],"_links":{"self":[{"href":"https:\/\/conscasablanca.esteri.it\/fr\/wp-json\/wp\/v2\/pages\/1746","targetHints":{"allow":["GET"]}}],"collection":[{"href":"https:\/\/conscasablanca.esteri.it\/fr\/wp-json\/wp\/v2\/pages"}],"about":[{"href":"https:\/\/conscasablanca.esteri.it\/fr\/wp-json\/wp\/v2\/types\/page"}],"author":[{"embeddable":true,"href":"https:\/\/conscasablanca.esteri.it\/fr\/wp-json\/wp\/v2\/users\/3"}],"replies":[{"embeddable":true,"href":"https:\/\/conscasablanca.esteri.it\/fr\/wp-json\/wp\/v2\/comments?post=1746"}],"version-history":[{"count":1,"href":"https:\/\/conscasablanca.esteri.it\/fr\/wp-json\/wp\/v2\/pages\/1746\/revisions"}],"predecessor-version":[{"id":1762,"href":"https:\/\/conscasablanca.esteri.it\/fr\/wp-json\/wp\/v2\/pages\/1746\/revisions\/1762"}],"up":[{"embeddable":true,"href":"https:\/\/conscasablanca.esteri.it\/fr\/wp-json\/wp\/v2\/pages\/165"}],"wp:attachment":[{"href":"https:\/\/conscasablanca.esteri.it\/fr\/wp-json\/wp\/v2\/media?parent=1746"}],"curies":[{"name":"wp","href":"https:\/\/api.w.org\/{rel}","templated":true}]}}