{"id":174,"date":"2023-04-03T19:30:10","date_gmt":"2023-04-03T19:30:10","guid":{"rendered":"https:\/\/conscasablanca.esteri.it\/servizi-consolari-e-visti\/servizi-per-il-cittadino-italiano\/codice-fiscale\/"},"modified":"2024-10-15T12:34:58","modified_gmt":"2024-10-15T11:34:58","slug":"codice-fiscale","status":"publish","type":"page","link":"https:\/\/conscasablanca.esteri.it\/fr\/servizi-consolari-e-visti\/servizi-per-il-cittadino-italiano\/codice-fiscale\/","title":{"rendered":"Code fiscal"},"content":{"rendered":"<p>Le code fiscal est un code alphanum\u00e9rique personnel qui constitue l&rsquo;outil d&rsquo;identification des personnes physiques et des entit\u00e9s autres que les personnes physiques dans leurs relations avec les organismes et administrations publiques italiennes.<\/p>\n<p>Le code fiscal est d\u00e9livr\u00e9 par l&rsquo;Agence des Revenus, relevant du Minist\u00e8re de l&rsquo;\u00c9conomie et des Finances, \u00e0 :<\/p>\n<ul>\n<li>citoyens italiens,<\/li>\n<li>citoyens non italiens r\u00e9sidant en Italie et contribuables (m\u00eame s&rsquo;ils r\u00e9sident \u00e0 l&rsquo;\u00e9tranger),<\/li>\n<li>associations sans num\u00e9ro de TVA.<\/li>\n<\/ul>\n<p>La demande de num\u00e9ro fiscal, pour ceux qui se trouvent en dehors du territoire national italien, peut \u00eatre pr\u00e9sent\u00e9e par l&rsquo;interm\u00e9diaire du bureau consulaire comp\u00e9tent pour le lieu de r\u00e9sidence de la personne concern\u00e9e.<\/p>\n<p>ATTENTION : Seule l&rsquo;Agence des Revenus est autoris\u00e9e \u00e0 d\u00e9livrer le num\u00e9ro fiscal. Aucun autre site en ligne pour le calcul de celui-ci ne peut \u00eatre consid\u00e9r\u00e9 comme valide.<\/p>\n<p>&nbsp;<\/p>\n<p><strong>MODALIT\u00c9S DE PR\u00c9SENTATION DE LA DEMANDE<\/strong><\/p>\n<p>La demande doit \u00eatre pr\u00e9sent\u00e9e par e-mail (max 3 Mo) en envoyant \u00e0 l&rsquo;adresse <a href=\"mailto:con.casablanca.anagrafe@cert.esteri.it\">con.casablanca.anagrafe@cert.esteri.it<\/a> les documents suivants, au format PDF, en tant que pi\u00e8ces jointes au message (pas de liens externes) :<\/p>\n<ul>\n<li>le <a href=\"https:\/\/conscasablanca.esteri.it\/wp-content\/uploads\/2023\/10\/modulo_richiesta_del_cfitaliano.pdf\">formulaire<\/a> appropri\u00e9 d\u00fbment rempli de mani\u00e8re \u00e9lectronique (pas de scan).<\/li>\n<li>copie d&rsquo;un document d&rsquo;identit\u00e9 en cours de validit\u00e9.<\/li>\n<li>si disponible, copie de son propre num\u00e9ro fiscal (en cas de renouvellement).<\/li>\n<\/ul>\n<p>Dans l&rsquo;e-mail, veuillez indiquer le motif de la demande et vos coordonn\u00e9es t\u00e9l\u00e9phoniques.<\/p>\n","protected":false},"excerpt":{"rendered":"Le code fiscal est un code alphanum\u00e9rique personnel qui constitue l&rsquo;outil d&rsquo;identification des personnes physiques et des entit\u00e9s autres que les personnes physiques dans leurs relations avec les organismes et administrations publiques italiennes. Le code fiscal est d\u00e9livr\u00e9 par l&rsquo;Agence des Revenus, relevant du Minist\u00e8re de l&rsquo;\u00c9conomie et des Finances, \u00e0 : citoyens italiens, citoyens [&hellip;]","protected":false},"author":1,"featured_media":0,"parent":162,"menu_order":18,"comment_status":"closed","ping_status":"closed","template":"","meta":{"footnotes":""},"class_list":["post-174","page","type-page","status-publish","hentry"],"_links":{"self":[{"href":"https:\/\/conscasablanca.esteri.it\/fr\/wp-json\/wp\/v2\/pages\/174","targetHints":{"allow":["GET"]}}],"collection":[{"href":"https:\/\/conscasablanca.esteri.it\/fr\/wp-json\/wp\/v2\/pages"}],"about":[{"href":"https:\/\/conscasablanca.esteri.it\/fr\/wp-json\/wp\/v2\/types\/page"}],"author":[{"embeddable":true,"href":"https:\/\/conscasablanca.esteri.it\/fr\/wp-json\/wp\/v2\/users\/1"}],"replies":[{"embeddable":true,"href":"https:\/\/conscasablanca.esteri.it\/fr\/wp-json\/wp\/v2\/comments?post=174"}],"version-history":[{"count":2,"href":"https:\/\/conscasablanca.esteri.it\/fr\/wp-json\/wp\/v2\/pages\/174\/revisions"}],"predecessor-version":[{"id":1993,"href":"https:\/\/conscasablanca.esteri.it\/fr\/wp-json\/wp\/v2\/pages\/174\/revisions\/1993"}],"up":[{"embeddable":true,"href":"https:\/\/conscasablanca.esteri.it\/fr\/wp-json\/wp\/v2\/pages\/162"}],"wp:attachment":[{"href":"https:\/\/conscasablanca.esteri.it\/fr\/wp-json\/wp\/v2\/media?parent=174"}],"curies":[{"name":"wp","href":"https:\/\/api.w.org\/{rel}","templated":true}]}}