{"id":173,"date":"2023-04-03T19:29:59","date_gmt":"2023-04-03T19:29:59","guid":{"rendered":"https:\/\/conscasablanca.esteri.it\/servizi-consolari-e-visti\/servizi-per-il-cittadino-italiano\/autoveicoli-e-patenti-di-guida\/"},"modified":"2024-10-15T12:34:04","modified_gmt":"2024-10-15T11:34:04","slug":"autoveicoli-e-patenti-di-guida","status":"publish","type":"page","link":"https:\/\/conscasablanca.esteri.it\/fr\/servizi-consolari-e-visti\/servizi-per-il-cittadino-italiano\/autoveicoli-e-patenti-di-guida\/","title":{"rendered":"V\u00e9hicules \u00e0 moteur et permis de conduire"},"content":{"rendered":"<h1><strong>Radiation des v\u00e9hicules du PRA pour exportation<\/strong><\/h1>\n<p><strong>V\u00c9HICULES AUTOMOBILES<\/strong><\/p>\n<p>Selon ce qui est stipul\u00e9 par l&rsquo;article 103 r\u00e9vis\u00e9 du Code de la route, \u00e0 partir du 1er janvier 2020, pour exporter d\u00e9finitivement un v\u00e9hicule \u00e0 l&rsquo;\u00e9tranger, il sera n\u00e9cessaire de demander d&rsquo;abord la radiation du v\u00e9hicule du Registre Public Automobile (PRA).<\/p>\n<p>Une fois la radiation effectu\u00e9e, le v\u00e9hicule radi\u00e9 pourra circuler pour atteindre les points de passage frontaliers pour l&rsquo;exportation seulement s&rsquo;il est muni du document de circulation et de la plaque provisoire.<\/p>\n<p>Par cons\u00e9quent, pour demander la radiation du PRA des v\u00e9hicules export\u00e9s \u00e0 partir du 1er janvier 2020, les citoyens italiens ne pourront plus s&rsquo;adresser aux bureaux consulaires pr\u00e9sents dans le pays o\u00f9 ils exportent d\u00e9finitivement le v\u00e9hicule.<\/p>\n<p>Les demandes de radiation des v\u00e9hicules export\u00e9s avant le 31 d\u00e9cembre 2019 et r\u00e9immatricul\u00e9s en 2020 continueront \u00e0 \u00eatre accept\u00e9es par les bureaux consulaires selon la l\u00e9gislation en vigueur jusqu&rsquo;au 31 mars 2021, \u00e0 condition que les v\u00e9hicules aient \u00e9t\u00e9 r\u00e9immatricul\u00e9s avec une plaque \u00e9trang\u00e8re au moment de la demande de radiation. \u00c0 cet effet, le demandeur devra joindre une copie de la carte de circulation \u00e9trang\u00e8re et toute documentation qui, directement ou indirectement, prouve l&rsquo;exportation du v\u00e9hicule \u00e0 l&rsquo;\u00e9tranger avant le 31\/12\/2019.<\/p>\n<p><a href=\"http:\/\/www.aci.it\/i-servizi\/guide-utili\/guida-pratiche-auto\/esportazione.html\">Pour plus d&rsquo;informations<\/a><\/p>\n<p>&nbsp;<\/p>\n<p><strong>PERMIS DE CONDUIRE<\/strong><\/p>\n<p>Conform\u00e9ment \u00e0 l&rsquo;<a href=\"http:\/\/conscasablanca.esteri.it\/consolato_casablanca\/resource\/doc\/2023\/08\/accordo_26.11.1991_sogu_164_del_15.7.2000.pdf\">Accord bilat\u00e9ral<\/a> entre l&rsquo;Italie et le Maroc du 26 novembre 1991 (S.O.G.U. n\u00b0 164 du 15\/07\/2000), les titulaires d&rsquo;un permis de conduire d\u00e9livr\u00e9 par l&rsquo;un des deux \u00c9tats ont le droit de conduire sur le territoire de l&rsquo;autre \u00c9tat (art. 2).<\/p>\n<p>Le permis de conduire d\u00e9livr\u00e9 par l&rsquo;un des deux \u00c9tats perd sa validit\u00e9 si son titulaire s&rsquo;\u00e9tablit dans l&rsquo;autre \u00c9tat (r\u00e9sidence habituelle) ou s&rsquo;il s\u00e9journe de mani\u00e8re ininterrompue pendant plus d&rsquo;un an dans cet \u00c9tat sans s&rsquo;y \u00e9tablir.<\/p>\n<p>Si le titulaire du permis d\u00e9livr\u00e9 par un \u00c9tat acquiert la r\u00e9sidence de l&rsquo;autre \u00c9tat, il doit, <strong>dans l\u2019ann\u00e9e<\/strong>, proc\u00e9der \u00e0 la conversion de son permis actuel avec celui de l&rsquo;\u00c9tat o\u00f9 il r\u00e9side. En cas de non-respect, la personne concern\u00e9e encourt les sanctions pr\u00e9vues par la l\u00e9gislation de l&rsquo;\u00c9tat (art. 5 de l&rsquo;Accord mentionn\u00e9 ci-dessus).<\/p>\n<p>&nbsp;<\/p>\n<p>Avant de prendre un rendez-vous pour la d\u00e9livrance de l&rsquo;attestation de v\u00e9rification des conditions de sant\u00e9 mentale et physique (appel\u00e9e \u00ab\u00a0renouvellement\u00a0\u00bb) sur le portail <a href=\"https:\/\/prenotami.esteri.it\/\">Prenot@mi<\/a>, veuillez envoyer par email \u00e0 : <a href=\"mailto:casablanca.consolare@esteri.it\">casablanca.consolare@esteri.it<\/a> les documents suivants :<\/p>\n<ul>\n<li>copie scann\u00e9e du permis de conduire recto\/verso en format PDF ;<\/li>\n<li>autre document italien en cours de validit\u00e9 ;<\/li>\n<\/ul>\n<p>Apr\u00e8s v\u00e9rification, le Consulat enverra un email suite auquel il sera possible de prendre un rendez-vous sur <a href=\"https:\/\/prenotami.esteri.it\/\">Prenot@mi<\/a>.<\/p>\n<p>Le jour du rendez-vous, il faudra se pr\u00e9senter au guichet muni de :<\/p>\n<ul>\n<li>permis \u00e0 renouveler<\/li>\n<li>certificat m\u00e9dical d\u00e9livr\u00e9 par les m\u00e9decins de confiance de ce Consulat (<a href=\"https:\/\/conscasablanca.esteri.it\/wp-content\/uploads\/2023\/10\/elenco_medici_di_fiducia.pdf\">liste des m\u00e9decins de confiance<\/a>)<\/li>\n<li>document d&rsquo;identit\u00e9 en cours de validit\u00e9<\/li>\n<li>copie de l&#8217;email re\u00e7u du Consulat<\/li>\n<\/ul>\n<p><strong>ATTENTION :<\/strong> Le certificat m\u00e9dical doit avoir une date de d\u00e9livrance ne d\u00e9passant pas 6 mois au jour du rendez-vous.<\/p>\n","protected":false},"excerpt":{"rendered":"Radiation des v\u00e9hicules du PRA pour exportation V\u00c9HICULES AUTOMOBILES Selon ce qui est stipul\u00e9 par l&rsquo;article 103 r\u00e9vis\u00e9 du Code de la route, \u00e0 partir du 1er janvier 2020, pour exporter d\u00e9finitivement un v\u00e9hicule \u00e0 l&rsquo;\u00e9tranger, il sera n\u00e9cessaire de demander d&rsquo;abord la radiation du v\u00e9hicule du Registre Public Automobile (PRA). Une fois la radiation [&hellip;]","protected":false},"author":1,"featured_media":0,"parent":162,"menu_order":16,"comment_status":"closed","ping_status":"closed","template":"","meta":{"footnotes":""},"class_list":["post-173","page","type-page","status-publish","hentry"],"_links":{"self":[{"href":"https:\/\/conscasablanca.esteri.it\/fr\/wp-json\/wp\/v2\/pages\/173","targetHints":{"allow":["GET"]}}],"collection":[{"href":"https:\/\/conscasablanca.esteri.it\/fr\/wp-json\/wp\/v2\/pages"}],"about":[{"href":"https:\/\/conscasablanca.esteri.it\/fr\/wp-json\/wp\/v2\/types\/page"}],"author":[{"embeddable":true,"href":"https:\/\/conscasablanca.esteri.it\/fr\/wp-json\/wp\/v2\/users\/1"}],"replies":[{"embeddable":true,"href":"https:\/\/conscasablanca.esteri.it\/fr\/wp-json\/wp\/v2\/comments?post=173"}],"version-history":[{"count":2,"href":"https:\/\/conscasablanca.esteri.it\/fr\/wp-json\/wp\/v2\/pages\/173\/revisions"}],"predecessor-version":[{"id":1992,"href":"https:\/\/conscasablanca.esteri.it\/fr\/wp-json\/wp\/v2\/pages\/173\/revisions\/1992"}],"up":[{"embeddable":true,"href":"https:\/\/conscasablanca.esteri.it\/fr\/wp-json\/wp\/v2\/pages\/162"}],"wp:attachment":[{"href":"https:\/\/conscasablanca.esteri.it\/fr\/wp-json\/wp\/v2\/media?parent=173"}],"curies":[{"name":"wp","href":"https:\/\/api.w.org\/{rel}","templated":true}]}}