{"id":171,"date":"2023-04-03T19:29:38","date_gmt":"2023-04-03T19:29:38","guid":{"rendered":"https:\/\/conscasablanca.esteri.it\/servizi-consolari-e-visti\/servizi-per-il-cittadino-italiano\/servizi-notarili\/"},"modified":"2024-10-15T12:30:51","modified_gmt":"2024-10-15T11:30:51","slug":"servizi-notarili","status":"publish","type":"page","link":"https:\/\/conscasablanca.esteri.it\/fr\/servizi-consolari-e-visti\/servizi-per-il-cittadino-italiano\/servizi-notarili\/","title":{"rendered":"Services de notaire"},"content":{"rendered":"<p><strong>ACTES NOTARIAUX<\/strong><\/p>\n<p>Les citoyens italiens r\u00e9sidant dans la circonscription consulaire de Casablanca et inscrits \u00e0 l&rsquo;AIRE peuvent pr\u00e9senter des documents au Bureau Consulaire, sur rendez-vous pr\u00e9alable. Dans le cas des citoyens italiens de passage, le Bureau \u00e9valuera au cas par cas la n\u00e9cessit\u00e9 et l&rsquo;urgence du service demand\u00e9.<br \/>\nPour les citoyens \u00e9trangers, ils doivent s&rsquo;adresser \u00e0 un Notaire local.<\/p>\n<p>&nbsp;<\/p>\n<p>Lien d&rsquo;informations g\u00e9n\u00e9rales : <a href=\"https:\/\/www.esteri.it\/it\/servizi-consolari-e-visti\/italiani-all-estero\/attinotarili\/\">MAECI \u2013 Actes notariaux<\/a><\/p>\n","protected":false},"excerpt":{"rendered":"ACTES NOTARIAUX Les citoyens italiens r\u00e9sidant dans la circonscription consulaire de Casablanca et inscrits \u00e0 l&rsquo;AIRE peuvent pr\u00e9senter des documents au Bureau Consulaire, sur rendez-vous pr\u00e9alable. Dans le cas des citoyens italiens de passage, le Bureau \u00e9valuera au cas par cas la n\u00e9cessit\u00e9 et l&rsquo;urgence du service demand\u00e9. Pour les citoyens \u00e9trangers, ils doivent s&rsquo;adresser [&hellip;]","protected":false},"author":1,"featured_media":0,"parent":162,"menu_order":12,"comment_status":"closed","ping_status":"closed","template":"","meta":{"footnotes":""},"class_list":["post-171","page","type-page","status-publish","hentry"],"_links":{"self":[{"href":"https:\/\/conscasablanca.esteri.it\/fr\/wp-json\/wp\/v2\/pages\/171","targetHints":{"allow":["GET"]}}],"collection":[{"href":"https:\/\/conscasablanca.esteri.it\/fr\/wp-json\/wp\/v2\/pages"}],"about":[{"href":"https:\/\/conscasablanca.esteri.it\/fr\/wp-json\/wp\/v2\/types\/page"}],"author":[{"embeddable":true,"href":"https:\/\/conscasablanca.esteri.it\/fr\/wp-json\/wp\/v2\/users\/1"}],"replies":[{"embeddable":true,"href":"https:\/\/conscasablanca.esteri.it\/fr\/wp-json\/wp\/v2\/comments?post=171"}],"version-history":[{"count":4,"href":"https:\/\/conscasablanca.esteri.it\/fr\/wp-json\/wp\/v2\/pages\/171\/revisions"}],"predecessor-version":[{"id":1988,"href":"https:\/\/conscasablanca.esteri.it\/fr\/wp-json\/wp\/v2\/pages\/171\/revisions\/1988"}],"up":[{"embeddable":true,"href":"https:\/\/conscasablanca.esteri.it\/fr\/wp-json\/wp\/v2\/pages\/162"}],"wp:attachment":[{"href":"https:\/\/conscasablanca.esteri.it\/fr\/wp-json\/wp\/v2\/media?parent=171"}],"curies":[{"name":"wp","href":"https:\/\/api.w.org\/{rel}","templated":true}]}}