{"id":1708,"date":"2023-11-21T14:49:47","date_gmt":"2023-11-21T13:49:47","guid":{"rendered":"https:\/\/conscasablanca.esteri.it\/chi-siamo\/contatti\/in-linea-con-lutente\/prenota-un-appuntamento\/"},"modified":"2024-10-16T11:45:14","modified_gmt":"2024-10-16T10:45:14","slug":"prenota-un-appuntamento","status":"publish","type":"page","link":"https:\/\/conscasablanca.esteri.it\/fr\/chi-siamo\/contatti\/in-linea-con-lutente\/prenota-un-appuntamento\/","title":{"rendered":"Prenez un rendez-vous"},"content":{"rendered":"<p>Selon le service demand\u00e9, le rendez-vous peut \u00eatre demand\u00e9 :<\/p>\n<ul>\n<li>par email ;<\/li>\n<li>via la plateforme <a href=\"https:\/\/prenotami.esteri.it\/\">Prenotami<\/a> ;<\/li>\n<li>en s&rsquo;adressant, pour les visas, au service d&rsquo;externalisation VFS <a href=\"https:\/\/visa.vfsglobal.com\/mar\/fr\/ita\">https:\/\/visa.vfsglobal.com\/mar\/fr\/ita<\/a><\/li>\n<\/ul>\n<p>&nbsp;<\/p>\n<p>Depuis le 4 octobre 2021, le syst\u00e8me de r\u00e9servation en ligne Prenot@Mi est actif et disponible au lien <a href=\"https:\/\/prenotami.esteri.it\/\">Page d&rsquo;accueil \u2013 Prenot@Mi (esteri.it)<\/a> pour les services consulaires suivants :<\/p>\n<ul>\n<li>Passeports et titres de voyage<\/li>\n<li>D\u00e9clarations d&rsquo;accompagnement pour mineurs<\/li>\n<li>Consentements des parents pour la d\u00e9livrance de passeports pour mineurs<\/li>\n<li>Transcription des actes d&rsquo;\u00e9tat civil (naissance, mariage, etc.)<\/li>\n<li>D\u00e9livrance de code fiscal<\/li>\n<li>Renouvellement de permis de conduire<\/li>\n<li>D\u00e9clarations de valeur<\/li>\n<\/ul>\n<p>&nbsp;<\/p>\n<p>Pour acc\u00e9der au portail Prenot@Mi, il est n\u00e9cessaire de remplir d&rsquo;abord le formulaire d&rsquo;enregistrement. (Avant de commencer la navigation, il est conseill\u00e9 de lire attentivement le Manuel de l&rsquo;utilisateur.)<\/p>\n<p>Pour tout autre service consulaire diff\u00e9rent de ceux mentionn\u00e9s ci-dessus, il est possible de prendre rendez-vous par email aux adresses suivantes :<\/p>\n<ul>\n<li>pour les demandes de visa, <a href=\"https:\/\/visa.vfsglobal.com\/mar\/fr\/ita\">cliquez ici<\/a><\/li>\n<li>pour les autres services d&rsquo;\u00e9tat civil, d&rsquo;assistance sociale, de capacit\u00e9 de mariage ou autre, \u00e9crire \u00e0 : <a href=\"mailto:casablanca.consolare@esteri.it\">consolare@esteri.it<\/a><\/li>\n<li>pour la nationalit\u00e9, \u00e9crire \u00e0 : <a href=\"mailto:casablanca.cittadinanza@esteri.it\">cittadinanza@esteri.it<\/a><\/li>\n<\/ul>\n","protected":false},"excerpt":{"rendered":"Selon le service demand\u00e9, le rendez-vous peut \u00eatre demand\u00e9 : par email ; via la plateforme Prenotami ; en s&rsquo;adressant, pour les visas, au service d&rsquo;externalisation VFS https:\/\/visa.vfsglobal.com\/mar\/fr\/ita &nbsp; Depuis le 4 octobre 2021, le syst\u00e8me de r\u00e9servation en ligne Prenot@Mi est actif et disponible au lien Page d&rsquo;accueil \u2013 Prenot@Mi (esteri.it) pour les services [&hellip;]","protected":false},"author":3,"featured_media":0,"parent":1683,"menu_order":0,"comment_status":"closed","ping_status":"closed","template":"","meta":{"footnotes":""},"class_list":["post-1708","page","type-page","status-publish","hentry"],"_links":{"self":[{"href":"https:\/\/conscasablanca.esteri.it\/fr\/wp-json\/wp\/v2\/pages\/1708","targetHints":{"allow":["GET"]}}],"collection":[{"href":"https:\/\/conscasablanca.esteri.it\/fr\/wp-json\/wp\/v2\/pages"}],"about":[{"href":"https:\/\/conscasablanca.esteri.it\/fr\/wp-json\/wp\/v2\/types\/page"}],"author":[{"embeddable":true,"href":"https:\/\/conscasablanca.esteri.it\/fr\/wp-json\/wp\/v2\/users\/3"}],"replies":[{"embeddable":true,"href":"https:\/\/conscasablanca.esteri.it\/fr\/wp-json\/wp\/v2\/comments?post=1708"}],"version-history":[{"count":2,"href":"https:\/\/conscasablanca.esteri.it\/fr\/wp-json\/wp\/v2\/pages\/1708\/revisions"}],"predecessor-version":[{"id":2072,"href":"https:\/\/conscasablanca.esteri.it\/fr\/wp-json\/wp\/v2\/pages\/1708\/revisions\/2072"}],"up":[{"embeddable":true,"href":"https:\/\/conscasablanca.esteri.it\/fr\/wp-json\/wp\/v2\/pages\/1683"}],"wp:attachment":[{"href":"https:\/\/conscasablanca.esteri.it\/fr\/wp-json\/wp\/v2\/media?parent=1708"}],"curies":[{"name":"wp","href":"https:\/\/api.w.org\/{rel}","templated":true}]}}