{"id":1705,"date":"2023-11-21T14:59:28","date_gmt":"2023-11-21T13:59:28","guid":{"rendered":"https:\/\/conscasablanca.esteri.it\/chi-siamo\/contatti\/in-linea-con-lutente\/informazioni-utili\/smarrimento-o-furto-dei-documenti-di-viaggio\/"},"modified":"2024-10-10T12:11:42","modified_gmt":"2024-10-10T11:11:42","slug":"smarrimento-o-furto-dei-documenti-di-viaggio","status":"publish","type":"page","link":"https:\/\/conscasablanca.esteri.it\/fr\/chi-siamo\/contatti\/in-linea-con-lutente\/informazioni-utili\/smarrimento-o-furto-dei-documenti-di-viaggio\/","title":{"rendered":"Perte ou Vol des Documents de Voyage"},"content":{"rendered":"<p>Le Consulat G\u00e9n\u00e9ral peut d\u00e9livrer aux touristes italiens se trouvant dans cette circonscription consulaire un document provisoire appel\u00e9 E.T.D. (Emergency Travel Document), <strong>valable pour une dur\u00e9e maximale de 5 jours \u00e0 partir de la date de d\u00e9livrance, et uniquement pour le retour imm\u00e9diat et direct en Italie ou dans le pays de r\u00e9sidence habituelle, si inscrits \u00e0 l&rsquo;AIRE.<\/strong><\/p>\n<p>Pour obtenir un document de voyage, il est n\u00e9cessaire de se pr\u00e9senter au Consulat sans rendez-vous du lundi au jeudi de 9h \u00e0 13h.<\/p>\n<p><strong>REMARQUE : En dehors de ces horaires, il ne sera pas possible de d\u00e9livrer des ETD, sauf en cas d&rsquo;urgence particuli\u00e8re et av\u00e9r\u00e9e. <a href=\"https:\/\/conscasablanca.esteri.it\/it\/servizi-consolari-e-visti\/servizi-per-il-cittadino-italiano\/assistenza-ai-cittadini-allestero\/emergenze-consolari\/\">Cliquez ici<\/a>.<\/strong><\/p>\n<p>&nbsp;<\/p>\n<p><strong>ETD POUR MAJEURS. Documentation \u00e0 pr\u00e9senter :<\/strong><\/p>\n<ul>\n<li>D\u00e9claration de vol ou de perte du passeport effectu\u00e9e aupr\u00e8s de l&rsquo;Autorit\u00e9 de Police locale ;\n<ul>\n<li>Formulaire \u00e0 remplir au Consulat ;<\/li>\n<li>2 photos d&rsquo;identit\u00e9 en couleur ;<\/li>\n<li>Si disponible, un autre document d&rsquo;identit\u00e9 italien (par exemple : permis de conduire) ou la photocopie du passeport vol\u00e9\/perdu. \u00c0 d\u00e9faut, la pr\u00e9sence d&rsquo;un t\u00e9moin, muni d&rsquo;un document d&rsquo;identit\u00e9, capable d&rsquo;identifier le demandeur (dans ce cas, une troisi\u00e8me photo est requise). En l&rsquo;absence de t\u00e9moin et sans photocopie du passeport perdu\/vol\u00e9, et si jug\u00e9 n\u00e9cessaire, le Consulat G\u00e9n\u00e9ral se r\u00e9serve le droit de proc\u00e9der \u00e0 des v\u00e9rifications suppl\u00e9mentaires, et l&rsquo;ETD sera d\u00e9livr\u00e9 uniquement apr\u00e8s l&rsquo;issue de celles-ci ;<\/li>\n<li>Copie du titre de voyage (billet d&rsquo;avion, ou impression de la r\u00e9servation de voyage, ou carte d&#8217;embarquement) ;<\/li>\n<li>Le co\u00fbt d&rsquo;un ETD est de 1,55 euro (environ 18,00 dirhams actuellement).<\/li>\n<\/ul>\n<\/li>\n<\/ul>\n<p><strong>ETD POUR MINEURS. Documentation \u00e0 pr\u00e9senter :<\/strong><\/p>\n<p>En cas de perte\/vol du passeport de mineurs, les deux parents (ou leurs repr\u00e9sentants) devront demander le document de voyage provisoire selon la m\u00eame proc\u00e9dure, en se pr\u00e9sentant personnellement au Consulat G\u00e9n\u00e9ral avec l&rsquo;enfant.<\/p>\n<p>E-mail de bureau : <a href=\"mailto:casablanca.passaporti@esteri.it\">casablanca.passaporti@esteri.it<\/a><\/p>\n","protected":false},"excerpt":{"rendered":"Le Consulat G\u00e9n\u00e9ral peut d\u00e9livrer aux touristes italiens se trouvant dans cette circonscription consulaire un document provisoire appel\u00e9 E.T.D. (Emergency Travel Document), valable pour une dur\u00e9e maximale de 5 jours \u00e0 partir de la date de d\u00e9livrance, et uniquement pour le retour imm\u00e9diat et direct en Italie ou dans le pays de r\u00e9sidence habituelle, si [&hellip;]","protected":false},"author":3,"featured_media":0,"parent":1693,"menu_order":0,"comment_status":"closed","ping_status":"closed","template":"","meta":{"footnotes":""},"class_list":["post-1705","page","type-page","status-publish","hentry"],"_links":{"self":[{"href":"https:\/\/conscasablanca.esteri.it\/fr\/wp-json\/wp\/v2\/pages\/1705","targetHints":{"allow":["GET"]}}],"collection":[{"href":"https:\/\/conscasablanca.esteri.it\/fr\/wp-json\/wp\/v2\/pages"}],"about":[{"href":"https:\/\/conscasablanca.esteri.it\/fr\/wp-json\/wp\/v2\/types\/page"}],"author":[{"embeddable":true,"href":"https:\/\/conscasablanca.esteri.it\/fr\/wp-json\/wp\/v2\/users\/3"}],"replies":[{"embeddable":true,"href":"https:\/\/conscasablanca.esteri.it\/fr\/wp-json\/wp\/v2\/comments?post=1705"}],"version-history":[{"count":1,"href":"https:\/\/conscasablanca.esteri.it\/fr\/wp-json\/wp\/v2\/pages\/1705\/revisions"}],"predecessor-version":[{"id":1706,"href":"https:\/\/conscasablanca.esteri.it\/fr\/wp-json\/wp\/v2\/pages\/1705\/revisions\/1706"}],"up":[{"embeddable":true,"href":"https:\/\/conscasablanca.esteri.it\/fr\/wp-json\/wp\/v2\/pages\/1693"}],"wp:attachment":[{"href":"https:\/\/conscasablanca.esteri.it\/fr\/wp-json\/wp\/v2\/media?parent=1705"}],"curies":[{"name":"wp","href":"https:\/\/api.w.org\/{rel}","templated":true}]}}