{"id":1700,"date":"2023-11-21T14:56:06","date_gmt":"2023-11-21T13:56:06","guid":{"rendered":"https:\/\/conscasablanca.esteri.it\/chi-siamo\/contatti\/in-linea-con-lutente\/informazioni-utili\/liste-dei-professionisti-di-riferimento\/"},"modified":"2025-11-10T16:16:08","modified_gmt":"2025-11-10T15:16:08","slug":"liste-dei-professionisti-di-riferimento","status":"publish","type":"page","link":"https:\/\/conscasablanca.esteri.it\/fr\/chi-siamo\/contatti\/in-linea-con-lutente\/informazioni-utili\/liste-dei-professionisti-di-riferimento\/","title":{"rendered":"Liste des Professionnels de R\u00e9f\u00e9rence"},"content":{"rendered":"<p><strong>AVOCATS DE R\u00c9F\u00c9RENCE<\/strong><\/p>\n<p>Le Consulat G\u00e9n\u00e9ral d&rsquo;Italie informe le public que les coordonn\u00e9es des Avocats de r\u00e9f\u00e9rence sont les suivantes :<\/p>\n<div class=\"responsive\">\n<table class=\"table table-bordered table-sm export-table\" width=\"812\">\n<tbody>\n<tr class=\"thead-light\">\n<td width=\"115\">\u00a0Maitre Lah\u00e7en FARAHY<\/td>\n<td width=\"94\">0522.67.45.42\u00a0 0661.42.78.39<\/td>\n<td width=\"299\">Bd Med Jamal Eddora- Res. Al Hamid Bur 3 \u2013 Belvedere<\/td>\n<td width=\"230\"><a href=\"mailto:maitrefarahy@gmail.com\">maitrefarahy@gmail.com<\/a><\/td>\n<\/tr>\n<tr>\n<td width=\"115\">Maitre Meriem JAMALI IDRISSI<\/td>\n<td width=\"94\">0520.04.05.61 0664.91.11.11<\/td>\n<td width=\"299\">22, rue des provins \u2013 Bd de la Resistance Bur 10- Belvedere<\/td>\n<td width=\"230\"><a href=\"mailto:cabinetavocatidrissi@gmail.com\">cabinetavocatidrissi@gmail.com<\/a><\/td>\n<\/tr>\n<\/tbody>\n<\/table>\n<\/div>\n<p><strong>M\u00c9DECINS DE CONFIANCE<\/strong><\/p>\n<p>Le Consulat G\u00e9n\u00e9ral d&rsquo;Italie informe le public que les coordonn\u00e9es des M\u00e9decins de confiance sont les suivantes : <a href=\"https:\/\/conscasablanca.esteri.it\/wp-content\/uploads\/2023\/10\/elenco_medici_di_fiducia.pdf\">Cliquez ici<\/a>.<\/p>\n<p><strong>TRADUCTEURS ASSERMENT\u00c9S AUPR\u00c8S DES TRIBUNAUX DU MAROC<\/strong><\/p>\n<p>Pour la liste et les coordonn\u00e9es, <a href=\"https:\/\/atajtraduction.ma\/fr\/Traducteurs.aspx?v=-1&amp;l=Italien&amp;n=-1\">cliquez ici<\/a>.<\/p>\n<p>Type de documents traduits par les traducteurs asserment\u00e9s :<\/p>\n<ul>\n<li>Documentation d\u00e9livr\u00e9e par les autorit\u00e9s marocaines exclusivement en langue arabe (jugements, actes judiciaires, actes notari\u00e9s \u2013 d\u00e9livr\u00e9s par des Notaires de droit musulman) ;<\/li>\n<li>Actes administratifs et d&rsquo;\u00e9tat civil bilingue (arabe et fran\u00e7ais) ou uniquement en langue fran\u00e7aise.<\/li>\n<\/ul>\n","protected":false},"excerpt":{"rendered":"AVOCATS DE R\u00c9F\u00c9RENCE Le Consulat G\u00e9n\u00e9ral d&rsquo;Italie informe le public que les coordonn\u00e9es des Avocats de r\u00e9f\u00e9rence sont les suivantes : \u00a0Maitre Lah\u00e7en FARAHY 0522.67.45.42\u00a0 0661.42.78.39 Bd Med Jamal Eddora- Res. Al Hamid Bur 3 \u2013 Belvedere maitrefarahy@gmail.com Maitre Meriem JAMALI IDRISSI 0520.04.05.61 0664.91.11.11 22, rue des provins \u2013 Bd de la Resistance Bur 10- [&hellip;]","protected":false},"author":3,"featured_media":0,"parent":1693,"menu_order":0,"comment_status":"closed","ping_status":"closed","template":"","meta":{"footnotes":""},"class_list":["post-1700","page","type-page","status-publish","hentry"],"_links":{"self":[{"href":"https:\/\/conscasablanca.esteri.it\/fr\/wp-json\/wp\/v2\/pages\/1700","targetHints":{"allow":["GET"]}}],"collection":[{"href":"https:\/\/conscasablanca.esteri.it\/fr\/wp-json\/wp\/v2\/pages"}],"about":[{"href":"https:\/\/conscasablanca.esteri.it\/fr\/wp-json\/wp\/v2\/types\/page"}],"author":[{"embeddable":true,"href":"https:\/\/conscasablanca.esteri.it\/fr\/wp-json\/wp\/v2\/users\/3"}],"replies":[{"embeddable":true,"href":"https:\/\/conscasablanca.esteri.it\/fr\/wp-json\/wp\/v2\/comments?post=1700"}],"version-history":[{"count":5,"href":"https:\/\/conscasablanca.esteri.it\/fr\/wp-json\/wp\/v2\/pages\/1700\/revisions"}],"predecessor-version":[{"id":2801,"href":"https:\/\/conscasablanca.esteri.it\/fr\/wp-json\/wp\/v2\/pages\/1700\/revisions\/2801"}],"up":[{"embeddable":true,"href":"https:\/\/conscasablanca.esteri.it\/fr\/wp-json\/wp\/v2\/pages\/1693"}],"wp:attachment":[{"href":"https:\/\/conscasablanca.esteri.it\/fr\/wp-json\/wp\/v2\/media?parent=1700"}],"curies":[{"name":"wp","href":"https:\/\/api.w.org\/{rel}","templated":true}]}}