{"id":170,"date":"2023-04-03T19:29:28","date_gmt":"2023-04-03T19:29:28","guid":{"rendered":"https:\/\/conscasablanca.esteri.it\/servizi-consolari-e-visti\/servizi-per-il-cittadino-italiano\/servizi-elettorali\/"},"modified":"2024-10-15T12:18:21","modified_gmt":"2024-10-15T11:18:21","slug":"servizi-elettorali","status":"publish","type":"page","link":"https:\/\/conscasablanca.esteri.it\/fr\/servizi-consolari-e-visti\/servizi-per-il-cittadino-italiano\/servizi-elettorali\/","title":{"rendered":"Services \u00e9lectoraux"},"content":{"rendered":"<p>Conform\u00e9ment \u00e0 la loi 459\/2001 et au r\u00e8glement d&rsquo;ex\u00e9cution DPR 104\/2003, les citoyens italiens r\u00e9sidant \u00e0 l&rsquo;\u00e9tranger et inscrits \u00e0 l&rsquo;AIRE votent dans la <u>circonscription \u00c9tranger<\/u> pour l&rsquo;<u>\u00e9lection de la Chambre des d\u00e9put\u00e9s et du S\u00e9nat de la R\u00e9publique<\/u>, ainsi que pour les <u>r\u00e9f\u00e9rendums<\/u> vis\u00e9s aux articles 75 et 138 de la Constitution.<\/p>\n<p>Dans le cadre de la Circonscription \u00c9tranger, les quatre sections suivantes sont identifi\u00e9es :<\/p>\n<ul>\n<li>Europe, y compris les territoires asiatiques de la F\u00e9d\u00e9ration de Russie et de la Turquie ;<\/li>\n<li>Am\u00e9rique du Sud ;<\/li>\n<li>Am\u00e9rique du Nord et centrale ;<\/li>\n<li>Afrique, Asie, Oc\u00e9anie et Antarctique.<\/li>\n<\/ul>\n<p>Le nombre de parlementaires \u00e9lus dans la circonscription \u00c9tranger est actuellement de 12 (8 D\u00e9put\u00e9s et 4 S\u00e9nateurs).<\/p>\n<p>CAT\u00c9GORIES D&rsquo;\u00c9LECTEURS<\/p>\n<ol>\n<li>Les citoyens italiens r\u00e9sidant \u00e0 l&rsquo;\u00e9tranger, inscrits \u00e0 l&rsquo;AIRE et sur les listes \u00e9lectorales, ayant atteint l&rsquo;\u00e2ge de 18 ans, peuvent voter \u00e0 l&rsquo;\u00e9tranger.<\/li>\n<li>Les citoyens italiens qui, pour des raisons de travail, d&rsquo;\u00e9tudes ou de soins m\u00e9dicaux, se trouvent TEMPORAIREMENT, pour une p\u00e9riode d&rsquo;au moins trois mois incluant la date de la consultation \u00e9lectorale, dans un pays \u00e9tranger o\u00f9 ils ne sont pas officiellement r\u00e9sidents selon la loi du 27 octobre 1988, n\u00b0 470, peuvent voter par correspondance dans la circonscription \u00c9tranger, sous r\u00e9serve d&rsquo;une option valable pour une seule consultation \u00e9lectorale. De la m\u00eame mani\u00e8re, les membres de la famille vivant avec ces citoyens peuvent \u00e9galement voter. L&rsquo;option sign\u00e9e par l&rsquo;\u00e9lecteur et accompagn\u00e9e d&rsquo;une copie d&rsquo;une pi\u00e8ce d&rsquo;identit\u00e9 en cours de validit\u00e9, doit parvenir \u00e0 la commune d&rsquo;inscription \u00e9lectorale (et NON aux bureaux consulaires) au plus tard le trente-deuxi\u00e8me jour pr\u00e9c\u00e9dant la date de la consultation \u00e9lectorale en Italie. La demande peut \u00eatre r\u00e9voqu\u00e9e dans le m\u00eame d\u00e9lai et est valable pour une seule consultation.<\/li>\n<\/ol>\n<p>Lien d&rsquo;informations g\u00e9n\u00e9rales : <a href=\"https:\/\/www.esteri.it\/it\/servizi-consolari-e-visti\/italiani-all-estero\/votoestero\/\">MAECI \u2013 Vote \u00e0 l&rsquo;\u00e9tranger<\/a><\/p>\n","protected":false},"excerpt":{"rendered":"Conform\u00e9ment \u00e0 la loi 459\/2001 et au r\u00e8glement d&rsquo;ex\u00e9cution DPR 104\/2003, les citoyens italiens r\u00e9sidant \u00e0 l&rsquo;\u00e9tranger et inscrits \u00e0 l&rsquo;AIRE votent dans la circonscription \u00c9tranger pour l&rsquo;\u00e9lection de la Chambre des d\u00e9put\u00e9s et du S\u00e9nat de la R\u00e9publique, ainsi que pour les r\u00e9f\u00e9rendums vis\u00e9s aux articles 75 et 138 de la Constitution. Dans le [&hellip;]","protected":false},"author":1,"featured_media":0,"parent":162,"menu_order":10,"comment_status":"closed","ping_status":"closed","template":"","meta":{"footnotes":""},"class_list":["post-170","page","type-page","status-publish","hentry"],"_links":{"self":[{"href":"https:\/\/conscasablanca.esteri.it\/fr\/wp-json\/wp\/v2\/pages\/170","targetHints":{"allow":["GET"]}}],"collection":[{"href":"https:\/\/conscasablanca.esteri.it\/fr\/wp-json\/wp\/v2\/pages"}],"about":[{"href":"https:\/\/conscasablanca.esteri.it\/fr\/wp-json\/wp\/v2\/types\/page"}],"author":[{"embeddable":true,"href":"https:\/\/conscasablanca.esteri.it\/fr\/wp-json\/wp\/v2\/users\/1"}],"replies":[{"embeddable":true,"href":"https:\/\/conscasablanca.esteri.it\/fr\/wp-json\/wp\/v2\/comments?post=170"}],"version-history":[{"count":2,"href":"https:\/\/conscasablanca.esteri.it\/fr\/wp-json\/wp\/v2\/pages\/170\/revisions"}],"predecessor-version":[{"id":1947,"href":"https:\/\/conscasablanca.esteri.it\/fr\/wp-json\/wp\/v2\/pages\/170\/revisions\/1947"}],"up":[{"embeddable":true,"href":"https:\/\/conscasablanca.esteri.it\/fr\/wp-json\/wp\/v2\/pages\/162"}],"wp:attachment":[{"href":"https:\/\/conscasablanca.esteri.it\/fr\/wp-json\/wp\/v2\/media?parent=170"}],"curies":[{"name":"wp","href":"https:\/\/api.w.org\/{rel}","templated":true}]}}