{"id":1696,"date":"2023-11-21T14:54:27","date_gmt":"2023-11-21T13:54:27","guid":{"rendered":"https:\/\/conscasablanca.esteri.it\/chi-siamo\/contatti\/in-linea-con-lutente\/informazioni-utili\/consigli-di-viaggio\/"},"modified":"2024-10-10T12:08:14","modified_gmt":"2024-10-10T11:08:14","slug":"consigli-di-viaggio","status":"publish","type":"page","link":"https:\/\/conscasablanca.esteri.it\/fr\/chi-siamo\/contatti\/in-linea-con-lutente\/informazioni-utili\/consigli-di-viaggio\/","title":{"rendered":"Conseils de Voyage"},"content":{"rendered":"<p>Nous invitons nos compatriotes qui souhaitent se rendre au Maroc \u00e0 pr\u00eater une attention particuli\u00e8re \u00e0 l&rsquo;organisation de leur voyage, et \u00e0 visiter le site <a href=\"http:\/\/www.viaggiaresicuri.it\/\">Viaggiare Sicuri<\/a> pour toute information utile. Nous sugg\u00e9rons, en particulier :<\/p>\n<ol>\n<li>Pour un s\u00e9jour ne d\u00e9passant pas trois mois, un passeport valide est n\u00e9cessaire (au moins pour la dur\u00e9e du s\u00e9jour au Maroc). Pour plus d&rsquo;informations sur la documentation n\u00e9cessaire pour entrer dans le pays, contactez l&rsquo;Ambassade du Royaume du Maroc en Italie, T\u00e9l : (+39) 06.855080201\/02\/03\/04 ; e-mail : ambmaroccoroma@maec.gov.ma, ou visitez <a href=\"https:\/\/www.ambasciatamarocco.it\">https:\/\/www.ambasciatamarocco.it<\/a>.<\/li>\n<\/ol>\n<p>Les voyageurs \u00e9trangers non r\u00e9sidents au Maroc peuvent \u00eatre invit\u00e9s \u00e0 pr\u00e9senter aux autorit\u00e9s marocaines comp\u00e9tentes dans les a\u00e9roports nationaux un billet de retour ainsi que des preuves de moyens \u00e9conomiques suffisants pour leur s\u00e9jour dans le Royaume.<\/p>\n<p>Pour les citoyens italiens, le visa n&rsquo;est pas n\u00e9cessaire si le s\u00e9jour est inf\u00e9rieur \u00e0 90 jours ; si ce d\u00e9lai est d\u00e9pass\u00e9 pour un s\u00e9jour touristique, des difficult\u00e9s pourraient survenir lors de la sortie du Maroc et des amendes pourraient \u00eatre appliqu\u00e9es.<\/p>\n<p>&nbsp;<\/p>\n<ol start=\"2\">\n<li>Souscrire une assurance sant\u00e9 internationale qui couvre \u00e9galement le rapatriement d&rsquo;urgence en cas de maladie.<\/li>\n<\/ol>\n<p>&nbsp;<\/p>\n<ol start=\"3\">\n<li>S&rsquo;enregistrer sur le site <a href=\"https:\/\/www.dovesiamonelmondo.it\/\">Dove Siamo Nel Mondo<\/a> en notifiant sa pr\u00e9sence (dates d&rsquo;arriv\u00e9e et de d\u00e9part, lieux de s\u00e9jour) afin de pouvoir \u00eatre contact\u00e9 en cas d&rsquo;urgence. Avant de partir, faire des photocopies des documents de voyage pour \u00e9viter de se retrouver sans aucun soutien en cas de vol ou de perte ; ne pas porter tous les documents sur soi, mais plut\u00f4t utiliser des photocopies ; ne pas laisser ses effets personnels sans surveillance.<\/li>\n<\/ol>\n<p>&nbsp;<\/p>\n<p>QUE FAIRE EN CAS DE :<\/p>\n<p>&nbsp;<\/p>\n<ol>\n<li>VOL OU PERTE DE DOCUMENTS : Le Consulat G\u00e9n\u00e9ral \u00e0 Casablanca peut d\u00e9livrer un document de voyage temporaire (E.T.D.) pour le retour en Italie (sans rendez-vous du lundi au jeudi de 9h \u00e0 13h). Pour les cas d&rsquo;urgence av\u00e9r\u00e9e en dehors de ces horaires, consulter les <a href=\"https:\/\/conscasablanca.esteri.it\/it\/servizi-consolari-e-visti\/servizi-per-il-cittadino-italiano\/assistenza-ai-cittadini-allestero\/emergenze-consolari\/\">Urgences Consulaires<\/a>. En cas de vol ou de perte de cartes de cr\u00e9dit, il est conseill\u00e9 de les bloquer rapidement pour \u00e9viter un usage frauduleux. Si vous vous retrouvez en difficult\u00e9 financi\u00e8re, pour obtenir rapidement un envoi d&rsquo;argent depuis l&rsquo;Italie, il est conseill\u00e9 de se tourner vers une agence sp\u00e9cialis\u00e9e telle que \u00ab\u00a0Western Union\u00a0\u00bb (pour des informations, consulter le site westernunion.it ou appeler depuis l&rsquo;Italie au 800 789 124, disponible de 8h00 \u00e0 23h00 ; depuis l&rsquo;\u00e9tranger, appeler le +322 639 7065). Si le destinataire ne poss\u00e8de pas de pi\u00e8ce d&rsquo;identit\u00e9, il devra convenir avec Western Union d&rsquo;un mot de passe qui sera demand\u00e9 au moment du paiement.<\/li>\n<\/ol>\n<p>&nbsp;<\/p>\n<ol start=\"2\">\n<li>MALADIE OU ACCIDENT : Les \u00e9tablissements publics ne r\u00e9pondent pas aux normes europ\u00e9ennes, il sera donc n\u00e9cessaire d&rsquo;\u00eatre hospitalis\u00e9 dans une structure priv\u00e9e. ON RENFORCE LA N\u00c9CESSIT\u00c9 DE SOUSCRIRE UNE ASSURANCE SANT\u00c9 INTERNATIONALE QUI COUVRE \u00c9GALEMENT LE RAPATRIEMENT EN CAS D&rsquo;\u00c9V\u00c9NEMENTS REQUIERANT DES SOINS, DES INTERVENTIONS OU DES \u00c9QUIPEMENTS NON DISPONIBLES M\u00caME DANS DES \u00c9TABLISSEMENTS PRIV\u00c9S.<\/li>\n<\/ol>\n<p>&nbsp;<\/p>\n<ol start=\"3\">\n<li>VICTIME D&rsquo;UN CRIME : D\u00e9poser une plainte au commissariat de police le plus proche. Pour contacter la police, composer le 19 depuis un t\u00e9l\u00e9phone fixe et le 112 depuis un t\u00e9l\u00e9phone mobile, pour la Gendarmerie, composer le 177. Il peut \u00eatre n\u00e9cessaire de faire appel \u00e0 un avocat professionnel.<\/li>\n<\/ol>\n<p>&nbsp;<\/p>\n<ol start=\"4\">\n<li>POUR CEUX QUI SE RENDENT AU MAROC EN VOITURE : Les assurances automobiles italiennes ne couvrent pas les risques sur le territoire du Royaume du Maroc. Toutefois, il est possible de souscrire une assurance \u00e0 l&rsquo;entr\u00e9e du pays (Tanger, Ceuta). Si le v\u00e9hicule ne appartient pas au conducteur, une procuration d\u00e9livr\u00e9e par le propri\u00e9taire du v\u00e9hicule (authentifi\u00e9e par un notaire ou aupr\u00e8s de la commune de r\u00e9sidence) traduite en fran\u00e7ais est indispensable. En entrant au Maroc avec un v\u00e9hicule, celui-ci sera enregistr\u00e9 dans le syst\u00e8me informatique des Douanes et appara\u00eetra sur les ordinateurs de tous les postes fronti\u00e8res marocains. Le touriste qui tente de quitter le Maroc sans le v\u00e9hicule avec lequel il est arriv\u00e9 sera retenu par la police des fronti\u00e8res. Il est donc impossible, sauf proc\u00e9dure douani\u00e8re complexe, d&rsquo;entrer avec une voiture et de repartir sans elle. En cas d&rsquo;accident rendant le v\u00e9hicule intransportable ou inutilisable, il est n\u00e9cessaire de s&rsquo;adresser aux autorit\u00e9s de police pour obtenir un certificat indispensable afin de passer la douane sans la voiture. Il est \u00e9galement strictement interdit de vendre ou de donner son v\u00e9hicule au Maroc sans avoir compl\u00e9t\u00e9 une longue et co\u00fbteuse proc\u00e9dure de d\u00e9douanement. Le permis de conduire italien, valide, permet de conduire au Maroc pendant un maximum de 3 mois.<\/li>\n<\/ol>\n<p>&nbsp;<\/p>\n<p>AVIS : La consommation ou la d\u00e9tention de drogues, la possession de mat\u00e9riel pornographique, l&rsquo;homosexualit\u00e9, la prostitution et les relations sexuelles hors mariage, m\u00eame entre adultes consentants, sont interdites au Maroc et constituent un crime pouvant entra\u00eener, en plus d&rsquo;une arrestation, une d\u00e9tention pr\u00e9ventive. Les sanctions sont aggrav\u00e9es si des mineurs sont impliqu\u00e9s.<\/p>\n<p>&nbsp;<\/p>\n<p>En outre, il est recommand\u00e9 de :<\/p>\n<ul>\n<li>\u00e9viter d&rsquo;entrer dans les mosqu\u00e9es r\u00e9serv\u00e9es aux musulmans (sauf \u00e0 la Grande Mosqu\u00e9e Hassan II de Casablanca) ;<\/li>\n<li>\u00e9viter les sujets sensibles d&rsquo;ordre politique ou religieux (y compris les critiques \u00e0 l&rsquo;\u00e9gard du roi ou de la famille royale) ;<\/li>\n<li>ne pas consommer d&rsquo;alcool en public, surtout pendant le Ramadan.<\/li>\n<\/ul>\n<p>&nbsp;<\/p>\n<p>NOUS RAPPELONS \u00c0 NOS CONCITOYENS QUE LE CONSULAT G\u00c9N\u00c9RAL <strong>PEUT<\/strong> INTERVENIR DANS LES CAS SUIVANTS :<\/p>\n<p>&nbsp;<\/p>\n<ul>\n<li>d\u00e9livrance d&rsquo;un document de voyage temporaire (ETD) \u2013 valable pour le retour en Italie ou dans son pays de r\u00e9sidence si on est inscrit \u00e0 l&rsquo;AIRE ;<\/li>\n<li>assistance aux compatriotes touristes ou voyageurs en transit, victimes de vols et d&rsquo;accidents se trouvant dans un \u00e9tat de difficult\u00e9 temporaire ;<\/li>\n<li>octroi d&rsquo;un pr\u00eat avec promesse de remboursement, ou aide \u00e0 retrouver d&rsquo;\u00e9ventuels membres de la famille en Italie en cas d&rsquo;accident.<\/li>\n<\/ul>\n<p>&nbsp;<\/p>\n<p>NOUS RAPPELONS \u00c0 NOS CONCITOYENS QUE LE CONSULAT G\u00c9N\u00c9RAL <strong>NE PEUT PAS<\/strong> INTERVENIR DANS LES CAS SUIVANTS :<\/p>\n<p>&nbsp;<\/p>\n<ul>\n<li>financer la poursuite du s\u00e9jour en cas de perte d&rsquo;argent ;<\/li>\n<li>payer des dettes contract\u00e9es avec des h\u00f4tels ou des h\u00f4pitaux ;<\/li>\n<li>payer des amendes ou des cautions ;<\/li>\n<li>fournir des avances ou honoraires \u00e0 des avocats ou autres professionnels ;<\/li>\n<li>assumer les frais de transport en cas de rapatriement sanitaire ou de corps.<\/li>\n<\/ul>\n<p>&nbsp;<\/p>\n<p>La circonscription du Consulat G\u00e9n\u00e9ral de Casablanca couvre 85 % du territoire du Royaume du Maroc, il est donc \u00e9galement fait appel \u00e0 la collaboration du <a href=\"https:\/\/conscasablanca.esteri.it\/it\/chi-siamo\/la-rete-consolare\/\">R\u00e9seau Consulaire Honoraire<\/a>.<\/p>\n","protected":false},"excerpt":{"rendered":"Nous invitons nos compatriotes qui souhaitent se rendre au Maroc \u00e0 pr\u00eater une attention particuli\u00e8re \u00e0 l&rsquo;organisation de leur voyage, et \u00e0 visiter le site Viaggiare Sicuri pour toute information utile. Nous sugg\u00e9rons, en particulier : Pour un s\u00e9jour ne d\u00e9passant pas trois mois, un passeport valide est n\u00e9cessaire (au moins pour la dur\u00e9e du [&hellip;]","protected":false},"author":3,"featured_media":0,"parent":1693,"menu_order":0,"comment_status":"closed","ping_status":"closed","template":"","meta":{"footnotes":""},"class_list":["post-1696","page","type-page","status-publish","hentry"],"_links":{"self":[{"href":"https:\/\/conscasablanca.esteri.it\/fr\/wp-json\/wp\/v2\/pages\/1696","targetHints":{"allow":["GET"]}}],"collection":[{"href":"https:\/\/conscasablanca.esteri.it\/fr\/wp-json\/wp\/v2\/pages"}],"about":[{"href":"https:\/\/conscasablanca.esteri.it\/fr\/wp-json\/wp\/v2\/types\/page"}],"author":[{"embeddable":true,"href":"https:\/\/conscasablanca.esteri.it\/fr\/wp-json\/wp\/v2\/users\/3"}],"replies":[{"embeddable":true,"href":"https:\/\/conscasablanca.esteri.it\/fr\/wp-json\/wp\/v2\/comments?post=1696"}],"version-history":[{"count":1,"href":"https:\/\/conscasablanca.esteri.it\/fr\/wp-json\/wp\/v2\/pages\/1696\/revisions"}],"predecessor-version":[{"id":1699,"href":"https:\/\/conscasablanca.esteri.it\/fr\/wp-json\/wp\/v2\/pages\/1696\/revisions\/1699"}],"up":[{"embeddable":true,"href":"https:\/\/conscasablanca.esteri.it\/fr\/wp-json\/wp\/v2\/pages\/1693"}],"wp:attachment":[{"href":"https:\/\/conscasablanca.esteri.it\/fr\/wp-json\/wp\/v2\/media?parent=1696"}],"curies":[{"name":"wp","href":"https:\/\/api.w.org\/{rel}","templated":true}]}}